{"id":15204,"date":"2024-04-19T15:50:33","date_gmt":"2024-04-19T13:50:33","guid":{"rendered":"https:\/\/www.ranqer.com\/?page_id=15204"},"modified":"2024-04-26T16:56:33","modified_gmt":"2024-04-26T14:56:33","slug":"ranqer-brazo-monitor-single","status":"publish","type":"page","link":"https:\/\/www.ranqer.com\/es\/ranqer-brazo-monitor-single\/","title":{"rendered":"Ranqer Monitor Arm Single"},"content":{"rendered":"<div class=\"section--product-highlight wf-section\">\n    <div class=\"container w-container\">\n      <div class=\"product-highlight__grid\">\n        <div class=\"product-highlight__column\">\n          <div class=\"product-highlight__image-wrapper\">\n              <img decoding=\"async\" src=\"https:\/\/www.ranqer.com\/wp-content\/uploads\/2024\/02\/Ranqer-Monitor-Single-Arm-zwart_.png\" loading=\"lazy\" sizes=\"100vw\" alt=\"Ranqer Brazo Monitor Single \" class=\"product-highlight__img\">\n                                <img decoding=\"async\" src=\"https:\/\/www.ranqer.com\/wp-content\/themes\/vallonic-ranqer\/dist\/images\/vallonic__ranqer-com__product-highlight__backdrop-single-color2x_fceffc2a.png\" loading=\"lazy\" sizes=\"100vw\" alt=\"\" class=\"product-highlight__background\">\n                        <\/div>\n        <\/div>\n        <div class=\"product-highlight__column\">\n          <div class=\"product-highlight__details\">\n            <h2 class=\"product-highlight__h2\">\n                                                                BRAZO MONITOR SIMPLEMENTE <span class=\"product-highlight__h2__orange\">ERGON\u00d3MICO<\/span>\n            <\/h2>\n            <h1 class=\"product-highlight__h1\">\n                Ranqer Brazo Monitor Single \n            <\/h1>\n            <p class=\"product-highlight__desc\">\n                El brazo para un monitor Ranqer tiene un dise\u00f1o sencillo pero robusto que se integra perfectamente en cualquier configuraci\u00f3n. Su perfil elegante y su construcci\u00f3n minimalista combinan sin esfuerzo con tu decoraci\u00f3n actual, ofreciendo una capacidad de ajuste sin precedentes sin comprometer el estilo. \r\n\r\nSu dise\u00f1o intuitivo y las instrucciones f\u00e1ciles de seguir hacen que la instalaci\u00f3n sea un juego de ni\u00f1os, lo que te permite personalizar sin esfuerzo la colocaci\u00f3n del monitor a tu posici\u00f3n ergon\u00f3mica preferida. \r\n\r\nExperimenta la comodidad ergon\u00f3mica como nunca antes, tanto si est\u00e1s inmerso en intensas batallas de gaming como si te enfrentas a las tareas cotidianas. Desp\u00eddete de la tensi\u00f3n en el cuello y da la bienvenida a una mayor productividad con el brazo para un monitor Ranqer. \n            <\/p>\n            <a href=\"#\" data-scroll=\"section--dealers\" class=\"product-highlight__button\">\n                Shop Online\n            <\/a>\n            <div class=\"product-highlight__actions\">\n                                <a\n                      class=\"product-highlight__single-action\"\n                      href=\"#\"\n                      data-scroll=\"detail-shots__section\"\n                  >\n                      Descubre m\u00e1s \u2192\n                  <\/a>\n                            \n            <\/div>\n          <\/div>\n        <\/div>\n      <\/div>\n    <\/div>\n            <div class=\"product-highlight__bottom-border\"><\/div>\n        \n    <img decoding=\"async\" src=\"https:\/\/www.ranqer.com\/wp-content\/themes\/vallonic-ranqer\/dist\/images\/vallonic__ranqer-com__product-highlight__decorative-elements_7b623bd8.svg\" loading=\"lazy\" alt=\"\" class=\"product-highlight__decoration\">\n<\/div>\n\n\n<div class=\"section--detail-shots wf-section\">\n    <div class=\"container w-container\">\n        <h2 class=\"generic-typography__section-title\">\n                                                LA CALIDAD\u00a0<span class=\"collection__title__orange\">PROMETIDA POR RANQER<\/span>\n        <\/h2>\n    <\/div>\n                                    \n\n              <div class=\"detail-shots__section is--first\">\n                  <div class=\"detail-shots__image-column\">\n                      <img decoding=\"async\" src=\"https:\/\/www.ranqer.com\/wp-content\/uploads\/2024\/02\/Ranqer-monitor-mount-with-screen-detail-shot.png\" loading=\"lazy\" alt=\"\" class=\"detail-shots__single-image\">\n                  <\/div>\n                  <div class=\"detail-shots__desc-column is--right\">\n                      <div class=\"detail-shots__desc-column__inner is--right\">\n                          <h3 class=\"detail-shots__desc-title\">\n                              AJUSTABLE\n                          <\/h3>\n                          <h4 class=\"generic-typography__sub-title bottom--15 top--0\">\n                              Coloca los monitores a tu gusto\n                          <\/h4>\n                          <p class=\"generic-typography__paragraph\">\n                              Descubre la inigualable versatilidad del brazo para un monitor Ranqer para optimizar tu espacio de trabajo. Fabricado con ingenier\u00eda de precisi\u00f3n, este brazo para monitor ofrece un ajuste de altura personalizable, lo que le permite elevar o bajar la pantalla sin esfuerzo hasta el nivel de los ojos que desee. Su funci\u00f3n de inclinaci\u00f3n flexible te permite inclinar el monitor hacia delante o hacia atr\u00e1s para una comodidad de visualizaci\u00f3n \u00f3ptima, reduciendo la tensi\u00f3n en el cuello y mejorando la productividad. Con la capacidad de giro de 180 grados, puedes girar f\u00e1cilmente el monitor para compartir contenidos con los compa\u00f1eros o cambiar entre las orientaciones horizontal y vertical.\n                          <\/p>\n                      <\/div>\n                  <\/div>\n              <\/div>\n                                                            <div class=\"detail-shots__section \">\n                    <div class=\"detail-shots__desc-column is--left\">\n                        <div class=\"detail-shots__desc-column__inner is--left\">\n                            <h3 class=\"detail-shots__desc-title\">\n                                Dise\u00f1o que ahorra espacio\n                            <\/h3>\n                            <h4 class=\"generic-typography__sub-title bottom--15 top--0\">\n                                M\u00e1s espacio para las cosas importantes\n                            <\/h4>\n                            <p class=\"generic-typography__paragraph\">\n                                Con su dise\u00f1o que ahorra espacio, el brazo para un monitor Ranqer ayuda a optimizar el espacio del escritorio montando de forma segura el monitor por encima de la superficie, liberando valioso espacio para otros elementos esenciales y promoviendo un espacio de trabajo limpio y eficiente.\n                            <\/p>\n                        <\/div>\n                    <\/div>\n                    <div class=\"detail-shots__image-column\">\n                        <img decoding=\"async\" src=\"https:\/\/www.ranqer.com\/wp-content\/uploads\/2024\/02\/ranqer_monitor_arm_single_black_13.png\" loading=\"lazy\" alt=\"\" class=\"detail-shots__single-image\">\n                    <\/div>\n                <\/div>\n                                            \n\n              <div class=\"detail-shots__section \">\n                  <div class=\"detail-shots__image-column\">\n                      <img decoding=\"async\" src=\"https:\/\/www.ranqer.com\/wp-content\/uploads\/2024\/02\/ranqer_monitor_arm_single_black_12.webp\" loading=\"lazy\" alt=\"\" class=\"detail-shots__single-image\">\n                  <\/div>\n                  <div class=\"detail-shots__desc-column is--right\">\n                      <div class=\"detail-shots__desc-column__inner is--right\">\n                          <h3 class=\"detail-shots__desc-title\">\n                              Sistema de gesti\u00f3n de cables\n                          <\/h3>\n                          <h4 class=\"generic-typography__sub-title bottom--15 top--0\">\n                              Crea un escritorio libre de desorden\n                          <\/h4>\n                          <p class=\"generic-typography__paragraph\">\n                              Este brazo para monitor cuenta con un sistema integrado de gesti\u00f3n de cables, que mantiene tu espacio de trabajo ordenado y organizado ocultando cables y cordones, reduciendo as\u00ed el desorden y mejorando la est\u00e9tica.\n                          <\/p>\n                      <\/div>\n                  <\/div>\n              <\/div>\n                        <\/div>\n\n\n<div class=\"section--double-p wf-section\">\n    <div class=\"container w-container\">\n        <div class=\"double-p__title-wrapper\">\n                            <h2 class=\"double-p__main-title is--large\">\n                                        REDEFINIR EL CONFORT Y <strong class=\"double-p__main-title__orange\">LA PRODUCTIVIDAD<\/strong>\n                <\/h2>\n\n                <h3 class=\"double-p__main-title is--sub\">\n                                        BRAZO MONITOR SINGLE <strong class=\"double-p__main-title__orange\">ERGON\u00d3MICO<\/strong>\n                <\/h3>\n                    <\/div>\n                    <div class=\"double-p__grid\">\n                                    <div class=\"double-p__block\">\n                        <h3 class=\"generic-typography__sub-title bottom--15 top--0\">Para el jugador persistente <\/h3>\n                                                    <p class=\"generic-typography__paragraph\">\n                                <p class=\"p1\">Tanto si trabajas en una oficina abierta, desde tu casa o en un despacho privado, los brazos para monitor Ranqer est\u00e1n dise\u00f1ados para tener un aspecto profesional y proporcionar comodidad. Moderno, elegante y asequible: tres palabras que describen a la perfecci\u00f3n el brazo para un monitor Ranqer. Si quieres parecer un jugador profesional o decorar tu oficina, encontrar\u00e1s un brazo de monitor adecuado para ti. Adem\u00e1s del incre\u00edble soporte que proporcionan, los brazos para monitor Ranqer tienen un aspecto moderno y atemporal.<\/p>\n\n                            <\/p>\n                                            <\/div>\n                                    <div class=\"double-p__block\">\n                        <h3 class=\"generic-typography__sub-title bottom--15 top--0\"><\/h3>\n                                                    <p class=\"generic-typography__paragraph\">El brazo para monitor Ranqer es un aut\u00e9ntico multitarea en tu espacio de trabajo. Gracias a su versatilidad, se adapta sin esfuerzo a tus necesidades. Tanto si prefieres una sola pantalla para una configuraci\u00f3n racionalizada como si prefieres varias pantallas para obtener la m\u00e1xima productividad, el brazo para monitor Ranqer te ofrece la flexibilidad que necesitas. Ajustable en altura, inclinaci\u00f3n y rotaci\u00f3n, ofrece infinitas posibilidades para colocar tus pantallas exactamente como deseas. Experimenta la libertad de personalizar tu espacio de trabajo con el brazo para monitor Ranqer.<\/p>\n\n                                            <\/div>\n                            <\/div>\n            <\/div>\n<\/div>\n\n\n<div class=\"section--selling-points  wf-section\">\n    <div class=\"container w-container\">\n                                <div class=\"selling-points__title\">\n                            <h2 class=\"generic-typography__section-title\">\n                    NUESTROS <span class=\"collection__title__orange\">PUNTOS FUERTES<\/span>\n                <\/h2>\n                    <\/div>\n        <div class=\"selling-points__grid\">\n                                                <div class=\"selling-points__single\">\n                        <div class=\"selling-points__single__inner\">\n                            <div class=\"selling-points__single__text\">\n                                Gran ergonom\u00eda\n                            <\/div>\n                            <div class=\"selling-points__single__icon-wrapper\">\n                                <img decoding=\"async\" src=\"https:\/\/www.ranqer.com\/wp-content\/themes\/vallonic-ranqer\/dist\/images\/vallonic__ranqer-com__icons__ergonomic__orange_46a0c9d8.svg\" loading=\"lazy\" width=\"21\" alt=\"\" class=\"selling-points__single__icon\">\n                            <\/div>\n                        <\/div>\n                    <\/div>\n                                    <div class=\"selling-points__single\">\n                        <div class=\"selling-points__single__inner\">\n                            <div class=\"selling-points__single__text\">\n                                Inspirado por las carreras\n                            <\/div>\n                            <div class=\"selling-points__single__icon-wrapper\">\n                                <img decoding=\"async\" src=\"https:\/\/www.ranqer.com\/wp-content\/themes\/vallonic-ranqer\/dist\/images\/vallonic__ranqer-com__icons__racing__orange_7c54f02f.svg\" loading=\"lazy\" width=\"21\" alt=\"\" class=\"selling-points__single__icon\">\n                            <\/div>\n                        <\/div>\n                    <\/div>\n                                    <div class=\"selling-points__single\">\n                        <div class=\"selling-points__single__inner\">\n                            <div class=\"selling-points__single__text\">\n                                Dise\u00f1o holand\u00e9s\n                            <\/div>\n                            <div class=\"selling-points__single__icon-wrapper\">\n                                <img decoding=\"async\" src=\"https:\/\/www.ranqer.com\/wp-content\/themes\/vallonic-ranqer\/dist\/images\/vallonic__ranqer-com__icons__design__orange_5cb9e4bc.svg\" loading=\"lazy\" width=\"21\" alt=\"\" class=\"selling-points__single__icon\">\n                            <\/div>\n                        <\/div>\n                    <\/div>\n                                    <\/div>\n                            <div class=\"selling-points__cta-wrapper\">\n                <a\n                    href=\"#\"\n                    data-scroll=\"section--dealers\"\n                    class=\"selling-points__cta\"\n                >\n                    Compra Ahora\n                <\/a>\n            <\/div>\n            <\/div>\n<\/div>\n\n\n<div class=\"section--dealers wf-section\" id=\"dealers\">\n    <div class=\"container w-container\">\n        <div class=\"dealers__description-grid\">\n            <div class=\"dealers__desc-column\">\n                <h2 class=\"generic-typography__section-title\">\n                                                                                nuestros <span class=\"collection__title__orange\">socios<\/span>\n                <\/h2>\n                <h3 class=\"generic-typography__sub-title bottom--15\">\n                    Compra Ahora\n                <\/h3>\n                <p class=\"generic-typography__paragraph\">\n                    Ranqer gaming ya disponible. Eleva tu configuraci\u00f3n de gaming eligiendo uno de nuestros apreciados brazos para monitor.\n                <\/p>\n            <\/div>\n        <\/div>\n                    <div class=\"dealers__grid\">\n                                    <div class=\"dealers__single-dealer\">\n                        <a href=\"https:\/\/www.sbsupply.es\/ranqer-soporte-de-monitor-single-negro\" class=\"dealers__single__a w-inline-block\" target=\"_blank\" rel=\"noopener\">\n                            <img decoding=\"async\" src=\"https:\/\/www.ranqer.com\/wp-content\/uploads\/2021\/09\/sbsupply-logo-500x1000-1.png\" loading=\"lazy\" alt=\"\" class=\"dealers__single__logo-img\">\n                            <div class=\"dealers__single__details\">\n                                                            <div class=\"dealers__single__countries\">\n                                                                                                          <div class=\"dealers__single__countries__single\">Espa\u00f1a<\/div>\n                                                                <\/div>\n                              <img decoding=\"async\" src=\"https:\/\/www.ranqer.com\/wp-content\/themes\/vallonic-ranqer\/dist\/images\/vallonic__ranqer-com__icons__arrow-right__orange_143c2b49.svg\" loading=\"lazy\" alt=\"\" class=\"dealers__single__arrow-right\">\n                            <\/div>\n                        <\/a>\n                    <\/div>\n                                    <div class=\"dealers__single-dealer\">\n                        <a href=\"https:\/\/www.amazon.es\/Ranqer-Monitor-brazo-individual-negro\/dp\/B0CRHXK6FC\/ref=sr_1_1?__mk_es_ES=%C3%85M%C3%85%C5%BD%C3%95%C3%91&amp;crid=2XB8CKL18SN8Z&amp;dib=eyJ2IjoiMSJ9.QjiqC-VMaWyxZkVdC_NJ2g.rWTD7mTfuQl-rmzdCoABMbCFNIkhFRPkxP8koNsrbfA&amp;dib_tag=se&amp;keywords=8720598690774&amp;qid=1713535347&amp;sprefix=8720598690774%2Caps%2C150&amp;sr=8-1\" class=\"dealers__single__a w-inline-block\" target=\"_blank\" rel=\"noopener\">\n                            <img decoding=\"async\" src=\"https:\/\/www.ranqer.com\/wp-content\/uploads\/2021\/09\/vallonic__ranqer-com__dealers__amazon2x.png\" loading=\"lazy\" alt=\"\" class=\"dealers__single__logo-img\">\n                            <div class=\"dealers__single__details\">\n                                                            <div class=\"dealers__single__countries\">\n                                                                                                          <div class=\"dealers__single__countries__single\">Espa\u00f1a<\/div>\n                                                                <\/div>\n                              <img decoding=\"async\" src=\"https:\/\/www.ranqer.com\/wp-content\/themes\/vallonic-ranqer\/dist\/images\/vallonic__ranqer-com__icons__arrow-right__orange_143c2b49.svg\" loading=\"lazy\" alt=\"\" class=\"dealers__single__arrow-right\">\n                            <\/div>\n                        <\/a>\n                    <\/div>\n                            <\/div>\n                            <\/div>\n<\/div>\n\n\n<div class=\"section--product-downloads bottom--0 wf-section\">\n    <div class=\"container w-container\">\n        <div class=\"product-downloads__grid\">\n            <div class=\"product-downloads__column\">\n                <h2 class=\"generic-typography__section-title\">\n                                        HOJA DE PRODUCTO\n                <\/h2>\n                <h3 class=\"generic-typography__sub-title bottom--15\">\n                    Especificaciones\n                <\/h3>\n                <p class=\"generic-typography__paragraph\">\n                    <p>Adecuado para pantallas de: 17&#8243;-32&#8243;<\/p>\n<p>Apto para pantalla curva: S\u00ed<\/p>\n<p>Peso m\u00e1ximo (por pantalla): 2~9 kg<\/p>\n<p>Compatible con VESA: 75&#215;75, 100&#215;100<\/p>\n<p>Rango de inclinaci\u00f3n: +45\u00b0~-45\u00b0<\/p>\n<p>Rango de rotaci\u00f3n: +90\u00b0~-90\u00b0<\/p>\n<p>Rotaci\u00f3n de la pantalla: +180\u00b0~-180\u00b0<\/p>\n<p>Brazo totalmente extendido: 376mm<\/p>\n\n                <\/p>\n                <div class=\"product-downloads__actions-grid\">\n                                    <\/div>\n            <\/div>\n            <div class=\"product-downloads__column\">\n                <div class=\"product-downloads__decoration-wrapper\">\n                    <img decoding=\"async\" src=\"https:\/\/www.ranqer.com\/wp-content\/uploads\/2024\/04\/vallonic__ranqer-com__logo__full-orange_b536aaf5-1.png\" loading=\"lazy\" alt=\"\" class=\"product-downloads__decoration-img\">\n                <\/div>\n            <\/div>\n        <\/div>\n    <\/div>\n<\/div>\n","protected":false},"excerpt":{"rendered":"","protected":false},"author":7,"featured_media":0,"parent":0,"menu_order":0,"comment_status":"closed","ping_status":"closed","template":"","meta":{"footnotes":""},"categories":[],"tags":[],"class_list":["post-15204","page","type-page","status-publish","hentry"],"_links":{"self":[{"href":"https:\/\/www.ranqer.com\/es\/wp-json\/wp\/v2\/pages\/15204","targetHints":{"allow":["GET"]}}],"collection":[{"href":"https:\/\/www.ranqer.com\/es\/wp-json\/wp\/v2\/pages"}],"about":[{"href":"https:\/\/www.ranqer.com\/es\/wp-json\/wp\/v2\/types\/page"}],"author":[{"embeddable":true,"href":"https:\/\/www.ranqer.com\/es\/wp-json\/wp\/v2\/users\/7"}],"replies":[{"embeddable":true,"href":"https:\/\/www.ranqer.com\/es\/wp-json\/wp\/v2\/comments?post=15204"}],"version-history":[{"count":18,"href":"https:\/\/www.ranqer.com\/es\/wp-json\/wp\/v2\/pages\/15204\/revisions"}],"predecessor-version":[{"id":16723,"href":"https:\/\/www.ranqer.com\/es\/wp-json\/wp\/v2\/pages\/15204\/revisions\/16723"}],"wp:attachment":[{"href":"https:\/\/www.ranqer.com\/es\/wp-json\/wp\/v2\/media?parent=15204"}],"wp:term":[{"taxonomy":"category","embeddable":true,"href":"https:\/\/www.ranqer.com\/es\/wp-json\/wp\/v2\/categories?post=15204"},{"taxonomy":"post_tag","embeddable":true,"href":"https:\/\/www.ranqer.com\/es\/wp-json\/wp\/v2\/tags?post=15204"}],"curies":[{"name":"wp","href":"https:\/\/api.w.org\/{rel}","templated":true}]}}