{"id":11416,"date":"2024-03-26T10:13:48","date_gmt":"2024-03-26T09:13:48","guid":{"rendered":"https:\/\/www.ranqer.com\/?page_id=11416"},"modified":"2024-08-01T16:45:54","modified_gmt":"2024-08-01T14:45:54","slug":"ranqer-accesorios-gaming","status":"publish","type":"page","link":"https:\/\/www.ranqer.com\/es\/ranqer-accesorios-gaming\/","title":{"rendered":"All Accessories"},"content":{"rendered":"<div class=\"section--home-header wf-section\">\n    <div class=\"container w-container\">\n        <div class=\"home-header__content\">\n                        <a href=\"https:\/\/instagram.com\/ranqer_gaming\" class=\"home-header__instagram-link w-inline-block\" target=\"_blank\" rel=\"noopener\">\n                <img decoding=\"async\" src=\"https:\/\/www.ranqer.com\/wp-content\/themes\/vallonic-ranqer\/dist\/images\/vallonic__ranqer-com__icons__instagram__white_eeb055bd.png\" loading=\"lazy\" alt=\"\" class=\"home-header__instagram-icon\">\n                <div class=\"home-header__instagram-handle\">RANQER_GAMING<\/div>\n            <\/a>\n            <h1 data-w-id=\"75a8e527-dba9-e9aa-7faf-cb688714d279\"\n                style=\"\n                    -webkit-transform:translate3d(-200%, 100%, 0) scale3d(1.05, 1.05, 1) rotateX(0) rotateY(0) rotateZ(-10deg) skew(0, 0);\n                    -moz-transform:translate3d(-200%, 100%, 0) scale3d(1.05, 1.05, 1) rotateX(0) rotateY(0) rotateZ(-10deg) skew(0, 0);\n                    -ms-transform:translate3d(-200%, 100%, 0) scale3d(1.05, 1.05, 1) rotateX(0) rotateY(0) rotateZ(-10deg) skew(0, 0);\n                    transform:translate3d(-200%, 100%, 0) scale3d(1.05, 1.05, 1) rotateX(0) rotateY(0) rotateZ(-10deg) skew(0, 0);\n                    opacity:0\n                \"\n                class=\"home-header__title\"\n            >\n                                <span class=\"home-header__title__small\">TE PRESENTAMOS LOS <strong class=\"home-header__title-orange\">RANQER <\/strong><\/span>ACCESORIOS\n            <\/h1>\n            <img decoding=\"async\" src=\"https:\/\/www.ranqer.com\/wp-content\/themes\/vallonic-ranqer\/dist\/images\/vallonic__ranqer-com__decoration__home-header__neon_1dc74146.png\" loading=\"lazy\" alt=\"\" class=\"home-header__neon-bar\">\n                                        <a\n                    href=\"#\"\n                    class=\"home-header__shop-now\"\n                    data-scroll=\"section--collection\"\n                >\n                    Consulta las colecciones\n                <\/a>\n            \n            <img decoding=\"async\" src=\"https:\/\/www.ranqer.com\/wp-content\/themes\/vallonic-ranqer\/dist\/images\/vallonic__ranqer-com__decoration__home-header__bottom-arrow_154c3002.svg\" loading=\"lazy\" alt=\"\" class=\"home-header__bottom-arrow\">\n        <\/div>\n        <div class=\"home-header__background\">\n            <div class=\"home-header__background__bottom-bar\">\n            <\/div>\n            <img decoding=\"async\" src=\"https:\/\/www.ranqer.com\/wp-content\/themes\/vallonic-ranqer\/dist\/images\/vallonic__ranqer-com__decoration__home-header__blur-background_48735fb4.png\" sizes=\"100vw\" alt=\"\" class=\"home-header__background__blur-img\">\n            <img decoding=\"async\"\n                src=\"https:\/\/www.ranqer.com\/wp-content\/themes\/vallonic-ranqer\/dist\/images\/vallonic__ranqer-com__decoration__home-header__branding_b92c59f2.svg\"\n                loading=\"lazy\"\n                style=\"-webkit-transform:translate3d(0px, 0px, 0) scale3d(1, 1, 1) rotateX(0) rotateY(0) rotateZ(0) skew(0, 0);-moz-transform:translate3d(0px, 0px, 0) scale3d(1, 1, 1) rotateX(0) rotateY(0) rotateZ(0) skew(0, 0);-ms-transform:translate3d(0px, 0px, 0) scale3d(1, 1, 1) rotateX(0) rotateY(0) rotateZ(0) skew(0, 0);transform:translate3d(0px, 0px, 0) scale3d(1, 1, 1) rotateX(0) rotateY(0) rotateZ(0) skew(0, 0)\"\n                alt=\"\"\n                class=\"home-header__background__shapes-img\"\n                data-w-id=\"0d274e3f-98bd-e52e-e5f9-cbd575fa237c\"\n            >\n            <div class=\"home-header__background__center-constraint\">\n                <img decoding=\"async\" src=\"https:\/\/www.ranqer.com\/wp-content\/uploads\/2024\/02\/Ranqer-mousepad-main-picture.png\" loading=\"lazy\" data-w-id=\"0d274e3f-98bd-e52e-e5f9-cbd575fa237c\" alt=\"\" class=\"home-header__background__chairs-img\">\n            <\/div>\n        <\/div>\n    <\/div>\n<\/div>\n\n\n<div class=\"section--detail-shots wf-section\">\n    <div class=\"container w-container\">\n        <h2 class=\"generic-typography__section-title\">\n                                                \n        <\/h2>\n    <\/div>\n                                    \n\n              <div class=\"detail-shots__section is--first\">\n                  <div class=\"detail-shots__image-column\">\n                      <img decoding=\"async\" src=\"https:\/\/www.ranqer.com\/wp-content\/uploads\/2024\/02\/ranqer_gaming_chair_wheels_castors_for_hard_floors_1.png\" loading=\"lazy\" alt=\"\" class=\"detail-shots__single-image\">\n                  <\/div>\n                  <div class=\"detail-shots__desc-column is--right\">\n                      <div class=\"detail-shots__desc-column__inner is--right\">\n                          <h3 class=\"detail-shots__desc-title\">\n                              ACCESORIOS PARA VIDEOJUEGOS\n                          <\/h3>\n                          <h4 class=\"generic-typography__sub-title bottom--15 top--0\">\n                              APROVECHA EL MAXIMO DE TU RANQER\n                          <\/h4>\n                          <p class=\"generic-typography__paragraph\">\n                              Mejora tu experiencia de gaming con nuestra amplia gama de accesorios Ranqer dise\u00f1ados para mejorar todos los aspectos de tu configuraci\u00f3n. Desde alfombrillas de rat\u00f3n de precisi\u00f3n hasta teclas personalizables, nuestros accesorios est\u00e1n dise\u00f1ados pensando en el jugador, garantizando un rendimiento y estilo \u00f3ptimos en cada sesi\u00f3n de juego. Explora nuestra colecci\u00f3n hoy mismo y lleva tu configuraci\u00f3n de juego al siguiente nivel con Ranqer.\n                          <\/p>\n                      <\/div>\n                  <\/div>\n              <\/div>\n                        <\/div>\n\n\n<div class=\"section--collection wf-section\">\n    <div class=\"container w-container\">\n        <h2 class=\"generic-typography__section-title\">\n                                                COLECCI\u00d3N<span class=\"collection__title__orange\"> ACCESORIOS<\/span> \n        <\/h2>\n        <h3 class=\"generic-typography__sub-title\">\n            Para los jugadores m\u00e1s exigentes\n        <\/h3>\n        <div class=\"collection__grid\">\n                                                <div class=\"collection__single\">\n                      <a href=\"https:\/\/www.ranqer.com\/es\/ranqer-alfombrilla-de-raton\/\" class=\"collection__single__top-part w-inline-block\">\n                          <img decoding=\"async\" src=\"https:\/\/www.ranqer.com\/wp-content\/uploads\/2024\/02\/Ranqer-Mousepad.png\" loading=\"lazy\" alt=\"\" class=\"collection__image\">\n                          <div class=\"collection__collection-name\">\n                              Alfombrilla de rat\u00f3n\n                          <\/div>\n                          <div class=\"collection__action-wrapper\">\n                            <div class=\"collection__action\">\n                                Especificaciones y colores\n                            <\/div>\n                            <img decoding=\"async\" src=\"https:\/\/www.ranqer.com\/wp-content\/themes\/vallonic-ranqer\/dist\/images\/vallonic__ranqer-com__icons__arrow-right__d8dbe2_e85d2551.svg\" loading=\"lazy\" alt=\"\" class=\"collection__arrow\">\n                          <\/div>\n                                                        <img decoding=\"async\" src=\"https:\/\/www.ranqer.com\/wp-content\/themes\/vallonic-ranqer\/dist\/images\/vallonic__ranqer-com__collection__rainbow-background2x_46f325b1.png\" loading=\"lazy\" alt=\"\" class=\"collection__background\">\n                                                <\/a>\n                      <a href=\"https:\/\/www.ranqer.com\/es\/ranqer-alfombrilla-de-raton\/#dealers\" class=\"collection__single__bottom-part w-inline-block\">\n                        <div class=\"collection__action-wrapper\">\n                            <div class=\"collection__action\">\n                                Encuentra un distribuidor\n                            <\/div>\n                            <img decoding=\"async\" src=\"https:\/\/www.ranqer.com\/wp-content\/themes\/vallonic-ranqer\/dist\/images\/vallonic__ranqer-com__icons__arrow-right__d8dbe2_e85d2551.svg\" loading=\"lazy\" alt=\"\" class=\"collection__arrow\">\n                        <\/div>\n                      <\/a>\n                    <\/div>\n                                    <\/div>\n    <\/div>\n<\/div>\n\n\n<div class=\"section--collection wf-section\">\n    <div class=\"container w-container\">\n        <h2 class=\"generic-typography__section-title\">\n                                                COLECCI\u00d3N<span class=\"collection__title__orange\"> SILLAS GAMING<\/span> \n        <\/h2>\n        <h3 class=\"generic-typography__sub-title\">\n            Actualiza el trono de tu silla de gaming\n        <\/h3>\n        <div class=\"collection__grid\">\n                                                <div class=\"collection__single\">\n                      <a href=\"\" class=\"collection__single__top-part w-inline-block\">\n                          <img decoding=\"async\" src=\"https:\/\/www.ranqer.com\/wp-content\/uploads\/2024\/02\/Ranqer-chair-mat.png\" loading=\"lazy\" alt=\"\" class=\"collection__image\">\n                          <div class=\"collection__collection-name\">\n                              Alfombrilla para silla de juegos\n                          <\/div>\n                          <div class=\"collection__action-wrapper\">\n                            <div class=\"collection__action\">\n                                Especificaciones y colores\n                            <\/div>\n                            <img decoding=\"async\" src=\"https:\/\/www.ranqer.com\/wp-content\/themes\/vallonic-ranqer\/dist\/images\/vallonic__ranqer-com__icons__arrow-right__d8dbe2_e85d2551.svg\" loading=\"lazy\" alt=\"\" class=\"collection__arrow\">\n                          <\/div>\n                                                        <img decoding=\"async\" src=\"https:\/\/www.ranqer.com\/wp-content\/themes\/vallonic-ranqer\/dist\/images\/vallonic__ranqer-com__collection__rainbow-background2x_46f325b1.png\" loading=\"lazy\" alt=\"\" class=\"collection__background\">\n                                                <\/a>\n                      <a href=\"#dealers\" class=\"collection__single__bottom-part w-inline-block\">\n                        <div class=\"collection__action-wrapper\">\n                            <div class=\"collection__action\">\n                                Encuentra un distribuidor\n                            <\/div>\n                            <img decoding=\"async\" src=\"https:\/\/www.ranqer.com\/wp-content\/themes\/vallonic-ranqer\/dist\/images\/vallonic__ranqer-com__icons__arrow-right__d8dbe2_e85d2551.svg\" loading=\"lazy\" alt=\"\" class=\"collection__arrow\">\n                        <\/div>\n                      <\/a>\n                    <\/div>\n                                    <div class=\"collection__single\">\n                      <a href=\"\" class=\"collection__single__top-part w-inline-block\">\n                          <img decoding=\"async\" src=\"https:\/\/www.ranqer.com\/wp-content\/uploads\/2024\/02\/Ranqer-chair-mat-RGB.png\" loading=\"lazy\" alt=\"\" class=\"collection__image\">\n                          <div class=\"collection__collection-name\">\n                              Alfombrilla para silla de juegos RGB\n                          <\/div>\n                          <div class=\"collection__action-wrapper\">\n                            <div class=\"collection__action\">\n                                Especificaciones y colores\n                            <\/div>\n                            <img decoding=\"async\" src=\"https:\/\/www.ranqer.com\/wp-content\/themes\/vallonic-ranqer\/dist\/images\/vallonic__ranqer-com__icons__arrow-right__d8dbe2_e85d2551.svg\" loading=\"lazy\" alt=\"\" class=\"collection__arrow\">\n                          <\/div>\n                                                        <img decoding=\"async\" src=\"https:\/\/www.ranqer.com\/wp-content\/themes\/vallonic-ranqer\/dist\/images\/vallonic__ranqer-com__collection__rainbow-background2x_46f325b1.png\" loading=\"lazy\" alt=\"\" class=\"collection__background\">\n                                                <\/a>\n                      <a href=\"#dealers\" class=\"collection__single__bottom-part w-inline-block\">\n                        <div class=\"collection__action-wrapper\">\n                            <div class=\"collection__action\">\n                                Encuentra un distribuidor\n                            <\/div>\n                            <img decoding=\"async\" src=\"https:\/\/www.ranqer.com\/wp-content\/themes\/vallonic-ranqer\/dist\/images\/vallonic__ranqer-com__icons__arrow-right__d8dbe2_e85d2551.svg\" loading=\"lazy\" alt=\"\" class=\"collection__arrow\">\n                        <\/div>\n                      <\/a>\n                    <\/div>\n                                    <div class=\"collection__single\">\n                      <a href=\"https:\/\/www.ranqer.com\/es\/ranqer-ruedas-premium-para-sillas-de-gaming\/\" class=\"collection__single__top-part w-inline-block\">\n                          <img decoding=\"async\" src=\"https:\/\/www.ranqer.com\/wp-content\/uploads\/2024\/02\/ranqer_gaming_chair_wheels_castors_for_hard_floors_1.png\" loading=\"lazy\" alt=\"\" class=\"collection__image\">\n                          <div class=\"collection__collection-name\">\n                              Ruedas para sillas de juego\n                          <\/div>\n                          <div class=\"collection__action-wrapper\">\n                            <div class=\"collection__action\">\n                                Especificaciones y colores\n                            <\/div>\n                            <img decoding=\"async\" src=\"https:\/\/www.ranqer.com\/wp-content\/themes\/vallonic-ranqer\/dist\/images\/vallonic__ranqer-com__icons__arrow-right__d8dbe2_e85d2551.svg\" loading=\"lazy\" alt=\"\" class=\"collection__arrow\">\n                          <\/div>\n                                                        <img decoding=\"async\" src=\"https:\/\/www.ranqer.com\/wp-content\/themes\/vallonic-ranqer\/dist\/images\/vallonic__ranqer-com__collection__rainbow-background2x_46f325b1.png\" loading=\"lazy\" alt=\"\" class=\"collection__background\">\n                                                <\/a>\n                      <a href=\"https:\/\/www.ranqer.com\/es\/ranqer-ruedas-premium-para-sillas-de-gaming\/#dealers\" class=\"collection__single__bottom-part w-inline-block\">\n                        <div class=\"collection__action-wrapper\">\n                            <div class=\"collection__action\">\n                                Encuentra un distribuidor\n                            <\/div>\n                            <img decoding=\"async\" src=\"https:\/\/www.ranqer.com\/wp-content\/themes\/vallonic-ranqer\/dist\/images\/vallonic__ranqer-com__icons__arrow-right__d8dbe2_e85d2551.svg\" loading=\"lazy\" alt=\"\" class=\"collection__arrow\">\n                        <\/div>\n                      <\/a>\n                    <\/div>\n                                    <\/div>\n    <\/div>\n<\/div>\n\n\n<div class=\"section--collection wf-section\">\n    <div class=\"container w-container\">\n        <h2 class=\"generic-typography__section-title\">\n                                                COLECCI\u00d3N<span class=\"collection__title__orange\"> RACING<\/span>\n        <\/h2>\n        <h3 class=\"generic-typography__sub-title\">\n            Mejora tu experiencia en el simulador de carreras\n        <\/h3>\n        <div class=\"collection__grid\">\n                                                <div class=\"collection__single\">\n                      <a href=\"https:\/\/www.ranqer.com\/es\/ranqer-soporte-para-volantes-de-carreras\/\" class=\"collection__single__top-part w-inline-block\">\n                          <img decoding=\"async\" src=\"https:\/\/www.ranqer.com\/wp-content\/uploads\/2024\/08\/ranqer_racing_wheel_stand.png\" loading=\"lazy\" alt=\"\" class=\"collection__image\">\n                          <div class=\"collection__collection-name\">\n                              Soporte para volante de carreras\n                          <\/div>\n                          <div class=\"collection__action-wrapper\">\n                            <div class=\"collection__action\">\n                                Especificaciones y colores\n                            <\/div>\n                            <img decoding=\"async\" src=\"https:\/\/www.ranqer.com\/wp-content\/themes\/vallonic-ranqer\/dist\/images\/vallonic__ranqer-com__icons__arrow-right__d8dbe2_e85d2551.svg\" loading=\"lazy\" alt=\"\" class=\"collection__arrow\">\n                          <\/div>\n                                                        <img decoding=\"async\" src=\"https:\/\/www.ranqer.com\/wp-content\/themes\/vallonic-ranqer\/dist\/images\/vallonic__ranqer-com__collection__rainbow-background2x_46f325b1.png\" loading=\"lazy\" alt=\"\" class=\"collection__background\">\n                                                <\/a>\n                      <a href=\"https:\/\/www.ranqer.com\/es\/ranqer-soporte-para-volantes-de-carreras\/#dealers\" class=\"collection__single__bottom-part w-inline-block\">\n                        <div class=\"collection__action-wrapper\">\n                            <div class=\"collection__action\">\n                                Encuentra un distribuidor\n                            <\/div>\n                            <img decoding=\"async\" src=\"https:\/\/www.ranqer.com\/wp-content\/themes\/vallonic-ranqer\/dist\/images\/vallonic__ranqer-com__icons__arrow-right__d8dbe2_e85d2551.svg\" loading=\"lazy\" alt=\"\" class=\"collection__arrow\">\n                        <\/div>\n                      <\/a>\n                    <\/div>\n                                    <div class=\"collection__single\">\n                      <a href=\"https:\/\/www.ranqer.com\/es\/ranqer-soporte-de-palanca-de-cambios-para-silla-de-carreras\/\" class=\"collection__single__top-part w-inline-block\">\n                          <img decoding=\"async\" src=\"https:\/\/www.ranqer.com\/wp-content\/uploads\/2024\/02\/Ranqer-Racing-chair-Gearshift-mount.png\" loading=\"lazy\" alt=\"\" class=\"collection__image\">\n                          <div class=\"collection__collection-name\">\n                              Silla de carreras Montaje de la palanca de cambios\n                          <\/div>\n                          <div class=\"collection__action-wrapper\">\n                            <div class=\"collection__action\">\n                                Especificaciones y colores\n                            <\/div>\n                            <img decoding=\"async\" src=\"https:\/\/www.ranqer.com\/wp-content\/themes\/vallonic-ranqer\/dist\/images\/vallonic__ranqer-com__icons__arrow-right__d8dbe2_e85d2551.svg\" loading=\"lazy\" alt=\"\" class=\"collection__arrow\">\n                          <\/div>\n                                                        <img decoding=\"async\" src=\"https:\/\/www.ranqer.com\/wp-content\/themes\/vallonic-ranqer\/dist\/images\/vallonic__ranqer-com__collection__rainbow-background2x_46f325b1.png\" loading=\"lazy\" alt=\"\" class=\"collection__background\">\n                                                <\/a>\n                      <a href=\"https:\/\/www.ranqer.com\/es\/ranqer-soporte-de-palanca-de-cambios-para-silla-de-carreras\/#dealers\" class=\"collection__single__bottom-part w-inline-block\">\n                        <div class=\"collection__action-wrapper\">\n                            <div class=\"collection__action\">\n                                Encuentra un distribuidor\n                            <\/div>\n                            <img decoding=\"async\" src=\"https:\/\/www.ranqer.com\/wp-content\/themes\/vallonic-ranqer\/dist\/images\/vallonic__ranqer-com__icons__arrow-right__d8dbe2_e85d2551.svg\" loading=\"lazy\" alt=\"\" class=\"collection__arrow\">\n                        <\/div>\n                      <\/a>\n                    <\/div>\n                                    <div class=\"collection__single\">\n                      <a href=\"https:\/\/www.ranqer.com\/es\/ranqer-soporte-de-monitor-para-silla-de-carreras\/\" class=\"collection__single__top-part w-inline-block\">\n                          <img decoding=\"async\" src=\"https:\/\/www.ranqer.com\/wp-content\/uploads\/2024\/02\/Ranqer-Racing-chair-Monitor-mount.png\" loading=\"lazy\" alt=\"\" class=\"collection__image\">\n                          <div class=\"collection__collection-name\">\n                              Silla de carreras Soporte para monitor\n                          <\/div>\n                          <div class=\"collection__action-wrapper\">\n                            <div class=\"collection__action\">\n                                Especificaciones y colores\n                            <\/div>\n                            <img decoding=\"async\" src=\"https:\/\/www.ranqer.com\/wp-content\/themes\/vallonic-ranqer\/dist\/images\/vallonic__ranqer-com__icons__arrow-right__d8dbe2_e85d2551.svg\" loading=\"lazy\" alt=\"\" class=\"collection__arrow\">\n                          <\/div>\n                                                        <img decoding=\"async\" src=\"https:\/\/www.ranqer.com\/wp-content\/themes\/vallonic-ranqer\/dist\/images\/vallonic__ranqer-com__collection__rainbow-background2x_46f325b1.png\" loading=\"lazy\" alt=\"\" class=\"collection__background\">\n                                                <\/a>\n                      <a href=\"https:\/\/www.ranqer.com\/es\/ranqer-soporte-de-monitor-para-silla-de-carreras\/#dealers\" class=\"collection__single__bottom-part w-inline-block\">\n                        <div class=\"collection__action-wrapper\">\n                            <div class=\"collection__action\">\n                                Encuentra un distribuidor\n                            <\/div>\n                            <img decoding=\"async\" src=\"https:\/\/www.ranqer.com\/wp-content\/themes\/vallonic-ranqer\/dist\/images\/vallonic__ranqer-com__icons__arrow-right__d8dbe2_e85d2551.svg\" loading=\"lazy\" alt=\"\" class=\"collection__arrow\">\n                        <\/div>\n                      <\/a>\n                    <\/div>\n                                    <\/div>\n    <\/div>\n<\/div>\n","protected":false},"excerpt":{"rendered":"","protected":false},"author":7,"featured_media":0,"parent":0,"menu_order":0,"comment_status":"closed","ping_status":"closed","template":"","meta":{"footnotes":""},"categories":[],"tags":[],"class_list":["post-11416","page","type-page","status-publish","hentry"],"_links":{"self":[{"href":"https:\/\/www.ranqer.com\/es\/wp-json\/wp\/v2\/pages\/11416","targetHints":{"allow":["GET"]}}],"collection":[{"href":"https:\/\/www.ranqer.com\/es\/wp-json\/wp\/v2\/pages"}],"about":[{"href":"https:\/\/www.ranqer.com\/es\/wp-json\/wp\/v2\/types\/page"}],"author":[{"embeddable":true,"href":"https:\/\/www.ranqer.com\/es\/wp-json\/wp\/v2\/users\/7"}],"replies":[{"embeddable":true,"href":"https:\/\/www.ranqer.com\/es\/wp-json\/wp\/v2\/comments?post=11416"}],"version-history":[{"count":22,"href":"https:\/\/www.ranqer.com\/es\/wp-json\/wp\/v2\/pages\/11416\/revisions"}],"predecessor-version":[{"id":18136,"href":"https:\/\/www.ranqer.com\/es\/wp-json\/wp\/v2\/pages\/11416\/revisions\/18136"}],"wp:attachment":[{"href":"https:\/\/www.ranqer.com\/es\/wp-json\/wp\/v2\/media?parent=11416"}],"wp:term":[{"taxonomy":"category","embeddable":true,"href":"https:\/\/www.ranqer.com\/es\/wp-json\/wp\/v2\/categories?post=11416"},{"taxonomy":"post_tag","embeddable":true,"href":"https:\/\/www.ranqer.com\/es\/wp-json\/wp\/v2\/tags?post=11416"}],"curies":[{"name":"wp","href":"https:\/\/api.w.org\/{rel}","templated":true}]}}