{"id":9860,"date":"2024-03-21T11:59:08","date_gmt":"2024-03-21T10:59:08","guid":{"rendered":"https:\/\/ranqer.com\/?page_id=9860"},"modified":"2024-04-22T13:02:26","modified_gmt":"2024-04-22T11:02:26","slug":"ranqer-racing-stuhl-schalthebel-halterung","status":"publish","type":"page","link":"https:\/\/www.ranqer.com\/de\/ranqer-racing-stuhl-schalthebel-halterung\/","title":{"rendered":"Ranqer Racing Chair Gearshift Mount"},"content":{"rendered":"<div class=\"section--product-highlight wf-section\">\n    <div class=\"container w-container\">\n      <div class=\"product-highlight__grid\">\n        <div class=\"product-highlight__column\">\n          <div class=\"product-highlight__image-wrapper\">\n              <img decoding=\"async\" src=\"https:\/\/www.ranqer.com\/wp-content\/uploads\/2024\/02\/Ranqer-Racing-chair-Gearshift-mount.png\" loading=\"lazy\" sizes=\"100vw\" alt=\"RANQER RACING STUHL SCHALTHEBEL HALTERUNG\" class=\"product-highlight__img\">\n                                <img decoding=\"async\" src=\"https:\/\/www.ranqer.com\/wp-content\/themes\/vallonic-ranqer\/dist\/images\/vallonic__ranqer-com__product-highlight__backdrop-multicolor_30a08ed0.png\" loading=\"lazy\" sizes=\"100vw\" alt=\"\" class=\"product-highlight__background\">\n                        <\/div>\n        <\/div>\n        <div class=\"product-highlight__column\">\n          <div class=\"product-highlight__details\">\n            <h2 class=\"product-highlight__h2\">\n                                                                <span class=\"product-highlight__h2__orange\">ERGONOMISCHE<\/span> SCHALTHEBEL HALTERUNG\n            <\/h2>\n            <h1 class=\"product-highlight__h1\">\n                RANQER RACING STUHL SCHALTHEBEL HALTERUNG\n            <\/h1>\n            <p class=\"product-highlight__desc\">\n                Wir stellen die Ranqer Racing Chair Gearshift Mount vor &#8211; verbessern Sie Ihr Spielerlebnis mit dieser eleganten und robusten Halterung, die speziell f\u00fcr Rennsport-Enthusiasten entwickelt wurde. Befestigen Sie Ihre Gangschaltung einfach an Ihrem Gaming-Stuhl, um eine realistischere Fahrsimulation zu erleben. Die aus hochwertigen Materialien gefertigte Ranqer Gearshift Mount garantiert Langlebigkeit und Stabilit\u00e4t bei intensiven Gaming-Sessions.\n            <\/p>\n            <a href=\"#\" data-scroll=\"section--dealers\" class=\"product-highlight__button\">\n                Shop Online\n            <\/a>\n            <div class=\"product-highlight__actions\">\n                                <a\n                      class=\"product-highlight__single-action\"\n                      href=\"#\"\n                      data-scroll=\"section--detail-shots\"\n                  >\n                      Mehr entdecken \u2192\n                  <\/a>\n                            \n            <\/div>\n          <\/div>\n        <\/div>\n      <\/div>\n    <\/div>\n            <div class=\"product-highlight__bottom-border\"><\/div>\n        \n    <img decoding=\"async\" src=\"https:\/\/www.ranqer.com\/wp-content\/themes\/vallonic-ranqer\/dist\/images\/vallonic__ranqer-com__product-highlight__decorative-elements_7b623bd8.svg\" loading=\"lazy\" alt=\"\" class=\"product-highlight__decoration\">\n<\/div>\n\n\n<div class=\"section--detail-shots wf-section\">\n    <div class=\"container w-container\">\n        <h2 class=\"generic-typography__section-title\">\n                                                DAS QUALIT\u00c4TSVERSPRECHEN <span class=\"collection__title__orange\">VON RANQER<\/span>\n        <\/h2>\n    <\/div>\n                                    \n\n              <div class=\"detail-shots__section is--first\">\n                  <div class=\"detail-shots__image-column\">\n                      <img decoding=\"async\" src=\"https:\/\/www.ranqer.com\/wp-content\/uploads\/2024\/02\/ranqer_gear_shift_mount_3.jpg\" loading=\"lazy\" alt=\"\" class=\"detail-shots__single-image\">\n                  <\/div>\n                  <div class=\"detail-shots__desc-column is--right\">\n                      <div class=\"detail-shots__desc-column__inner is--right\">\n                          <h3 class=\"detail-shots__desc-title\">\n                              EINSTELLBAR\n                          <\/h3>\n                          <h4 class=\"generic-typography__sub-title bottom--15 top--0\">\n                              STELLEN SIE ES AUF IHRE BED\u00dcRFNISSE EIN\n                          <\/h4>\n                          <p class=\"generic-typography__paragraph\">\n                              Entdecken Sie die Vielseitigkeit! Der Ranqer Racing Chair Gearshift Mount bietet eine einstellbare Neigungsfunktion, die es Ihnen erm\u00f6glicht, ihn bis zu +16\u00b0 zu neigen oder bis zu -16\u00b0 zu senken, um den perfekten Winkel f\u00fcr Ihre Spielanforderungen zu finden. Erleben Sie verbesserten Komfort und Pr\u00e4zision, w\u00e4hrend Sie mit unserer innovativen Neigungsfunktion mit Leichtigkeit spielen\n                          <\/p>\n                      <\/div>\n                  <\/div>\n              <\/div>\n                                                            <div class=\"detail-shots__section \">\n                    <div class=\"detail-shots__desc-column is--left\">\n                        <div class=\"detail-shots__desc-column__inner is--left\">\n                            <h3 class=\"detail-shots__desc-title\">\n                                EINFACHE MONTAGE\n                            <\/h3>\n                            <h4 class=\"generic-typography__sub-title bottom--15 top--0\">\n                                Konzentrieren Sie sich auf die Strecke\n                            <\/h4>\n                            <p class=\"generic-typography__paragraph\">\n                                Erleben Sie eine m\u00fchelose Installation mit unserem Produkt! Die Ranqer Racing Chair Gearshift Mount bietet eine einfache Montage, die einen problemlosen Installationsprozess gew\u00e4hrleistet. Mit einer einfachen Anleitung und einem benutzerfreundlichen Design werden Sie Ihre Gangschaltung in k\u00fcrzester Zeit montiert haben, so dass Sie sich auf das konzentrieren k\u00f6nnen, was Sie am meisten lieben &#8211; Ihr Rennspiel-Erlebnis.\n                            <\/p>\n                        <\/div>\n                    <\/div>\n                    <div class=\"detail-shots__image-column\">\n                        <img decoding=\"async\" src=\"https:\/\/www.ranqer.com\/wp-content\/uploads\/2024\/04\/ranqersimmounthsiftonepiece-e1713781824603.png\" loading=\"lazy\" alt=\"\" class=\"detail-shots__single-image\">\n                    <\/div>\n                <\/div>\n                        <\/div>\n\n\n<div class=\"section--double-p wf-section\">\n    <div class=\"container w-container\">\n        <div class=\"double-p__title-wrapper\">\n                            <h2 class=\"double-p__main-title is--large\">\n                                        Verbessern Sie Ihre <strong class=\"double-p__main-title__orange\">Rennerfahrung<\/strong>\n                <\/h2>\n\n                <h3 class=\"double-p__main-title is--sub\">\n                                        RANQER <strong class=\"double-p__main-title__orange\">GANGSCHALTUNGSHALTERUNG<\/strong>\n                <\/h3>\n                    <\/div>\n                    <div class=\"double-p__grid\">\n                                    <div class=\"double-p__block\">\n                        <h3 class=\"generic-typography__sub-title bottom--15 top--0\">Schalten Sie in einen h\u00f6heren Gang<\/h3>\n                                                    <p class=\"generic-typography__paragraph\">Ganz gleich, ob Sie in einem Hochgeschwindigkeits-Supersportwagen \u00fcber die Rennstrecke rasen oder in einem Rallyeauto durch anspruchsvolles Gel\u00e4nde fahren, unsere Schalthebelhalterung bietet eine pr\u00e4zise und reaktionsschnelle Steuerung, mit der Sie die G\u00e4nge mit Leichtigkeit und Pr\u00e4zision wechseln k\u00f6nnen. Sp\u00fcren Sie den Nervenkitzel bei jedem Gangwechsel, wenn Sie dem Sieg entgegenfahren, denn Sie wissen, dass Ihre Schaltung sicher montiert und einsatzbereit ist.<\/p>\n\n                                            <\/div>\n                                    <div class=\"double-p__block\">\n                        <h3 class=\"generic-typography__sub-title bottom--15 top--0\"><\/h3>\n                                                    <p class=\"generic-typography__paragraph\">CoUnser Gearshift Mount ist mit einer Vielzahl von Rennsesseln und Schaltkn\u00fcppeln kompatibel und ist die perfekte Erg\u00e4nzung f\u00fcr jedes virtuelle Rennsetup. Warum sollten Sie sich also mit weniger als dem Besten zufrieden geben? Verbessern Sie Ihr Rennerlebnis mit unserem Racing Chair Gearshift Mount und heben Sie Ihr Gameplay auf ein neues Niveau.<\/p>\n\n                                            <\/div>\n                            <\/div>\n            <\/div>\n<\/div>\n\n\n<div class=\"section--selling-points  wf-section\">\n    <div class=\"container w-container\">\n                                <div class=\"selling-points__title\">\n                            <h2 class=\"generic-typography__section-title\">\n                    Unsere <span class=\"collection__title__orange\">St\u00e4rken<\/span>\n                <\/h2>\n                    <\/div>\n        <div class=\"selling-points__grid\">\n                                                <div class=\"selling-points__single\">\n                        <div class=\"selling-points__single__inner\">\n                            <div class=\"selling-points__single__text\">\n                                Sehr ergonomisch\n                            <\/div>\n                            <div class=\"selling-points__single__icon-wrapper\">\n                                <img decoding=\"async\" src=\"https:\/\/www.ranqer.com\/wp-content\/themes\/vallonic-ranqer\/dist\/images\/vallonic__ranqer-com__icons__ergonomic__orange_46a0c9d8.svg\" loading=\"lazy\" width=\"21\" alt=\"\" class=\"selling-points__single__icon\">\n                            <\/div>\n                        <\/div>\n                    <\/div>\n                                    <div class=\"selling-points__single\">\n                        <div class=\"selling-points__single__inner\">\n                            <div class=\"selling-points__single__text\">\n                                Inspiriert durch den Rennsport\n                            <\/div>\n                            <div class=\"selling-points__single__icon-wrapper\">\n                                <img decoding=\"async\" src=\"https:\/\/www.ranqer.com\/wp-content\/themes\/vallonic-ranqer\/dist\/images\/vallonic__ranqer-com__icons__racing__orange_7c54f02f.svg\" loading=\"lazy\" width=\"21\" alt=\"\" class=\"selling-points__single__icon\">\n                            <\/div>\n                        <\/div>\n                    <\/div>\n                                    <div class=\"selling-points__single\">\n                        <div class=\"selling-points__single__inner\">\n                            <div class=\"selling-points__single__text\">\n                                Niederl\u00e4ndisches Design\n                            <\/div>\n                            <div class=\"selling-points__single__icon-wrapper\">\n                                <img decoding=\"async\" src=\"https:\/\/www.ranqer.com\/wp-content\/themes\/vallonic-ranqer\/dist\/images\/vallonic__ranqer-com__icons__design__orange_5cb9e4bc.svg\" loading=\"lazy\" width=\"21\" alt=\"\" class=\"selling-points__single__icon\">\n                            <\/div>\n                        <\/div>\n                    <\/div>\n                                    <\/div>\n                            <div class=\"selling-points__cta-wrapper\">\n                <a\n                    href=\"#\"\n                    data-scroll=\"section--dealers\"\n                    class=\"selling-points__cta\"\n                >\n                    Entdecken\n                <\/a>\n            <\/div>\n            <\/div>\n<\/div>\n\n\n<div class=\"section--dealers wf-section\" id=\"dealers\">\n    <div class=\"container w-container\">\n        <div class=\"dealers__description-grid\">\n            <div class=\"dealers__desc-column\">\n                <h2 class=\"generic-typography__section-title\">\n                                                                                Liebe zum <span class=\"collection__title__orange\">DETAIL<\/span>\n                <\/h2>\n                <h3 class=\"generic-typography__sub-title bottom--15\">\n                    Jetzt bestellen\n                <\/h3>\n                <p class=\"generic-typography__paragraph\">\n                    Das moderne und zeitlose Design ist perfekt mit den ergonomischen Funktionen der Ranqer Gaming Chairs integriert. Dadurch passen sie perfekt in jede Umgebung, sei es in einem B\u00fcro, im Home Office oder in einem Gaming Zimmer.\r\n\n                <\/p>\n            <\/div>\n        <\/div>\n                    <div class=\"dealers__grid\">\n                                    <div class=\"dealers__single-dealer\">\n                        <a href=\"https:\/\/www.sbsupply.de\/ranqer\" class=\"dealers__single__a w-inline-block\" target=\"_blank\" rel=\"noopener\">\n                            <img decoding=\"async\" src=\"https:\/\/www.ranqer.com\/wp-content\/uploads\/2021\/09\/sbsupply-logo-500x1000-1.png\" loading=\"lazy\" alt=\"\" class=\"dealers__single__logo-img\">\n                            <div class=\"dealers__single__details\">\n                                                            <div class=\"dealers__single__countries\">\n                                                                                                          <div class=\"dealers__single__countries__single\">Deutschland<\/div>\n                                                                <\/div>\n                              <img decoding=\"async\" src=\"https:\/\/www.ranqer.com\/wp-content\/themes\/vallonic-ranqer\/dist\/images\/vallonic__ranqer-com__icons__arrow-right__orange_143c2b49.svg\" loading=\"lazy\" alt=\"\" class=\"dealers__single__arrow-right\">\n                            <\/div>\n                        <\/a>\n                    <\/div>\n                                    <div class=\"dealers__single-dealer\">\n                        <a href=\"https:\/\/www.kaufland.de\/s\/?search_value=Ranqer\" class=\"dealers__single__a w-inline-block\" target=\"_blank\" rel=\"noopener\">\n                            <img decoding=\"async\" src=\"https:\/\/www.ranqer.com\/wp-content\/uploads\/2021\/11\/kaufland-1.png\" loading=\"lazy\" alt=\"\" class=\"dealers__single__logo-img\">\n                            <div class=\"dealers__single__details\">\n                                                            <div class=\"dealers__single__countries\">\n                                                                                                          <div class=\"dealers__single__countries__single\">Deutschland<\/div>\n                                                                <\/div>\n                              <img decoding=\"async\" src=\"https:\/\/www.ranqer.com\/wp-content\/themes\/vallonic-ranqer\/dist\/images\/vallonic__ranqer-com__icons__arrow-right__orange_143c2b49.svg\" loading=\"lazy\" alt=\"\" class=\"dealers__single__arrow-right\">\n                            <\/div>\n                        <\/a>\n                    <\/div>\n                                    <div class=\"dealers__single-dealer\">\n                        <a href=\"https:\/\/www.mediamarkt.de\/de\/search.html?query=ranqer&amp;t=1711012533848&amp;queryMeta%5Bga_query%5D=ranqer&amp;queryMeta%5BqueryHash%5D=cedf8d702928b991ac13e1d3825e11affbb45254075406790b3d9c6c9c5c6693&amp;queryMeta%5BqueryRequestId%5D=cedf8d702928b991ac13e1d3825e11affbb45254075406790b3d9c6c9c5c6693\" class=\"dealers__single__a w-inline-block\" target=\"_blank\" rel=\"noopener\">\n                            <img decoding=\"async\" src=\"https:\/\/www.ranqer.com\/wp-content\/uploads\/2024\/03\/kisspng-logo-media-markt-ignite-uk-5b185d77154382.8184630015283234470871.png\" loading=\"lazy\" alt=\"\" class=\"dealers__single__logo-img\">\n                            <div class=\"dealers__single__details\">\n                                                            <div class=\"dealers__single__countries\">\n                                                                                                          <div class=\"dealers__single__countries__single\">Deutschland<\/div>\n                                                                <\/div>\n                              <img decoding=\"async\" src=\"https:\/\/www.ranqer.com\/wp-content\/themes\/vallonic-ranqer\/dist\/images\/vallonic__ranqer-com__icons__arrow-right__orange_143c2b49.svg\" loading=\"lazy\" alt=\"\" class=\"dealers__single__arrow-right\">\n                            <\/div>\n                        <\/a>\n                    <\/div>\n                            <\/div>\n                            <\/div>\n<\/div>\n\n\n<div class=\"section--product-downloads bottom--0 wf-section\">\n    <div class=\"container w-container\">\n        <div class=\"product-downloads__grid\">\n            <div class=\"product-downloads__column\">\n                <h2 class=\"generic-typography__section-title\">\n                                        PRODUKT\u00dcBERSICHT\n                <\/h2>\n                <h3 class=\"generic-typography__sub-title bottom--15\">\n                    Spezifikationen\n                <\/h3>\n                <p class=\"generic-typography__paragraph\">\n                    <p>Bis zu 16\u00b0 Neigung<\/p>\n<p>Links und rechts montierbar<\/p>\n<p>Kann auch als Handbremshalterung verwendet werden<\/p>\n<p><strong>Kompatibel u.a. mit:<\/strong><\/p>\n<p>DSD-Schalthebel<\/p>\n<p>Fanatec ClubSport Schalthebel<\/p>\n<p>Fanatec ClubSport Schalthebel SQ<\/p>\n<p>Fanatec Gangschalthebel<\/p>\n<p>Logitech G25 Schalthebel<\/p>\n<p>Logitech G27 Schalthebel<\/p>\n<p>Logitech G29 Schalthebel<\/p>\n<p>Logitech G920 Schalthebel<\/p>\n<p>Thrustmaster TH8<\/p>\n\n                <\/p>\n                <div class=\"product-downloads__actions-grid\">\n                                    <\/div>\n            <\/div>\n            <div class=\"product-downloads__column\">\n                <div class=\"product-downloads__decoration-wrapper\">\n                    <img decoding=\"async\" src=\"https:\/\/www.ranqer.com\/wp-content\/uploads\/2024\/04\/vallonic__ranqer-com__logo__full-orange_b536aaf5-1.png\" loading=\"lazy\" alt=\"\" class=\"product-downloads__decoration-img\">\n                <\/div>\n            <\/div>\n        <\/div>\n    <\/div>\n<\/div>\n","protected":false},"excerpt":{"rendered":"","protected":false},"author":5,"featured_media":0,"parent":0,"menu_order":0,"comment_status":"closed","ping_status":"closed","template":"","meta":{"footnotes":""},"categories":[],"tags":[],"class_list":["post-9860","page","type-page","status-publish","hentry"],"_links":{"self":[{"href":"https:\/\/www.ranqer.com\/de\/wp-json\/wp\/v2\/pages\/9860","targetHints":{"allow":["GET"]}}],"collection":[{"href":"https:\/\/www.ranqer.com\/de\/wp-json\/wp\/v2\/pages"}],"about":[{"href":"https:\/\/www.ranqer.com\/de\/wp-json\/wp\/v2\/types\/page"}],"author":[{"embeddable":true,"href":"https:\/\/www.ranqer.com\/de\/wp-json\/wp\/v2\/users\/5"}],"replies":[{"embeddable":true,"href":"https:\/\/www.ranqer.com\/de\/wp-json\/wp\/v2\/comments?post=9860"}],"version-history":[{"count":33,"href":"https:\/\/www.ranqer.com\/de\/wp-json\/wp\/v2\/pages\/9860\/revisions"}],"predecessor-version":[{"id":15427,"href":"https:\/\/www.ranqer.com\/de\/wp-json\/wp\/v2\/pages\/9860\/revisions\/15427"}],"wp:attachment":[{"href":"https:\/\/www.ranqer.com\/de\/wp-json\/wp\/v2\/media?parent=9860"}],"wp:term":[{"taxonomy":"category","embeddable":true,"href":"https:\/\/www.ranqer.com\/de\/wp-json\/wp\/v2\/categories?post=9860"},{"taxonomy":"post_tag","embeddable":true,"href":"https:\/\/www.ranqer.com\/de\/wp-json\/wp\/v2\/tags?post=9860"}],"curies":[{"name":"wp","href":"https:\/\/api.w.org\/{rel}","templated":true}]}}