{"id":9845,"date":"2024-03-21T11:50:13","date_gmt":"2024-03-21T10:50:13","guid":{"rendered":"https:\/\/ranqer.com\/?page_id=9845"},"modified":"2024-04-23T15:57:20","modified_gmt":"2024-04-23T13:57:20","slug":"ranqer-premium-gaming-stuhl-rollen","status":"publish","type":"page","link":"https:\/\/www.ranqer.com\/de\/ranqer-premium-gaming-stuhl-rollen\/","title":{"rendered":"Ranqer Premium Gaming Chair Wheels"},"content":{"rendered":"<div class=\"section--product-highlight wf-section\">\n    <div class=\"container w-container\">\n      <div class=\"product-highlight__grid\">\n        <div class=\"product-highlight__column\">\n          <div class=\"product-highlight__image-wrapper\">\n              <img decoding=\"async\" src=\"https:\/\/www.ranqer.com\/wp-content\/uploads\/2024\/02\/ranqer_gaming_chair_wheels_castors_for_hard_floors_1.png\" loading=\"lazy\" sizes=\"100vw\" alt=\"RANQER Premium Gaming Stuhl Rollen\" class=\"product-highlight__img\">\n                                <img decoding=\"async\" src=\"https:\/\/www.ranqer.com\/wp-content\/themes\/vallonic-ranqer\/dist\/images\/vallonic__ranqer-com__product-highlight__backdrop-single-color2x_fceffc2a.png\" loading=\"lazy\" sizes=\"100vw\" alt=\"\" class=\"product-highlight__background\">\n                        <\/div>\n        <\/div>\n        <div class=\"product-highlight__column\">\n          <div class=\"product-highlight__details\">\n            <h2 class=\"product-highlight__h2\">\n                                                                <span class=\"product-highlight__h2__orange\">GAMING<\/span> ACCESSOIRES\n            <\/h2>\n            <h1 class=\"product-highlight__h1\">\n                RANQER Premium Gaming Stuhl Rollen\n            <\/h1>\n            <p class=\"product-highlight__desc\">\n                Wir stellen die Ranqer Premium Gaming Stuhl Wheels vor, die speziell f\u00fcr harte B\u00f6den wie Holzoberfl\u00e4chen entwickelt wurden. Diese aus hochwertigem Gummi gefertigten R\u00e4der sorgen f\u00fcr ein sanftes und leises Rollen und minimieren die Ger\u00e4uschentwicklung bei intensiven Gaming-Sessions. Mit einem Durchmesser von 11 Zentimetern bieten sie eine verbesserte Stabilit\u00e4t auf dem Boden, verhindern ein Wackeln und sorgen f\u00fcr ein sicheres Sitzerlebnis. R\u00fcsten Sie Ihren Gaming-Stuhl mit den RANQER Premium Gaming Chair Wheels auf, um ein leiseres, stabileres und sanfteres Rollen auf harten B\u00f6den zu gew\u00e4hrleisten, damit Sie sich ganz auf Ihr Spiel konzentrieren k\u00f6nnen. \n            <\/p>\n            <a href=\"#\" data-scroll=\"section--dealers\" class=\"product-highlight__button\">\n                Shop Online\n            <\/a>\n            <div class=\"product-highlight__actions\">\n                                <a\n                      class=\"product-highlight__single-action\"\n                      href=\"#\"\n                      data-scroll=\"section--detail-shots\"\n                  >\n                      Mehr entdecken \u2192\n                  <\/a>\n                            \n            <\/div>\n          <\/div>\n        <\/div>\n      <\/div>\n    <\/div>\n            <div class=\"product-highlight__bottom-border\"><\/div>\n        \n    <img decoding=\"async\" src=\"https:\/\/www.ranqer.com\/wp-content\/themes\/vallonic-ranqer\/dist\/images\/vallonic__ranqer-com__product-highlight__decorative-elements_7b623bd8.svg\" loading=\"lazy\" alt=\"\" class=\"product-highlight__decoration\">\n<\/div>\n\n\n\n<p><\/p>\n\n\n<div class=\"section--detail-shots wf-section\">\n    <div class=\"container w-container\">\n        <h2 class=\"generic-typography__section-title\">\n                                                DAS QUALIT\u00c4TSVERSPRECHEN <span class=\"collection__title__orange\">VON RANQER<\/span>\n        <\/h2>\n    <\/div>\n                                    \n\n              <div class=\"detail-shots__section is--first\">\n                  <div class=\"detail-shots__image-column\">\n                      <img decoding=\"async\" src=\"https:\/\/www.ranqer.com\/wp-content\/uploads\/2024\/02\/Ranqer-gaming-chair-wheels-close-up.png\" loading=\"lazy\" alt=\"\" class=\"detail-shots__single-image\">\n                  <\/div>\n                  <div class=\"detail-shots__desc-column is--right\">\n                      <div class=\"detail-shots__desc-column__inner is--right\">\n                          <h3 class=\"detail-shots__desc-title\">\n                              ROLLEN F\u00dcR HARTE B\u00d6DEN\n                          <\/h3>\n                          <h4 class=\"generic-typography__sub-title bottom--15 top--0\">\n                              Beugt Kratzer auf dem Boden vor\n                          <\/h4>\n                          <p class=\"generic-typography__paragraph\">\n                              Unsere Gaming-Rollen sind mit glatten, abriebfesten Oberfl\u00e4chen ausgestattet, die nahtlos \u00fcber harte B\u00f6den gleiten und diese vor Besch\u00e4digungen sch\u00fctzen. Mit ihrem ergonomischen Design und ihrer Pr\u00e4zisionstechnik sorgen diese R\u00e4der daf\u00fcr, dass sich Ihr Gaming-Stuhl mit Leichtigkeit bewegt und gleichzeitig Ihre Investition in den Bodenbelag gesch\u00fctzt wird.\n                          <\/p>\n                      <\/div>\n                  <\/div>\n              <\/div>\n                                                            <div class=\"detail-shots__section \">\n                    <div class=\"detail-shots__desc-column is--left\">\n                        <div class=\"detail-shots__desc-column__inner is--left\">\n                            <h3 class=\"detail-shots__desc-title\">\n                                PREMIUM QUALIT\u00c4T\n                            <\/h3>\n                            <h4 class=\"generic-typography__sub-title bottom--15 top--0\">\n                                F\u00fcr die Zukunft gemacht\n                            <\/h4>\n                            <p class=\"generic-typography__paragraph\">\n                                Unsere Gaming Rollen sind auf Langlebigkeit ausgelegt und halten unz\u00e4hligen Stunden intensiven Spielens stand. Jede einzelne Komponente wird sorgf\u00e4ltig aus hochwertigen Materialien und Pr\u00e4zisionsmechanik hergestellt, um eine lange Lebensdauer zu gew\u00e4hrleisten. Ganz gleich, ob Sie ein Gelegenheitsspieler oder ein erfahrener Profi sind, Sie k\u00f6nnen sich darauf verlassen, dass unsere Gaming-R\u00e4der selbst den anspruchsvollsten Gaming-Sessions standhalten. Investiere in Qualit\u00e4t, Zuverl\u00e4ssigkeit und Ausdauer &#8211; denn wenn es um Gaming geht, sind unsere Laufr\u00e4der wirklich f\u00fcr die Ewigkeit gemacht.\n                            <\/p>\n                        <\/div>\n                    <\/div>\n                    <div class=\"detail-shots__image-column\">\n                        <img decoding=\"async\" src=\"https:\/\/www.ranqer.com\/wp-content\/uploads\/2024\/02\/Ranqer-gaming-chair-wheels-detail-shot.png\" loading=\"lazy\" alt=\"\" class=\"detail-shots__single-image\">\n                    <\/div>\n                <\/div>\n                        <\/div>\n\n\n<div class=\"section--double-p wf-section\">\n    <div class=\"container w-container\">\n        <div class=\"double-p__title-wrapper\">\n                            <h2 class=\"double-p__main-title is--large\">\n                                        VERBESSERN SIE IHR<strong class=\"double-p__main-title__orange\"> GAMING SETUP<\/strong>\n                <\/h2>\n\n                <h3 class=\"double-p__main-title is--sub\">\n                                        RANQER <strong class=\"double-p__main-title__orange\">GAMING CHAIR ROLLEN<\/strong>\n                <\/h3>\n                    <\/div>\n                    <div class=\"double-p__grid\">\n                                    <div class=\"double-p__block\">\n                        <h3 class=\"generic-typography__sub-title bottom--15 top--0\">Einfache Bewegungen, gesch\u00fctzter Boden<\/h3>\n                                                    <p class=\"generic-typography__paragraph\">Wir stellen die ultimative L\u00f6sung f\u00fcr Gamer vor, die ihre harten B\u00f6den sch\u00fctzen wollen, ohne Kompromisse bei der Leistung einzugehen &#8211; Gaming-Stuhlrollen, die speziell f\u00fcr harte Oberfl\u00e4chen entwickelt wurden. Verabschieden Sie sich von Kratzern, Schrammen und Abdr\u00fccken auf Ihren Hartholz-, Fliesen- oder Laminatb\u00f6den und freuen Sie sich auf eine reibungslose, m\u00fchelose Bewegung, die Ihr Spielerlebnis noch verbessert.<\/p>\n\n                                            <\/div>\n                                    <div class=\"double-p__block\">\n                        <h3 class=\"generic-typography__sub-title bottom--15 top--0\"><\/h3>\n                                                    <p class=\"generic-typography__paragraph\">\n                                <p class=\"p2\">Aber es geht nicht nur um Schutz &#8211; unsere Gaming-Stuhlrollen verbessern auch das gesamte Spielerlebnis. Mit ihrem ergonomischen Design und ihrer Pr\u00e4zisionstechnik bieten diese Rollen eine reibungslose, reaktionsschnelle Bewegung, die es Ihnen erm\u00f6glicht, w\u00e4hrend intensiver Gaming-Sessions mit Pr\u00e4zision und Agilit\u00e4t zu man\u00f6vrieren.<\/p>\n\n                            <\/p>\n                                            <\/div>\n                            <\/div>\n            <\/div>\n<\/div>\n\n\n<div class=\"section--selling-points  wf-section\">\n    <div class=\"container w-container\">\n                                <div class=\"selling-points__title\">\n                            <h2 class=\"generic-typography__section-title\">\n                    Unsere <span class=\"collection__title__orange\">St\u00e4rken<\/span>\n                <\/h2>\n                    <\/div>\n        <div class=\"selling-points__grid\">\n                                                <div class=\"selling-points__single\">\n                        <div class=\"selling-points__single__inner\">\n                            <div class=\"selling-points__single__text\">\n                                Sehr ergonomisch\n                            <\/div>\n                            <div class=\"selling-points__single__icon-wrapper\">\n                                <img decoding=\"async\" src=\"https:\/\/www.ranqer.com\/wp-content\/themes\/vallonic-ranqer\/dist\/images\/vallonic__ranqer-com__icons__ergonomic__orange_46a0c9d8.svg\" loading=\"lazy\" width=\"21\" alt=\"\" class=\"selling-points__single__icon\">\n                            <\/div>\n                        <\/div>\n                    <\/div>\n                                    <div class=\"selling-points__single\">\n                        <div class=\"selling-points__single__inner\">\n                            <div class=\"selling-points__single__text\">\n                                Inspiriert durch den Rennsport\n                            <\/div>\n                            <div class=\"selling-points__single__icon-wrapper\">\n                                <img decoding=\"async\" src=\"https:\/\/www.ranqer.com\/wp-content\/themes\/vallonic-ranqer\/dist\/images\/vallonic__ranqer-com__icons__racing__orange_7c54f02f.svg\" loading=\"lazy\" width=\"21\" alt=\"\" class=\"selling-points__single__icon\">\n                            <\/div>\n                        <\/div>\n                    <\/div>\n                                    <div class=\"selling-points__single\">\n                        <div class=\"selling-points__single__inner\">\n                            <div class=\"selling-points__single__text\">\n                                Niederl\u00e4ndisches Design\n                            <\/div>\n                            <div class=\"selling-points__single__icon-wrapper\">\n                                <img decoding=\"async\" src=\"https:\/\/www.ranqer.com\/wp-content\/themes\/vallonic-ranqer\/dist\/images\/vallonic__ranqer-com__icons__design__orange_5cb9e4bc.svg\" loading=\"lazy\" width=\"21\" alt=\"\" class=\"selling-points__single__icon\">\n                            <\/div>\n                        <\/div>\n                    <\/div>\n                                    <\/div>\n                            <div class=\"selling-points__cta-wrapper\">\n                <a\n                    href=\"#\"\n                    data-scroll=\"section--dealers\"\n                    class=\"selling-points__cta\"\n                >\n                    Entdecken\n                <\/a>\n            <\/div>\n            <\/div>\n<\/div>\n\n\n<div class=\"section--dealers wf-section\" id=\"dealers\">\n    <div class=\"container w-container\">\n        <div class=\"dealers__description-grid\">\n            <div class=\"dealers__desc-column\">\n                <h2 class=\"generic-typography__section-title\">\n                                                                                Liebe zum <span class=\"collection__title__orange\">DETAIL<\/span>\n                <\/h2>\n                <h3 class=\"generic-typography__sub-title bottom--15\">\n                    Jetzt bestellen\n                <\/h3>\n                <p class=\"generic-typography__paragraph\">\n                    Das moderne und zeitlose Design ist perfekt mit den ergonomischen Funktionen der Ranqer Gaming Chairs integriert. Dadurch passen sie perfekt in jede Umgebung, sei es in einem B\u00fcro, im Home Office oder in einem Gaming Zimmer.\r\n\n                <\/p>\n            <\/div>\n        <\/div>\n                    <div class=\"dealers__grid\">\n                                    <div class=\"dealers__single-dealer\">\n                        <a href=\"https:\/\/www.sbsupply.de\/gaming-chair-wheels-black\" class=\"dealers__single__a w-inline-block\" target=\"_blank\" rel=\"noopener\">\n                            <img decoding=\"async\" src=\"https:\/\/www.ranqer.com\/wp-content\/uploads\/2021\/09\/sbsupply-logo-500x1000-1.png\" loading=\"lazy\" alt=\"\" class=\"dealers__single__logo-img\">\n                            <div class=\"dealers__single__details\">\n                                                            <div class=\"dealers__single__countries\">\n                                                                                                          <div class=\"dealers__single__countries__single\">Deutschland<\/div>\n                                                                <\/div>\n                              <img decoding=\"async\" src=\"https:\/\/www.ranqer.com\/wp-content\/themes\/vallonic-ranqer\/dist\/images\/vallonic__ranqer-com__icons__arrow-right__orange_143c2b49.svg\" loading=\"lazy\" alt=\"\" class=\"dealers__single__arrow-right\">\n                            <\/div>\n                        <\/a>\n                    <\/div>\n                                    <div class=\"dealers__single-dealer\">\n                        <a href=\"https:\/\/www.kaufland.de\/s\/?search_value=ranqer%20\" class=\"dealers__single__a w-inline-block\" target=\"_blank\" rel=\"noopener\">\n                            <img decoding=\"async\" src=\"https:\/\/www.ranqer.com\/wp-content\/uploads\/2021\/11\/kaufland-1.png\" loading=\"lazy\" alt=\"\" class=\"dealers__single__logo-img\">\n                            <div class=\"dealers__single__details\">\n                                                            <div class=\"dealers__single__countries\">\n                                                                                                          <div class=\"dealers__single__countries__single\">Deutschland<\/div>\n                                                                <\/div>\n                              <img decoding=\"async\" src=\"https:\/\/www.ranqer.com\/wp-content\/themes\/vallonic-ranqer\/dist\/images\/vallonic__ranqer-com__icons__arrow-right__orange_143c2b49.svg\" loading=\"lazy\" alt=\"\" class=\"dealers__single__arrow-right\">\n                            <\/div>\n                        <\/a>\n                    <\/div>\n                                    <div class=\"dealers__single-dealer\">\n                        <a href=\"https:\/\/www.mediamarkt.de\/de\/search.html?query=ranqer&amp;t=1711012533848&amp;queryMeta%5Bga_query%5D=ranqer&amp;queryMeta%5BqueryHash%5D=cedf8d702928b991ac13e1d3825e11affbb45254075406790b3d9c6c9c5c6693&amp;queryMeta%5BqueryRequestId%5D=cedf8d702928b991ac13e1d3825e11affbb45254075406790b3d9c6c9c5c6693\" class=\"dealers__single__a w-inline-block\" target=\"_blank\" rel=\"noopener\">\n                            <img decoding=\"async\" src=\"https:\/\/www.ranqer.com\/wp-content\/uploads\/2024\/03\/kisspng-logo-media-markt-ignite-uk-5b185d77154382.8184630015283234470871.png\" loading=\"lazy\" alt=\"\" class=\"dealers__single__logo-img\">\n                            <div class=\"dealers__single__details\">\n                                                            <div class=\"dealers__single__countries\">\n                                                                                                          <div class=\"dealers__single__countries__single\">Deutschland<\/div>\n                                                                <\/div>\n                              <img decoding=\"async\" src=\"https:\/\/www.ranqer.com\/wp-content\/themes\/vallonic-ranqer\/dist\/images\/vallonic__ranqer-com__icons__arrow-right__orange_143c2b49.svg\" loading=\"lazy\" alt=\"\" class=\"dealers__single__arrow-right\">\n                            <\/div>\n                        <\/a>\n                    <\/div>\n                                    <div class=\"dealers__single-dealer\">\n                        <a href=\"https:\/\/www.amazon.de\/dp\/B0CRF73KC4?&amp;linkCode=ll1&amp;tag=ranqer-21&amp;linkId=70bbfa763243f535da3ee8c0bf83b722&amp;language=de_DE&amp;ref_=as_li_ss_tl\" class=\"dealers__single__a w-inline-block\" target=\"_blank\" rel=\"noopener\">\n                            <img decoding=\"async\" src=\"https:\/\/www.ranqer.com\/wp-content\/uploads\/2021\/09\/vallonic__ranqer-com__dealers__amazon2x.png\" loading=\"lazy\" alt=\"\" class=\"dealers__single__logo-img\">\n                            <div class=\"dealers__single__details\">\n                                                            <div class=\"dealers__single__countries\">\n                                                                                                          <div class=\"dealers__single__countries__single\">Deutschland<\/div>\n                                                                <\/div>\n                              <img decoding=\"async\" src=\"https:\/\/www.ranqer.com\/wp-content\/themes\/vallonic-ranqer\/dist\/images\/vallonic__ranqer-com__icons__arrow-right__orange_143c2b49.svg\" loading=\"lazy\" alt=\"\" class=\"dealers__single__arrow-right\">\n                            <\/div>\n                        <\/a>\n                    <\/div>\n                            <\/div>\n                            <\/div>\n<\/div>\n\n\n<div class=\"section--product-downloads bottom--0 wf-section\">\n    <div class=\"container w-container\">\n        <div class=\"product-downloads__grid\">\n            <div class=\"product-downloads__column\">\n                <h2 class=\"generic-typography__section-title\">\n                                        PRODUKT\u00dcBERSICHT\n                <\/h2>\n                <h3 class=\"generic-typography__sub-title bottom--15\">\n                    Spezifikationen\n                <\/h3>\n                <p class=\"generic-typography__paragraph\">\n                    <p>Gummirollen (5 St\u00fcck)<br \/>\nPassend f\u00fcr alle Ranqer, Gear4U, Nordic Gaming und Fourze Gaming St\u00fchle<br \/>\nGeeignet f\u00fcr harte Oberfl\u00e4chen wie Holzb\u00f6den<br \/>\nF\u00f6rdert reibungslose Bewegung und Komfort<br \/>\nStabilere Position auf dem Boden<br \/>\nGlatt auf harten B\u00f6den<\/p>\n\n                <\/p>\n                <div class=\"product-downloads__actions-grid\">\n                                    <\/div>\n            <\/div>\n            <div class=\"product-downloads__column\">\n                <div class=\"product-downloads__decoration-wrapper\">\n                    <img decoding=\"async\" src=\"https:\/\/www.ranqer.com\/wp-content\/uploads\/2024\/04\/vallonic__ranqer-com__logo__full-orange_b536aaf5-1.png\" loading=\"lazy\" alt=\"\" class=\"product-downloads__decoration-img\">\n                <\/div>\n            <\/div>\n        <\/div>\n    <\/div>\n<\/div>\n","protected":false},"excerpt":{"rendered":"","protected":false},"author":5,"featured_media":0,"parent":0,"menu_order":0,"comment_status":"closed","ping_status":"closed","template":"","meta":{"footnotes":""},"categories":[],"tags":[],"class_list":["post-9845","page","type-page","status-publish","hentry"],"_links":{"self":[{"href":"https:\/\/www.ranqer.com\/de\/wp-json\/wp\/v2\/pages\/9845","targetHints":{"allow":["GET"]}}],"collection":[{"href":"https:\/\/www.ranqer.com\/de\/wp-json\/wp\/v2\/pages"}],"about":[{"href":"https:\/\/www.ranqer.com\/de\/wp-json\/wp\/v2\/types\/page"}],"author":[{"embeddable":true,"href":"https:\/\/www.ranqer.com\/de\/wp-json\/wp\/v2\/users\/5"}],"replies":[{"embeddable":true,"href":"https:\/\/www.ranqer.com\/de\/wp-json\/wp\/v2\/comments?post=9845"}],"version-history":[{"count":25,"href":"https:\/\/www.ranqer.com\/de\/wp-json\/wp\/v2\/pages\/9845\/revisions"}],"predecessor-version":[{"id":15772,"href":"https:\/\/www.ranqer.com\/de\/wp-json\/wp\/v2\/pages\/9845\/revisions\/15772"}],"wp:attachment":[{"href":"https:\/\/www.ranqer.com\/de\/wp-json\/wp\/v2\/media?parent=9845"}],"wp:term":[{"taxonomy":"category","embeddable":true,"href":"https:\/\/www.ranqer.com\/de\/wp-json\/wp\/v2\/categories?post=9845"},{"taxonomy":"post_tag","embeddable":true,"href":"https:\/\/www.ranqer.com\/de\/wp-json\/wp\/v2\/tags?post=9845"}],"curies":[{"name":"wp","href":"https:\/\/api.w.org\/{rel}","templated":true}]}}