{"id":9796,"date":"2024-03-21T10:55:36","date_gmt":"2024-03-21T09:55:36","guid":{"rendered":"https:\/\/ranqer.com\/?page_id=9796"},"modified":"2024-04-22T11:04:21","modified_gmt":"2024-04-22T09:04:21","slug":"ranqer-mauspad","status":"publish","type":"page","link":"https:\/\/www.ranqer.com\/de\/ranqer-mauspad\/","title":{"rendered":"Ranqer Mousepad"},"content":{"rendered":"<div class=\"section--product-highlight wf-section\">\n    <div class=\"container w-container\">\n      <div class=\"product-highlight__grid\">\n        <div class=\"product-highlight__column\">\n          <div class=\"product-highlight__image-wrapper\">\n              <img decoding=\"async\" src=\"https:\/\/www.ranqer.com\/wp-content\/uploads\/2024\/02\/Ranqer-mousepad-main-picture.png\" loading=\"lazy\" sizes=\"100vw\" alt=\"RANQER MAUSPAD\" class=\"product-highlight__img\">\n                                <img decoding=\"async\" src=\"https:\/\/www.ranqer.com\/wp-content\/themes\/vallonic-ranqer\/dist\/images\/vallonic__ranqer-com__product-highlight__backdrop-multicolor_30a08ed0.png\" loading=\"lazy\" sizes=\"100vw\" alt=\"\" class=\"product-highlight__background\">\n                        <\/div>\n        <\/div>\n        <div class=\"product-highlight__column\">\n          <div class=\"product-highlight__details\">\n            <h2 class=\"product-highlight__h2\">\n                                                                <span class=\"product-highlight__h2__orange\">ERGONOMISCHES<\/span> MAUSPAD\n            <\/h2>\n            <h1 class=\"product-highlight__h1\">\n                RANQER MAUSPAD\n            <\/h1>\n            <p class=\"product-highlight__desc\">\n                Entdecken Sie das Ranqer Mauspad, das f\u00fcr ein reibungsloses Spielerlebnis entwickelt wurde. Hergestellt aus hochwertigem Stoff, bietet es pr\u00e4zise Bewegungen und eine rutschfeste Gummibasis f\u00fcr sicheren Halt auf Ihrem Schreibtisch. Mit einer gro\u00dfz\u00fcgigen Gr\u00f6\u00dfe von 70&#215;30 cm bietet es ausreichend Platz f\u00fcr Ihre Maus und erm\u00f6glicht Ihnen, Ihr Spiel in jeder Ecke des Schreibtisches zu genie\u00dfen. Die spezielle Unterseite sorgt daf\u00fcr, dass das Mauspad w\u00e4hrend des Spielens fest an Ort und Stelle bleibt, w\u00e4hrend der weiche Stoff Kratzer auf Ihrer Maus verhindert und f\u00fcr eine schnelle Reaktion sorgt.\n            <\/p>\n            <a href=\"#\" data-scroll=\"section--dealers\" class=\"product-highlight__button\">\n                Shop Online\n            <\/a>\n            <div class=\"product-highlight__actions\">\n                                <a\n                      class=\"product-highlight__single-action\"\n                      href=\"#\"\n                      data-scroll=\"section--detail-shots\"\n                  >\n                      Mehr entdecken \u2192\n                  <\/a>\n                            \n            <\/div>\n          <\/div>\n        <\/div>\n      <\/div>\n    <\/div>\n            <div class=\"product-highlight__bottom-border\"><\/div>\n        \n    <img decoding=\"async\" src=\"https:\/\/www.ranqer.com\/wp-content\/themes\/vallonic-ranqer\/dist\/images\/vallonic__ranqer-com__product-highlight__decorative-elements_7b623bd8.svg\" loading=\"lazy\" alt=\"\" class=\"product-highlight__decoration\">\n<\/div>\n\n\n<div class=\"section--detail-shots wf-section\">\n    <div class=\"container w-container\">\n        <h2 class=\"generic-typography__section-title\">\n                                                RANQERS <span class=\"collection__title__orange\">QUALIT\u00c4TSVERSPRECHEN<\/span>\n        <\/h2>\n    <\/div>\n                                    \n\n              <div class=\"detail-shots__section is--first\">\n                  <div class=\"detail-shots__image-column\">\n                      <img decoding=\"async\" src=\"https:\/\/www.ranqer.com\/wp-content\/uploads\/2024\/02\/Ranqer-mousepad-close-up.png\" loading=\"lazy\" alt=\"\" class=\"detail-shots__single-image\">\n                  <\/div>\n                  <div class=\"detail-shots__desc-column is--right\">\n                      <div class=\"detail-shots__desc-column__inner is--right\">\n                          <h3 class=\"detail-shots__desc-title\">\n                              Premium Qualit\u00e4t \n                          <\/h3>\n                          <h4 class=\"generic-typography__sub-title bottom--15 top--0\">\n                              Nur das Beste\n                          <\/h4>\n                          <p class=\"generic-typography__paragraph\">\n                              Werten Sie Ihren Arbeitsplatz oder Ihr Gaming-Setup mit unserem Mauspad in Premium-Qualit\u00e4t auf und entdecken Sie den Unterschied, den echte Handwerkskunst ausmacht. Denn wenn es um Qualit\u00e4t geht, ist nichts weniger als das Beste gut genug. Unser Mousepad ist mehr als nur eine Oberfl\u00e4che; es ist eine Leinwand f\u00fcr deine Kreativit\u00e4t, eine B\u00fchne f\u00fcr deine Pr\u00e4zision und ein Zeugnis f\u00fcr kompromisslose Qualit\u00e4t.\n                          <\/p>\n                      <\/div>\n                  <\/div>\n              <\/div>\n                        <\/div>\n\n\n<div class=\"section--double-p wf-section\">\n    <div class=\"container w-container\">\n        <div class=\"double-p__title-wrapper\">\n                            <h2 class=\"double-p__main-title is--large\">\n                                        Verbessern Sie <strong class=\"double-p__main-title__orange\">Ihre Kontrolle<\/strong>\n                <\/h2>\n\n                <h3 class=\"double-p__main-title is--sub\">\n                                        RANQER <strong class=\"double-p__main-title__orange\">MAUSEPAD<\/strong>\n                <\/h3>\n                    <\/div>\n                    <div class=\"double-p__grid\">\n                                    <div class=\"double-p__block\">\n                        <h3 class=\"generic-typography__sub-title bottom--15 top--0\">Pr\u00e4zision in Perfektion<\/h3>\n                                                    <p class=\"generic-typography__paragraph\">Entfesseln Sie Pr\u00e4zision, Kontrolle und Stil mit unserem hochwertigen Mousepad, dem ultimativen Begleiter f\u00fcr Ihr Gaming- oder Arbeits-Setup. Unser speziell f\u00fcr Gamer und Profis entwickeltes Mousepad steigert Ihre Leistung und verleiht Ihrem Arbeitsbereich einen Hauch von Raffinesse. Aber unser Mousepad ist nicht nur funktional, sondern auch ein echtes Statement. Mit seinem schlanken Design und den hochwertigen Materialien verleiht es jedem Schreibtisch oder Gaming-Setup einen Hauch von Eleganz. Erh\u00e4ltlich in verschiedenen Gr\u00f6\u00dfen und Stilen, kannst du das perfekte Mousepad w\u00e4hlen, das deine \u00c4sthetik abrundet und deinen Arbeitsbereich aufwertet.<\/p>\n\n                                            <\/div>\n                                    <div class=\"double-p__block\">\n                        <h3 class=\"generic-typography__sub-title bottom--15 top--0\"><\/h3>\n                                                    <p class=\"generic-typography__paragraph\">Unser Mauspad wurde f\u00fcr reibungslose und m\u00fchelose Mausbewegungen entwickelt und verf\u00fcgt \u00fcber eine mikrotexturierte Oberfl\u00e4che, die f\u00fcr pixelgenaue Pr\u00e4zision und Reaktionsf\u00e4higkeit sorgt, egal ob Sie spielen, entwerfen oder einfach nur im Internet surfen. Verabschieden Sie sich von frustrierenden Ausrutschern und Rutschen &#8211; unsere rutschfeste Gummibasis h\u00e4lt das Mousepad fest an seinem Platz, selbst bei den intensivsten Spielsessions oder anspruchsvollen Arbeitsaufgaben.<\/p>\n\n                                            <\/div>\n                            <\/div>\n            <\/div>\n<\/div>\n\n\n<div class=\"section--dealers wf-section\" id=\"dealers\">\n    <div class=\"container w-container\">\n        <div class=\"dealers__description-grid\">\n            <div class=\"dealers__desc-column\">\n                <h2 class=\"generic-typography__section-title\">\n                                                                                Liebe zum <span class=\"collection__title__orange\">DETAIL<\/span>\n                <\/h2>\n                <h3 class=\"generic-typography__sub-title bottom--15\">\n                    Jetzt bestellen\n                <\/h3>\n                <p class=\"generic-typography__paragraph\">\n                    Das moderne und zeitlose Design ist perfekt mit den ergonomischen Funktionen der Ranqer-Produkte integriert. Dadurch passen sie perfekt in jede Umgebung, sei es in einem B\u00fcro, im Home Office oder in einem Gaming Zimmer.\r\n\n                <\/p>\n            <\/div>\n        <\/div>\n                    <div class=\"dealers__grid\">\n                                    <div class=\"dealers__single-dealer\">\n                        <a href=\"https:\/\/www.sbsupply.de\/ranqer\" class=\"dealers__single__a w-inline-block\" target=\"_blank\" rel=\"noopener\">\n                            <img decoding=\"async\" src=\"https:\/\/www.ranqer.com\/wp-content\/uploads\/2021\/09\/sbsupply-logo-500x1000-1.png\" loading=\"lazy\" alt=\"\" class=\"dealers__single__logo-img\">\n                            <div class=\"dealers__single__details\">\n                                                            <div class=\"dealers__single__countries\">\n                                                                                                          <div class=\"dealers__single__countries__single\">Deutschland<\/div>\n                                                                <\/div>\n                              <img decoding=\"async\" src=\"https:\/\/www.ranqer.com\/wp-content\/themes\/vallonic-ranqer\/dist\/images\/vallonic__ranqer-com__icons__arrow-right__orange_143c2b49.svg\" loading=\"lazy\" alt=\"\" class=\"dealers__single__arrow-right\">\n                            <\/div>\n                        <\/a>\n                    <\/div>\n                                    <div class=\"dealers__single-dealer\">\n                        <a href=\"https:\/\/www.kaufland.de\/product\/468043731\/?search_value=ranqer\" class=\"dealers__single__a w-inline-block\" target=\"_blank\" rel=\"noopener\">\n                            <img decoding=\"async\" src=\"https:\/\/www.ranqer.com\/wp-content\/uploads\/2021\/11\/kaufland-1.png\" loading=\"lazy\" alt=\"\" class=\"dealers__single__logo-img\">\n                            <div class=\"dealers__single__details\">\n                                                            <div class=\"dealers__single__countries\">\n                                                                                                          <div class=\"dealers__single__countries__single\">Deutschland<\/div>\n                                                                <\/div>\n                              <img decoding=\"async\" src=\"https:\/\/www.ranqer.com\/wp-content\/themes\/vallonic-ranqer\/dist\/images\/vallonic__ranqer-com__icons__arrow-right__orange_143c2b49.svg\" loading=\"lazy\" alt=\"\" class=\"dealers__single__arrow-right\">\n                            <\/div>\n                        <\/a>\n                    <\/div>\n                                    <div class=\"dealers__single-dealer\">\n                        <a href=\"https:\/\/www.mediamarkt.de\/de\/search.html?query=ranqer&amp;t=1711012533848&amp;queryMeta%5Bga_query%5D=ranqer&amp;queryMeta%5BqueryHash%5D=cedf8d702928b991ac13e1d3825e11affbb45254075406790b3d9c6c9c5c6693&amp;queryMeta%5BqueryRequestId%5D=cedf8d702928b991ac13e1d3825e11affbb45254075406790b3d9c6c9c5c6693\" class=\"dealers__single__a w-inline-block\" target=\"_blank\" rel=\"noopener\">\n                            <img decoding=\"async\" src=\"https:\/\/www.ranqer.com\/wp-content\/uploads\/2024\/03\/kisspng-logo-media-markt-ignite-uk-5b185d77154382.8184630015283234470871.png\" loading=\"lazy\" alt=\"\" class=\"dealers__single__logo-img\">\n                            <div class=\"dealers__single__details\">\n                                                            <div class=\"dealers__single__countries\">\n                                                                                                          <div class=\"dealers__single__countries__single\">Deutschland<\/div>\n                                                                <\/div>\n                              <img decoding=\"async\" src=\"https:\/\/www.ranqer.com\/wp-content\/themes\/vallonic-ranqer\/dist\/images\/vallonic__ranqer-com__icons__arrow-right__orange_143c2b49.svg\" loading=\"lazy\" alt=\"\" class=\"dealers__single__arrow-right\">\n                            <\/div>\n                        <\/a>\n                    <\/div>\n                            <\/div>\n                            <\/div>\n<\/div>\n\n\n<div class=\"section--product-downloads bottom--0 wf-section\">\n    <div class=\"container w-container\">\n        <div class=\"product-downloads__grid\">\n            <div class=\"product-downloads__column\">\n                <h2 class=\"generic-typography__section-title\">\n                                        PRODUKT\u00dcBERSICHT\n                <\/h2>\n                <h3 class=\"generic-typography__sub-title bottom--15\">\n                    Spezifikationen\n                <\/h3>\n                <p class=\"generic-typography__paragraph\">\n                    <div class=\"short-description\">\n<p>Extra breit<br \/>\nRutschfestes Mauspad mit extra viel Grip<br \/>\nExtra weich, verhindert Kratzer auf der Maus und sorgt f\u00fcr extra schnelle Reaktion<br \/>\nExtra fein und perfekt verarbeitet<br \/>\nTastatur und Maus passen perfekt<br \/>\nProduktgr\u00f6\u00dfe: 70cm x 30cm<\/p>\n<\/div>\n\n                <\/p>\n                <div class=\"product-downloads__actions-grid\">\n                                    <\/div>\n            <\/div>\n            <div class=\"product-downloads__column\">\n                <div class=\"product-downloads__decoration-wrapper\">\n                    <img decoding=\"async\" src=\"https:\/\/www.ranqer.com\/wp-content\/uploads\/2024\/04\/vallonic__ranqer-com__logo__full-orange_b536aaf5-1.png\" loading=\"lazy\" alt=\"\" class=\"product-downloads__decoration-img\">\n                <\/div>\n            <\/div>\n        <\/div>\n    <\/div>\n<\/div>\n","protected":false},"excerpt":{"rendered":"","protected":false},"author":5,"featured_media":0,"parent":0,"menu_order":0,"comment_status":"closed","ping_status":"closed","template":"","meta":{"footnotes":""},"categories":[],"tags":[],"class_list":["post-9796","page","type-page","status-publish","hentry"],"_links":{"self":[{"href":"https:\/\/www.ranqer.com\/de\/wp-json\/wp\/v2\/pages\/9796","targetHints":{"allow":["GET"]}}],"collection":[{"href":"https:\/\/www.ranqer.com\/de\/wp-json\/wp\/v2\/pages"}],"about":[{"href":"https:\/\/www.ranqer.com\/de\/wp-json\/wp\/v2\/types\/page"}],"author":[{"embeddable":true,"href":"https:\/\/www.ranqer.com\/de\/wp-json\/wp\/v2\/users\/5"}],"replies":[{"embeddable":true,"href":"https:\/\/www.ranqer.com\/de\/wp-json\/wp\/v2\/comments?post=9796"}],"version-history":[{"count":38,"href":"https:\/\/www.ranqer.com\/de\/wp-json\/wp\/v2\/pages\/9796\/revisions"}],"predecessor-version":[{"id":15285,"href":"https:\/\/www.ranqer.com\/de\/wp-json\/wp\/v2\/pages\/9796\/revisions\/15285"}],"wp:attachment":[{"href":"https:\/\/www.ranqer.com\/de\/wp-json\/wp\/v2\/media?parent=9796"}],"wp:term":[{"taxonomy":"category","embeddable":true,"href":"https:\/\/www.ranqer.com\/de\/wp-json\/wp\/v2\/categories?post=9796"},{"taxonomy":"post_tag","embeddable":true,"href":"https:\/\/www.ranqer.com\/de\/wp-json\/wp\/v2\/tags?post=9796"}],"curies":[{"name":"wp","href":"https:\/\/api.w.org\/{rel}","templated":true}]}}