{"id":8968,"date":"2024-01-30T14:41:22","date_gmt":"2024-01-30T13:41:22","guid":{"rendered":"https:\/\/ranqer.com\/?page_id=8968"},"modified":"2024-03-26T16:13:08","modified_gmt":"2024-03-26T15:13:08","slug":"impressum","status":"publish","type":"page","link":"https:\/\/www.ranqer.com\/de\/impressum\/","title":{"rendered":"Impressum"},"content":{"rendered":"\n<p>  <br><br><br><br><br><\/p>\n\n\n\n<p>Ranqer International B.V.<br>Monumentstraat 1B<br>5038AR TILBURG<br>Niederlande<\/p>\n\n\n\n<p>Telefon: +31 (0)13 7009794<br>Gesch\u00e4ftsf\u00fchrer: Sander Alphonsius Hendrikus Berendsen<\/p>\n\n\n\n<p>E-Mail: info@ranqer.com<\/p>\n\n\n\n<p>Umsatzsteuer-Identifikationsnummer: NL862418203B01<\/p>\n\n\n\n<p>WEEE-Reg.-Nr.:DE 30475427<\/p>\n\n\n\n<p>Verantwortlich gem\u00e4\u00df \u00a7 55 RStV:<\/p>\n\n\n\n<p>Sander Alphonsius Hendrikus Berendsen<\/p>\n\n\n\n<p>Online-Streitbeilegung gem\u00e4\u00df Art. 14 Abs. 1 ODR-VO: Die Europ\u00e4ische Kommission stellt eine Plattform zur Online-Streitbeilegung (OS) bereit, die Sie hier finden http:\/\/ec.europa.eu\/consumers\/odr\/.<\/p>\n","protected":false},"excerpt":{"rendered":"<p>Ranqer International B.V.Monumentstraat 1B5038AR TILBURGNiederlande Telefon: +31 (0)13 7009794Gesch\u00e4ftsf\u00fchrer: Sander Alphonsius Hendrikus Berendsen E-Mail: info@ranqer.com Umsatzsteuer-Identifikationsnummer: NL862418203B01 WEEE-Reg.-Nr.:DE 30475427 Verantwortlich gem\u00e4\u00df \u00a7 55 RStV: Sander Alphonsius Hendrikus Berendsen Online-Streitbeilegung gem\u00e4\u00df Art. 14 Abs. 1 ODR-VO: Die Europ\u00e4ische Kommission stellt eine Plattform zur Online-Streitbeilegung (OS) bereit, die Sie hier finden http:\/\/ec.europa.eu\/consumers\/odr\/.<\/p>\n","protected":false},"author":2,"featured_media":0,"parent":0,"menu_order":0,"comment_status":"closed","ping_status":"closed","template":"","meta":{"footnotes":""},"categories":[],"tags":[],"class_list":["post-8968","page","type-page","status-publish","hentry"],"_links":{"self":[{"href":"https:\/\/www.ranqer.com\/de\/wp-json\/wp\/v2\/pages\/8968","targetHints":{"allow":["GET"]}}],"collection":[{"href":"https:\/\/www.ranqer.com\/de\/wp-json\/wp\/v2\/pages"}],"about":[{"href":"https:\/\/www.ranqer.com\/de\/wp-json\/wp\/v2\/types\/page"}],"author":[{"embeddable":true,"href":"https:\/\/www.ranqer.com\/de\/wp-json\/wp\/v2\/users\/2"}],"replies":[{"embeddable":true,"href":"https:\/\/www.ranqer.com\/de\/wp-json\/wp\/v2\/comments?post=8968"}],"version-history":[{"count":4,"href":"https:\/\/www.ranqer.com\/de\/wp-json\/wp\/v2\/pages\/8968\/revisions"}],"predecessor-version":[{"id":8972,"href":"https:\/\/www.ranqer.com\/de\/wp-json\/wp\/v2\/pages\/8968\/revisions\/8972"}],"wp:attachment":[{"href":"https:\/\/www.ranqer.com\/de\/wp-json\/wp\/v2\/media?parent=8968"}],"wp:term":[{"taxonomy":"category","embeddable":true,"href":"https:\/\/www.ranqer.com\/de\/wp-json\/wp\/v2\/categories?post=8968"},{"taxonomy":"post_tag","embeddable":true,"href":"https:\/\/www.ranqer.com\/de\/wp-json\/wp\/v2\/tags?post=8968"}],"curies":[{"name":"wp","href":"https:\/\/api.w.org\/{rel}","templated":true}]}}