{"id":5027,"date":"2022-07-29T10:39:52","date_gmt":"2022-07-29T08:39:52","guid":{"rendered":"https:\/\/ranqer.com\/?page_id=5027"},"modified":"2025-07-24T15:36:50","modified_gmt":"2025-07-24T13:36:50","slug":"gaming-stuhl-fur-grossere-und-schwerere-menschen","status":"publish","type":"page","link":"https:\/\/www.ranqer.com\/de\/gaming-stuhl-fur-grossere-und-schwerere-menschen\/","title":{"rendered":"Blog &#8211; Gaming chair for tall and heavier people"},"content":{"rendered":"\n<div class=\"wp-block-columns is-layout-flex wp-container-core-columns-is-layout-9d6595d7 wp-block-columns-is-layout-flex\">\n<div class=\"wp-block-column is-layout-flow wp-block-column-is-layout-flow\" style=\"flex-basis:100%\"><\/div>\n<\/div>\n\n\n<div class=\"section--full-width-image wf-section\">\n    \n    <div class=\"full-width-image__image-wrapper\">\n        <img decoding=\"async\" src=\"https:\/\/www.ranqer.com\/wp-content\/uploads\/2024\/07\/Banner_Ranqer_heavy_version2.png\" loading=\"lazy\" sizes=\"100vw\" alt=\"\" class=\"full-width-image__img\">\n    <\/div>\n\n            <img decoding=\"async\" src=\"https:\/\/www.ranqer.com\/wp-content\/themes\/vallonic-ranqer\/dist\/images\/vallonic__ranqer-com__decoration__divider-02_2f72479f.png\" loading=\"lazy\" alt=\"\" class=\"full-width-image__bottom-divider\">\n    <\/div>\n\n\n<div class=\"section--double-p wf-section\">\n    <div class=\"container w-container\">\n        <div class=\"double-p__title-wrapper\">\n                            <h2 class=\"double-p__main-title is--large\">\n                                        Gaming-Stuhl f\u00fcr gr\u00f6\u00dfere und schwerere Menschen\n                <\/h2>\n\n                <h3 class=\"double-p__main-title is--sub\">\n                                        <strong class=\"double-p__main-title__orange\">Wie treffe ich die richtige Auswahl?<\/strong>\n                <\/h3>\n                    <\/div>\n                    <div class=\"double-p__grid\">\n                                    <div class=\"double-p__block\">\n                        <h3 class=\"generic-typography__sub-title bottom--15 top--0\"><\/h3>\n                                                    <p class=\"generic-typography__paragraph\">Gaming-St\u00fchle f\u00fcr gr\u00f6\u00dfere oder schwerere Menschen sind oftmals ein Problem. Fast alle Gaming-St\u00fchle, die du bei Streamern oder YouTubern siehst, haben eine Gr\u00f6\u00dfen- und Gewichtsbeschr\u00e4nkung, die viele Menschen nicht erf\u00fcllen. Gl\u00fccklicherweise gibt es hervorragende Gaming-St\u00fchle f\u00fcr gr\u00f6\u00dfere und schwerere Menschen.<\/p>\n\n                                            <\/div>\n                                    <div class=\"double-p__block\">\n                        <h3 class=\"generic-typography__sub-title bottom--15 top--0\"><\/h3>\n                                                    <p class=\"generic-typography__paragraph\">Erstaunlicherweise sind die sogar bequemer als ihre Gegenst\u00fccke. In diesem Blog verraten wir dir, worauf du bei deiner Kaufentscheidung achten solltest und welcher Gaming-Stuhl der richtige f\u00fcr dich ist!<\/p>\n\n                                            <\/div>\n                            <\/div>\n            <\/div>\n<\/div>\n\n\n<div class=\"section--detail-shots wf-section\">\n    <div class=\"container w-container\">\n        <h2 class=\"generic-typography__section-title\">\n                                                \n        <\/h2>\n    <\/div>\n                                    \n\n              <div class=\"detail-shots__section is--first\">\n                  <div class=\"detail-shots__image-column\">\n                      <img decoding=\"async\" src=\"https:\/\/www.ranqer.com\/wp-content\/uploads\/2025\/07\/Untitled-design-21-1.png\" loading=\"lazy\" alt=\"\" class=\"detail-shots__single-image\">\n                  <\/div>\n                  <div class=\"detail-shots__desc-column is--right\">\n                      <div class=\"detail-shots__desc-column__inner is--right\">\n                          <h3 class=\"detail-shots__desc-title\">\n                              Ranqer Performance\n                          <\/h3>\n                          <h4 class=\"generic-typography__sub-title bottom--15 top--0\">\n                              \n                          <\/h4>\n                          <p class=\"generic-typography__paragraph\">\n                              Der Ranqer Performance ist der perfekte Gaming-Stuhl f\u00fcr schwere und gro\u00dfe Menschen. Seine hochwertige Verarbeitung, extra Polsterung und eine Belastbarkeit von bis zu 200 kg machen ihn unverzichtbar f\u00fcr das angenehmste Spiel-, Arbeits- und Lernerlebnis. Kein anderer Gaming-Stuhl hat diese Eigenschaften in einem eleganten Design. Der Performance ist der gr\u00f6\u00dfte und stabilste Gaming-Stuhl auf dem Markt. Obwohl dieser Gaming-Stuhl f\u00fcr schwere Menschen konzipiert ist, bietet er exzellenten Komfort f\u00fcr Gamer aller Gr\u00f6\u00dfen! Mit dem Gaslift der Klasse 4 und den 5 R\u00e4dern an der Basis ist dieser Gaming-Stuhl bei den gro\u00dfen Gamern sehr beliebt!\n                          <\/p>\n                      <\/div>\n                  <\/div>\n              <\/div>\n                        <\/div>\n\n\n<div class=\"section--double-p wf-section\">\n    <div class=\"container w-container\">\n        <div class=\"double-p__title-wrapper\">\n                            <h2 class=\"double-p__main-title\">\n                                        \n                <\/h2>\n                    <\/div>\n                    <div class=\"double-p__grid\">\n                                    <div class=\"double-p__block\">\n                        <h3 class=\"generic-typography__sub-title bottom--15 top--0\"><\/h3>\n                                                    <p class=\"generic-typography__paragraph\">\n                                <h2>TECHNISCHE DATEN DES COMFORT<\/h2>\n\n                            <\/p>\n                                            <\/div>\n                                    <div class=\"double-p__block\">\n                        <h3 class=\"generic-typography__sub-title bottom--15 top--0\"><\/h3>\n                                                    <p class=\"generic-typography__paragraph\">&#8211; H\u00f6he: 125-133 cm<\/p>\n<p class=\"generic-typography__paragraph\">&#8211; Verstellbare Armlehne<\/p>\n<p class=\"generic-typography__paragraph\">&#8211; Star Base<\/p>\n<p class=\"generic-typography__paragraph\">&#8211; Klasse 4 Gaslift<\/p>\n<p class=\"generic-typography__paragraph\">&#8211; Verstellbare H\u00f6he<\/p>\n<p class=\"generic-typography__paragraph\">&#8211; Verstellbarer Sitz<\/p>\n<p class=\"generic-typography__paragraph\">&#8211; Belastbarkeit: bis zu 200 kg<\/p>\n<p class=\"generic-typography__paragraph\">&#8211; Sitz: Breite 51 cm, H\u00f6he verstellbar bis zu 8 cm, Tiefe 48 cm<\/p>\n<p class=\"generic-typography__paragraph\">&#8211; R\u00fcckenlehne: Breite 46 cm, H\u00f6he 78 cm<\/p>\n<p class=\"generic-typography__paragraph\">&nbsp;<\/p>\n<p class=\"generic-typography__paragraph\">Hier geht es zum <a href=\"https:\/\/ranqer.com\/de\/ranqer-comfort-gaming-stuhl\/\" target=\"_blank\" rel=\"noopener\">Ranqer Comfort<\/a><\/p>\n\n                                            <\/div>\n                            <\/div>\n            <\/div>\n<\/div>\n\n\n\n<p><\/p>\n\n\n<div class=\"section--detail-shots wf-section\">\n    <div class=\"container w-container\">\n        <h2 class=\"generic-typography__section-title\">\n                                                \n        <\/h2>\n    <\/div>\n                                    \n\n              <div class=\"detail-shots__section is--first\">\n                  <div class=\"detail-shots__image-column\">\n                      <img decoding=\"async\" src=\"https:\/\/www.ranqer.com\/wp-content\/uploads\/2024\/07\/Ranqer_Felix_orange_150kg.png\" loading=\"lazy\" alt=\"\" class=\"detail-shots__single-image\">\n                  <\/div>\n                  <div class=\"detail-shots__desc-column is--right\">\n                      <div class=\"detail-shots__desc-column__inner is--right\">\n                          <h3 class=\"detail-shots__desc-title\">\n                              Ranqer Felix\n                          <\/h3>\n                          <h4 class=\"generic-typography__sub-title bottom--15 top--0\">\n                              \n                          <\/h4>\n                          <p class=\"generic-typography__paragraph\">\n                              Dieser Gaming-Stuhl bietet ein erstklassiges Sitzerlebnis zu einem Einstiegspreis. Alle in dieser Serie verwendeten Komponenten und Materialien wurden sorgf\u00e4ltig ausgew\u00e4hlt, um dir den Komfort zu bieten, den du bei langen Sitzungen am Computer verdienst. Auch wenn du ein bisschen gr\u00f6\u00dfer bist! \n                          <\/p>\n                      <\/div>\n                  <\/div>\n              <\/div>\n                        <\/div>\n\n\n<div class=\"section--double-p wf-section\">\n    <div class=\"container w-container\">\n        <div class=\"double-p__title-wrapper\">\n                            <h2 class=\"double-p__main-title\">\n                                        \n                <\/h2>\n                    <\/div>\n                    <div class=\"double-p__grid\">\n                                    <div class=\"double-p__block\">\n                        <h3 class=\"generic-typography__sub-title bottom--15 top--0\"><\/h3>\n                                                    <p class=\"generic-typography__paragraph\">\n                                <h2>TECHNISCHE DATEN DES FELIX<\/h2>\n\n                            <\/p>\n                                            <\/div>\n                                    <div class=\"double-p__block\">\n                        <h3 class=\"generic-typography__sub-title bottom--15 top--0\"><\/h3>\n                                                    <p class=\"generic-typography__paragraph\">&#8211; Sitzh\u00f6he, Armlehnen und R\u00fcckenlehne verstellbar<\/p>\n<p class=\"generic-typography__paragraph\">&#8211; Belastbarkeit: bis zu 150 kg<\/p>\n<p class=\"generic-typography__paragraph\">&#8211; R\u00fccken- und Nackenkissen<\/p>\n<p class=\"generic-typography__paragraph\">&nbsp;<\/p>\n<p class=\"generic-typography__paragraph\">Der <a href=\"https:\/\/ranqer.com\/de\/ranqer-felix-gaming-stuhl\/\" target=\"_blank\" rel=\"noopener\">Ranqer Felix Gaming Stuhl<\/a> ist in verschiedenen Farben erh\u00e4ltlich<\/p>\n\n                                            <\/div>\n                            <\/div>\n            <\/div>\n<\/div>\n\n\n\n<div class=\"wp-block-columns is-layout-flex wp-container-core-columns-is-layout-9d6595d7 wp-block-columns-is-layout-flex\">\n<div class=\"wp-block-column is-layout-flow wp-block-column-is-layout-flow\" style=\"flex-basis:100%\"><\/div>\n<\/div>\n\n\n<div class=\"section--dealers wf-section\" id=\"dealers\">\n    <div class=\"container w-container\">\n        <div class=\"dealers__description-grid\">\n            <div class=\"dealers__desc-column\">\n                <h2 class=\"generic-typography__section-title\">\n                                                                                JETZT <span class=\"collection__title__orange\">BESTELLEN<\/span>\n                <\/h2>\n                <h3 class=\"generic-typography__sub-title bottom--15\">\n                    \n                <\/h3>\n                <p class=\"generic-typography__paragraph\">\n                    Alle Ranqer-St\u00fchle sind aus strapazierf\u00e4higem, hochwertigem PU-Leder gefertigt, um Langlebigkeit zu garantieren. Sie haben alle einen Kippmechanismus f\u00fcr die aufrechte bis abw\u00e4rts gerichtete Positionierung und sind h\u00f6henverstellbar. Die Ranqer Gaming-St\u00fchle haben au\u00dferdem ein Fu\u00dfkreuz aus Nylon, so dass du nicht durch die knarrenden Ger\u00e4usche, die ein Metallfu\u00dfkreuz normalerweise verursacht, gest\u00f6rt wirst. Au\u00dferdem ist das Gestell mit (farbigen) Akzenten aus rutschfestem Material versehen, auf dem du deine F\u00fc\u00dfe abstellen kannst.\n                <\/p>\n            <\/div>\n        <\/div>\n                    <div class=\"dealers__grid\">\n                                    <div class=\"dealers__single-dealer\">\n                        <a href=\"https:\/\/www.sbsupply.de\/ranqer-comfort-office-chair-gaming-chair-white-black\" class=\"dealers__single__a w-inline-block\" target=\"_blank\" rel=\"noopener\">\n                            <img decoding=\"async\" src=\"https:\/\/www.ranqer.com\/wp-content\/uploads\/2021\/09\/sbsupply-logo-500x1000-1.png\" loading=\"lazy\" alt=\"\" class=\"dealers__single__logo-img\">\n                            <div class=\"dealers__single__details\">\n                                                            <div class=\"dealers__single__countries\">\n                                                                                                          <div class=\"dealers__single__countries__single\">Deutschland<\/div>\n                                                                <\/div>\n                              <img decoding=\"async\" src=\"https:\/\/www.ranqer.com\/wp-content\/themes\/vallonic-ranqer\/dist\/images\/vallonic__ranqer-com__icons__arrow-right__orange_143c2b49.svg\" loading=\"lazy\" alt=\"\" class=\"dealers__single__arrow-right\">\n                            <\/div>\n                        <\/a>\n                    <\/div>\n                                    <div class=\"dealers__single-dealer\">\n                        <a href=\"https:\/\/www.amazon.de\/Ranqer-Comfort-Office-Chair-Gaming\/dp\/B0BTZB2F3P?ref_=ast_sto_dp\" class=\"dealers__single__a w-inline-block\" target=\"_blank\" rel=\"noopener\">\n                            <img decoding=\"async\" src=\"https:\/\/www.ranqer.com\/wp-content\/uploads\/2021\/09\/vallonic__ranqer-com__dealers__amazon2x.png\" loading=\"lazy\" alt=\"\" class=\"dealers__single__logo-img\">\n                            <div class=\"dealers__single__details\">\n                                                            <div class=\"dealers__single__countries\">\n                                                                                                          <div class=\"dealers__single__countries__single\">Deutschland<\/div>\n                                                                <\/div>\n                              <img decoding=\"async\" src=\"https:\/\/www.ranqer.com\/wp-content\/themes\/vallonic-ranqer\/dist\/images\/vallonic__ranqer-com__icons__arrow-right__orange_143c2b49.svg\" loading=\"lazy\" alt=\"\" class=\"dealers__single__arrow-right\">\n                            <\/div>\n                        <\/a>\n                    <\/div>\n                                    <div class=\"dealers__single-dealer\">\n                        <a href=\"https:\/\/www.kaufland.de\/s\/?search_value=ranqer%20comfort\" class=\"dealers__single__a w-inline-block\" target=\"_blank\" rel=\"noopener\">\n                            <img decoding=\"async\" src=\"https:\/\/www.ranqer.com\/wp-content\/uploads\/2021\/11\/kaufland-1.png\" loading=\"lazy\" alt=\"\" class=\"dealers__single__logo-img\">\n                            <div class=\"dealers__single__details\">\n                                                            <div class=\"dealers__single__countries\">\n                                                                                                          <div class=\"dealers__single__countries__single\">Deutschland<\/div>\n                                                                <\/div>\n                              <img decoding=\"async\" src=\"https:\/\/www.ranqer.com\/wp-content\/themes\/vallonic-ranqer\/dist\/images\/vallonic__ranqer-com__icons__arrow-right__orange_143c2b49.svg\" loading=\"lazy\" alt=\"\" class=\"dealers__single__arrow-right\">\n                            <\/div>\n                        <\/a>\n                    <\/div>\n                                    <div class=\"dealers__single-dealer\">\n                        <a href=\"https:\/\/www.mediamarkt.de\/de\/product\/_ranqer-comfort-gaming-stuhl-weiss-136910391.html\" class=\"dealers__single__a w-inline-block\" target=\"_blank\" rel=\"noopener\">\n                            <img decoding=\"async\" src=\"https:\/\/www.ranqer.com\/wp-content\/uploads\/2024\/03\/kisspng-logo-media-markt-ignite-uk-5b185d77154382.8184630015283234470871.png\" loading=\"lazy\" alt=\"\" class=\"dealers__single__logo-img\">\n                            <div class=\"dealers__single__details\">\n                                                            <div class=\"dealers__single__countries\">\n                                                                                                          <div class=\"dealers__single__countries__single\">Deutschland<\/div>\n                                                                <\/div>\n                              <img decoding=\"async\" src=\"https:\/\/www.ranqer.com\/wp-content\/themes\/vallonic-ranqer\/dist\/images\/vallonic__ranqer-com__icons__arrow-right__orange_143c2b49.svg\" loading=\"lazy\" alt=\"\" class=\"dealers__single__arrow-right\">\n                            <\/div>\n                        <\/a>\n                    <\/div>\n                            <\/div>\n                            <\/div>\n<\/div>\n","protected":false},"excerpt":{"rendered":"","protected":false},"author":5,"featured_media":0,"parent":0,"menu_order":0,"comment_status":"closed","ping_status":"closed","template":"","meta":{"footnotes":""},"categories":[],"tags":[],"class_list":["post-5027","page","type-page","status-publish","hentry"],"_links":{"self":[{"href":"https:\/\/www.ranqer.com\/de\/wp-json\/wp\/v2\/pages\/5027","targetHints":{"allow":["GET"]}}],"collection":[{"href":"https:\/\/www.ranqer.com\/de\/wp-json\/wp\/v2\/pages"}],"about":[{"href":"https:\/\/www.ranqer.com\/de\/wp-json\/wp\/v2\/types\/page"}],"author":[{"embeddable":true,"href":"https:\/\/www.ranqer.com\/de\/wp-json\/wp\/v2\/users\/5"}],"replies":[{"embeddable":true,"href":"https:\/\/www.ranqer.com\/de\/wp-json\/wp\/v2\/comments?post=5027"}],"version-history":[{"count":51,"href":"https:\/\/www.ranqer.com\/de\/wp-json\/wp\/v2\/pages\/5027\/revisions"}],"predecessor-version":[{"id":18546,"href":"https:\/\/www.ranqer.com\/de\/wp-json\/wp\/v2\/pages\/5027\/revisions\/18546"}],"wp:attachment":[{"href":"https:\/\/www.ranqer.com\/de\/wp-json\/wp\/v2\/media?parent=5027"}],"wp:term":[{"taxonomy":"category","embeddable":true,"href":"https:\/\/www.ranqer.com\/de\/wp-json\/wp\/v2\/categories?post=5027"},{"taxonomy":"post_tag","embeddable":true,"href":"https:\/\/www.ranqer.com\/de\/wp-json\/wp\/v2\/tags?post=5027"}],"curies":[{"name":"wp","href":"https:\/\/api.w.org\/{rel}","templated":true}]}}