{"id":4888,"date":"2022-07-29T10:38:15","date_gmt":"2022-07-29T08:38:15","guid":{"rendered":"https:\/\/ranqer.com\/?page_id=4888"},"modified":"2024-04-18T15:08:00","modified_gmt":"2024-04-18T13:08:00","slug":"wie-pflege-ich-meinen-gaming-stuhl","status":"publish","type":"page","link":"https:\/\/www.ranqer.com\/de\/wie-pflege-ich-meinen-gaming-stuhl\/","title":{"rendered":"Blog &#8211; How to maintain my gaming chair?"},"content":{"rendered":"\n<div class=\"wp-block-columns is-layout-flex wp-container-core-columns-is-layout-9d6595d7 wp-block-columns-is-layout-flex\">\n<div class=\"wp-block-column is-layout-flow wp-block-column-is-layout-flow\" style=\"flex-basis:100%\"><\/div>\n<\/div>\n\n\n<div class=\"section--full-width-image wf-section\">\n    \n    <div class=\"full-width-image__image-wrapper\">\n        <img decoding=\"async\" src=\"https:\/\/www.ranqer.com\/wp-content\/uploads\/2022\/06\/gamestoel-onderhouden.jpg\" loading=\"lazy\" sizes=\"100vw\" alt=\"\" class=\"full-width-image__img\">\n    <\/div>\n\n            <img decoding=\"async\" src=\"https:\/\/www.ranqer.com\/wp-content\/themes\/vallonic-ranqer\/dist\/images\/vallonic__ranqer-com__decoration__divider-02_2f72479f.png\" loading=\"lazy\" alt=\"\" class=\"full-width-image__bottom-divider\">\n    <\/div>\n\n\n<div class=\"section--double-p wf-section\">\n    <div class=\"container w-container\">\n        <div class=\"double-p__title-wrapper\">\n                            <h2 class=\"double-p__main-title is--large\">\n                                        Wie pflege ich meinen Gaming-Stuhl?\n                <\/h2>\n\n                <h3 class=\"double-p__main-title is--sub\">\n                                        <strong class=\"double-p__main-title__orange\">Was muss ich tun?<\/strong>\n                <\/h3>\n                    <\/div>\n                    <div class=\"double-p__grid\">\n                                    <div class=\"double-p__block\">\n                        <h3 class=\"generic-typography__sub-title bottom--15 top--0\"><\/h3>\n                                                    <p class=\"generic-typography__paragraph\">Nat\u00fcrlich m\u00f6chte jeder so lange wie m\u00f6glich Freude an seinem Lieblingsstuhl von Ranqer haben. Es w\u00e4re sch\u00f6n, wenn dein Stuhl monatelang wie neu erhalten bleibt. Reinige deinen Stuhl alle 2 bis 3 Monate gr\u00fcndlich und lasse den Stuhl wieder erstrahlen. Du fragst dich, wie das geht und worauf du achten musst? Lies dir hier die Schritt-f\u00fcr-Schritt-Anleitung durch:<\/p>\n\n                                            <\/div>\n                            <\/div>\n            <\/div>\n<\/div>\n\n\n<div class=\"section--detail-shots wf-section\">\n    <div class=\"container w-container\">\n        <h2 class=\"generic-typography__section-title\">\n                                                DER ULTIMATIVE <span class=\"collection__title__orange\">PLAN<\/span>\n        <\/h2>\n    <\/div>\n                                    \n\n              <div class=\"detail-shots__section is--first\">\n                  <div class=\"detail-shots__image-column\">\n                      <img decoding=\"async\" src=\"https:\/\/www.ranqer.com\/wp-content\/uploads\/2022\/06\/ranqer-vacuum.jpg\" loading=\"lazy\" alt=\"\" class=\"detail-shots__single-image\">\n                  <\/div>\n                  <div class=\"detail-shots__desc-column is--right\">\n                      <div class=\"detail-shots__desc-column__inner is--right\">\n                          <h3 class=\"detail-shots__desc-title\">\n                              SCHRITT 1\n                          <\/h3>\n                          <h4 class=\"generic-typography__sub-title bottom--15 top--0\">\n                              Saugen\n                          <\/h4>\n                          <p class=\"generic-typography__paragraph\">\n                              Verwende einen Staubsauger, um Staub und kleine Partikel wie Kr\u00fcmel zu entfernen. Fahre mit dem Staubsauger \u00fcber die R\u00fcckenlehne, die Armlehnen und den Sitz. Wechsel dann den Aufsatz des Staubsaugers, um auch an schwer zug\u00e4ngliche Stellen wie die Hohlr\u00e4ume zwischen Sitz und R\u00fcckenlehne zu gelangen.\n                          <\/p>\n                      <\/div>\n                  <\/div>\n              <\/div>\n                                                            <div class=\"detail-shots__section \">\n                    <div class=\"detail-shots__desc-column is--left\">\n                        <div class=\"detail-shots__desc-column__inner is--left\">\n                            <h3 class=\"detail-shots__desc-title\">\n                                SCHRITT 2\n                            <\/h3>\n                            <h4 class=\"generic-typography__sub-title bottom--15 top--0\">\n                                Mit Wasser reinigen\n                            <\/h4>\n                            <p class=\"generic-typography__paragraph\">\n                                Du kannst einen Fleck auf verschiedene Weise entfernen. Versuche es zun\u00e4chst mit einem nassen Tuch. Je schneller du den Fleck entfernst, desto wahrscheinlicher ist es, dass er vollst\u00e4ndig herausgeht. Befeuchte ein Tuch und tupfe damit auf den Fleck. Wenn du einen Gro\u00dfteil der Fl\u00fcssigkeit aufgesaugt hast, kannst du den Fleck leicht abreiben, bis er verschwunden ist. Alle Ranqer-St\u00fchle sind mit strapazierf\u00e4higem PU-Leder gepolstert, das bei rechtzeitiger Behandlung die Wahrscheinlichkeit dauerhafter Flecken verringert.\n                            <\/p>\n                        <\/div>\n                    <\/div>\n                    <div class=\"detail-shots__image-column\">\n                        <img decoding=\"async\" src=\"https:\/\/www.ranqer.com\/wp-content\/uploads\/2022\/06\/ranqer-cleaning.jpg\" loading=\"lazy\" alt=\"\" class=\"detail-shots__single-image\">\n                    <\/div>\n                <\/div>\n                                            \n\n              <div class=\"detail-shots__section \">\n                  <div class=\"detail-shots__image-column\">\n                      <img decoding=\"async\" src=\"https:\/\/www.ranqer.com\/wp-content\/uploads\/2022\/06\/ranqer-package.jpg\" loading=\"lazy\" alt=\"\" class=\"detail-shots__single-image\">\n                  <\/div>\n                  <div class=\"detail-shots__desc-column is--right\">\n                      <div class=\"detail-shots__desc-column__inner is--right\">\n                          <h3 class=\"detail-shots__desc-title\">\n                              SCHRITT 3\n                          <\/h3>\n                          <h4 class=\"generic-typography__sub-title bottom--15 top--0\">\n                              \u00dcberpr\u00fcfe das Pflegeetikett\n                          <\/h4>\n                          <p class=\"generic-typography__paragraph\">\n                              \u00dcberpr\u00fcfe immer das Pflegeetikett deines Ranqer-Spielesessels. Es gibt verschiedene Arten von Reinigungsmitteln. Dies k\u00f6nnen chemische oder wasserbasierte L\u00f6sungsmittel sein. Die Verwendung von ungeeignetem Reinigungsmittel kann zu dauerhaften Flecken f\u00fchren. Probiere es deshalb zuerst an einer kleinen Stelle, z. B. an der Unterseite des Stuhls aus!\n                          <\/p>\n                      <\/div>\n                  <\/div>\n              <\/div>\n                        <\/div>\n\n\n\n<div class=\"wp-block-columns is-layout-flex wp-container-core-columns-is-layout-9d6595d7 wp-block-columns-is-layout-flex\">\n<div class=\"wp-block-column is-layout-flow wp-block-column-is-layout-flow\" style=\"flex-basis:100%\"><div class=\"section--double-p wf-section\">\n    <div class=\"container w-container\">\n        <div class=\"double-p__title-wrapper\">\n                            <h2 class=\"double-p__main-title\">\n                                        <strong class=\"double-p__main-title__orange\">Schritt 4.<\/strong> Reinigen mit einem Reinigungsmittel\n                <\/h2>\n                    <\/div>\n                    <div class=\"double-p__grid\">\n                                    <div class=\"double-p__block\">\n                        <h3 class=\"generic-typography__sub-title bottom--15 top--0\"><\/h3>\n                                                    <p class=\"generic-typography__paragraph\">Es gibt verschiedene Arten von Reinigungsmitteln. Sie k\u00f6nnen in fl\u00fcssiger oder pulverf\u00f6rmiger Form vorliegen. Lies immer die Anweisungen auf dem Produktetikett sorgf\u00e4ltig durch!<\/p>\n<p class=\"generic-typography__paragraph\">Bei einem Reinigungsmittel auf <strong>chemischer Basis<\/strong> f\u00fchrst du die folgenden Schritte durch:<\/p>\n<ol>\n<li>Gib etwas Reinigungsmittel auf ein trockenes Tuch und entferne damit die Flecken.<\/li>\n<li>Feuchte ein sauberes Tuch an und entferne die L\u00f6sungsmittelreste.<\/li>\n<\/ol>\n<p class=\"generic-typography__paragraph\">Gehe dabei vorsichtig vor, um neue Flecken auf dem Stuhl zu vermeiden.<\/p>\n<p class=\"generic-typography__paragraph\">Wenn du ein Reinigungsmittel auf <strong>Wasserbasis<\/strong> verwenden, kannst du die folgenden Schritte anwenden:<\/p>\n<ol>\n<li>F\u00fcge ein mildes Reinigungsmittel mit Wasser hinzu<\/li>\n<li>Benutze die Seifenlauge, um ein sauberes Tuch anzufeuchten<\/li>\n<li>Tupfe den Fleck sanft ab, um ihn zu l\u00f6sen. Versuche, so wenig wie m\u00f6glich zu reiben, um Sch\u00e4den zu vermeiden.<\/li>\n<\/ol>\n<p class=\"generic-typography__paragraph\"><span style=\"text-decoration: underline;\"><strong>Zus\u00e4tzlicher Schritt<\/strong><\/span>: Wenn du deinen Gaming-Stuhl zus\u00e4tzlich sch\u00fctzen m\u00f6chtest, kannst du eine Schutzfl\u00fcssigkeit auf die Oberfl\u00e4che des Sessels auftragen.<\/p>\n\n                                            <\/div>\n                            <\/div>\n            <\/div>\n<\/div>\n<\/div>\n<\/div>\n\n\n<div class=\"section--double-p wf-section\">\n    <div class=\"container w-container\">\n        <div class=\"double-p__title-wrapper\">\n                            <h2 class=\"double-p__main-title\">\n                                        <strong class=\"double-p__main-title__orange\">Schritt 5.<\/strong> Reinigung der R\u00e4der\n                <\/h2>\n                    <\/div>\n                    <div class=\"double-p__grid\">\n                                    <div class=\"double-p__block\">\n                        <h3 class=\"generic-typography__sub-title bottom--15 top--0\"><\/h3>\n                                                    <p class=\"generic-typography__paragraph\">Hast du bemerkt, dass die R\u00e4der nicht mehr reibungslos rollen? Sehr wahrscheinlich ist es an der Zeit, auch sie zu reinigen.<\/p>\n<p class=\"generic-typography__paragraph\">Drehe den Stuhl um und nimm die R\u00e4der vom Untergestell ab. Verwende einen scharfen Gegenstand, z. B. ein Buttermesser, um den Schmutz in und zwischen den R\u00e4dern zu entfernen. Schiebe das Messer in den Spalt zwischen den R\u00e4dern und der Haube und kratze den Schmutz raus.<\/p>\n<p class=\"generic-typography__paragraph\">Befeuchte dann ein Tuch und fahre damit \u00fcber und zwischen die R\u00e4der. Auf diese Weise kannst du den letzten Rest des Schmutzes entfernen. Vergiss nicht, die R\u00e4der anschlie\u00dfend mit einem trockenen Tuch abzuwischen, damit keine Feuchtigkeit zur\u00fcckbleibt.<\/p>\n<p class=\"generic-typography__paragraph\">Bring die R\u00e4der wieder am Stuhl an und voil\u00e0!<\/p>\n\n                                            <\/div>\n                            <\/div>\n            <\/div>\n<\/div>\n\n\n<div class=\"section--dealers wf-section\" id=\"dealers\">\n    <div class=\"container w-container\">\n        <div class=\"dealers__description-grid\">\n            <div class=\"dealers__desc-column\">\n                <h2 class=\"generic-typography__section-title\">\n                                                                                JETZT <span class=\"collection__title__orange\">BESTELLEN<\/span>\n                <\/h2>\n                <h3 class=\"generic-typography__sub-title bottom--15\">\n                    \n                <\/h3>\n                <p class=\"generic-typography__paragraph\">\n                    Alle Ranqer-St\u00fchle sind aus strapazierf\u00e4higem, hochwertigem PU-Leder gefertigt, um Langlebigkeit zu garantieren. Sie verf\u00fcgen alle \u00fcber einen Kippmechanismus f\u00fcr die aufrechte bis abw\u00e4rts gerichtete Positionierung und sind h\u00f6henverstellbar. Die Ranqer Gaming St\u00fchle haben auch einen Nylonfu\u00df, so dass du nicht durch die knarrenden Ger\u00e4usche, die ein Metallfu\u00df normalerweise macht, gest\u00f6rt wirst. Au\u00dferdem ist das Gestell mit (farbigen) Akzenten aus rutschfestem Material versehen, auf dem du deine F\u00fc\u00dfe abstellen kannst.\n                <\/p>\n            <\/div>\n        <\/div>\n                    <div class=\"dealers__grid\">\n                                    <div class=\"dealers__single-dealer\">\n                        <a href=\"https:\/\/www.sbsupply.de\/ranqer\" class=\"dealers__single__a w-inline-block\" target=\"_blank\" rel=\"noopener\">\n                            <img decoding=\"async\" src=\"https:\/\/www.ranqer.com\/wp-content\/uploads\/2021\/09\/sbsupply-logo-500x1000-1.png\" loading=\"lazy\" alt=\"\" class=\"dealers__single__logo-img\">\n                            <div class=\"dealers__single__details\">\n                                                            <div class=\"dealers__single__countries\">\n                                                                                                          <div class=\"dealers__single__countries__single\">Deutschland<\/div>\n                                                                <\/div>\n                              <img decoding=\"async\" src=\"https:\/\/www.ranqer.com\/wp-content\/themes\/vallonic-ranqer\/dist\/images\/vallonic__ranqer-com__icons__arrow-right__orange_143c2b49.svg\" loading=\"lazy\" alt=\"\" class=\"dealers__single__arrow-right\">\n                            <\/div>\n                        <\/a>\n                    <\/div>\n                                    <div class=\"dealers__single-dealer\">\n                        <a href=\"https:\/\/www.amazon.de\/ranqer\" class=\"dealers__single__a w-inline-block\" target=\"_blank\" rel=\"noopener\">\n                            <img decoding=\"async\" src=\"https:\/\/www.ranqer.com\/wp-content\/uploads\/2021\/09\/vallonic__ranqer-com__dealers__amazon2x.png\" loading=\"lazy\" alt=\"\" class=\"dealers__single__logo-img\">\n                            <div class=\"dealers__single__details\">\n                                                            <div class=\"dealers__single__countries\">\n                                                                                                          <div class=\"dealers__single__countries__single\">Deutschland<\/div>\n                                                                <\/div>\n                              <img decoding=\"async\" src=\"https:\/\/www.ranqer.com\/wp-content\/themes\/vallonic-ranqer\/dist\/images\/vallonic__ranqer-com__icons__arrow-right__orange_143c2b49.svg\" loading=\"lazy\" alt=\"\" class=\"dealers__single__arrow-right\">\n                            <\/div>\n                        <\/a>\n                    <\/div>\n                                    <div class=\"dealers__single-dealer\">\n                        <a href=\"https:\/\/www.kaufland.de\/manufacturer\/5472481\/\" class=\"dealers__single__a w-inline-block\" target=\"_blank\" rel=\"noopener\">\n                            <img decoding=\"async\" src=\"https:\/\/www.ranqer.com\/wp-content\/uploads\/2021\/11\/kaufland-1.png\" loading=\"lazy\" alt=\"\" class=\"dealers__single__logo-img\">\n                            <div class=\"dealers__single__details\">\n                                                            <div class=\"dealers__single__countries\">\n                                                                                                          <div class=\"dealers__single__countries__single\">Deutschland<\/div>\n                                                                <\/div>\n                              <img decoding=\"async\" src=\"https:\/\/www.ranqer.com\/wp-content\/themes\/vallonic-ranqer\/dist\/images\/vallonic__ranqer-com__icons__arrow-right__orange_143c2b49.svg\" loading=\"lazy\" alt=\"\" class=\"dealers__single__arrow-right\">\n                            <\/div>\n                        <\/a>\n                    <\/div>\n                                    <div class=\"dealers__single-dealer\">\n                        <a href=\"https:\/\/www.mediamarkt.de\/de\/search.html?query=Ranqer&amp;t=1711549893399&amp;queryMeta%5Bga_query%5D=Ranqer&amp;queryMeta%5BqueryHash%5D=cedf8d702928b991ac13e1d3825e11affbb45254075406790b3d9c6c9c5c6693&amp;queryMeta%5BqueryRequestId%5D=cedf8d702928b991ac13e1d3825e11affbb45254075406790b3d9c6c9c5c6693\" class=\"dealers__single__a w-inline-block\" target=\"_blank\" rel=\"noopener\">\n                            <img decoding=\"async\" src=\"https:\/\/www.ranqer.com\/wp-content\/uploads\/2024\/03\/kisspng-logo-media-markt-ignite-uk-5b185d77154382.8184630015283234470871.png\" loading=\"lazy\" alt=\"\" class=\"dealers__single__logo-img\">\n                            <div class=\"dealers__single__details\">\n                                                            <div class=\"dealers__single__countries\">\n                                                                                                          <div class=\"dealers__single__countries__single\">Deutschland<\/div>\n                                                                <\/div>\n                              <img decoding=\"async\" src=\"https:\/\/www.ranqer.com\/wp-content\/themes\/vallonic-ranqer\/dist\/images\/vallonic__ranqer-com__icons__arrow-right__orange_143c2b49.svg\" loading=\"lazy\" alt=\"\" class=\"dealers__single__arrow-right\">\n                            <\/div>\n                        <\/a>\n                    <\/div>\n                            <\/div>\n                            <\/div>\n<\/div>\n","protected":false},"excerpt":{"rendered":"","protected":false},"author":5,"featured_media":0,"parent":0,"menu_order":0,"comment_status":"closed","ping_status":"closed","template":"","meta":{"footnotes":""},"categories":[],"tags":[],"class_list":["post-4888","page","type-page","status-publish","hentry"],"_links":{"self":[{"href":"https:\/\/www.ranqer.com\/de\/wp-json\/wp\/v2\/pages\/4888","targetHints":{"allow":["GET"]}}],"collection":[{"href":"https:\/\/www.ranqer.com\/de\/wp-json\/wp\/v2\/pages"}],"about":[{"href":"https:\/\/www.ranqer.com\/de\/wp-json\/wp\/v2\/types\/page"}],"author":[{"embeddable":true,"href":"https:\/\/www.ranqer.com\/de\/wp-json\/wp\/v2\/users\/5"}],"replies":[{"embeddable":true,"href":"https:\/\/www.ranqer.com\/de\/wp-json\/wp\/v2\/comments?post=4888"}],"version-history":[{"count":19,"href":"https:\/\/www.ranqer.com\/de\/wp-json\/wp\/v2\/pages\/4888\/revisions"}],"predecessor-version":[{"id":14464,"href":"https:\/\/www.ranqer.com\/de\/wp-json\/wp\/v2\/pages\/4888\/revisions\/14464"}],"wp:attachment":[{"href":"https:\/\/www.ranqer.com\/de\/wp-json\/wp\/v2\/media?parent=4888"}],"wp:term":[{"taxonomy":"category","embeddable":true,"href":"https:\/\/www.ranqer.com\/de\/wp-json\/wp\/v2\/categories?post=4888"},{"taxonomy":"post_tag","embeddable":true,"href":"https:\/\/www.ranqer.com\/de\/wp-json\/wp\/v2\/tags?post=4888"}],"curies":[{"name":"wp","href":"https:\/\/api.w.org\/{rel}","templated":true}]}}