{"id":4772,"date":"2022-07-29T10:39:02","date_gmt":"2022-07-29T08:39:02","guid":{"rendered":"https:\/\/ranqer.com\/?page_id=4772"},"modified":"2024-04-18T15:05:49","modified_gmt":"2024-04-18T13:05:49","slug":"richtige-sitzposition-fuer-einen-gaming-stuhl","status":"publish","type":"page","link":"https:\/\/www.ranqer.com\/de\/richtige-sitzposition-fuer-einen-gaming-stuhl\/","title":{"rendered":"Blog &#8211; What is the correct sitting position for a gaming chair?"},"content":{"rendered":"\n<div class=\"wp-block-columns is-layout-flex wp-container-core-columns-is-layout-9d6595d7 wp-block-columns-is-layout-flex\">\n<div class=\"wp-block-column is-layout-flow wp-block-column-is-layout-flow\" style=\"flex-basis:100%\"><\/div>\n<\/div>\n\n\n<div class=\"section--full-width-image wf-section\">\n    \n    <div class=\"full-width-image__image-wrapper\">\n        <img decoding=\"async\" src=\"https:\/\/www.ranqer.com\/wp-content\/uploads\/2022\/06\/Juiste-houding-voor-een-gamestoel-2.jpg\" loading=\"lazy\" sizes=\"100vw\" alt=\"\" class=\"full-width-image__img\">\n    <\/div>\n\n            <img decoding=\"async\" src=\"https:\/\/www.ranqer.com\/wp-content\/themes\/vallonic-ranqer\/dist\/images\/vallonic__ranqer-com__decoration__divider-02_2f72479f.png\" loading=\"lazy\" alt=\"\" class=\"full-width-image__bottom-divider\">\n    <\/div>\n\n\n<div class=\"section--double-p wf-section\">\n    <div class=\"container w-container\">\n        <div class=\"double-p__title-wrapper\">\n                            <h2 class=\"double-p__main-title is--large\">\n                                        Was ist die richtige Sitzposition f\u00fcr einen Gaming-Stuhl?\n                <\/h2>\n\n                <h3 class=\"double-p__main-title is--sub\">\n                                        <strong class=\"double-p__main-title__orange\">Worauf sollte ich achten?<\/strong>\n                <\/h3>\n                    <\/div>\n                    <div class=\"double-p__grid\">\n                                    <div class=\"double-p__block\">\n                        <h3 class=\"generic-typography__sub-title bottom--15 top--0\"><\/h3>\n                                                    <p class=\"generic-typography__paragraph\">Ein Gaming-Stuhl ist heutzutage ein Muss f\u00fcr dein Gaming-Setup. Ein Gaming-Stuhl ist perfekt, um f\u00fcr ein besseres Spielerlebnis zu garantieren. Diese St\u00fchle sind so konstruiert, dass du lange hinter deiner Konsole sitzen kannst, ohne dass dein R\u00fccken oder Nacken schmerzt. Ein guter Gaming-Stuhl sorgt daf\u00fcr, dass du immer in der richtigen Position sitzt, denn wenn du das nicht tust, kann es langfristig zu Verletzungen kommen. Dar\u00fcber hinaus eignen sich Gaming-St\u00fchle auch hervorragend als B\u00fcrost\u00fchle, vor allem in der heutigen Zeit, in der wir sehr oft von zu Hause aus arbeiten. Auch wenn man von zu Hause aus arbeitet, ist es wichtig, dass man auf seinem Stuhl richtig sitzt. Was ist die richtige Haltung auf einem Gaming-Stuhl und wie stellt man sicher, dass man den richtigen Stuhl erwischt? Das kannst du in diesem Blog nachlesen!<\/p>\n\n                                            <\/div>\n                            <\/div>\n            <\/div>\n<\/div>\n\n\n<div class=\"section--double-p wf-section\">\n    <div class=\"container w-container\">\n        <div class=\"double-p__title-wrapper\">\n                            <h2 class=\"double-p__main-title\">\n                                        Warum ein Gaming-Stuhl?\n                <\/h2>\n                    <\/div>\n                    <div class=\"double-p__grid\">\n                                    <div class=\"double-p__block\">\n                        <h3 class=\"generic-typography__sub-title bottom--15 top--0\"><\/h3>\n                                                    <p class=\"generic-typography__paragraph\">Ein Gaming-Stuhl hat mehrere Vorteile gegen\u00fcber normalen B\u00fcrost\u00fchlen. Erstens sind sie ergonomisch. Das bedeutet, dass die St\u00fchle an die Gegebenheiten und Eigenschaften der Menschen angepasst werden k\u00f6nnen, sodass sie optimal arbeiten k\u00f6nnen. Warum ist das wichtig? Jeder Mensch hat einen anderen K\u00f6rperbau. Ein nicht ergonomischer Stuhl mag f\u00fcr die eine Person in Ordnung sein, f\u00fcr eine andere aber nicht. Ein Gaming-Stuhl kann so eingestellt werden, dass er f\u00fcr jeden perfekt passt!<\/p>\n<p class=\"generic-typography__paragraph\">Gaming-St\u00fchle sind mit Polstern bezogen, die sich gut an den K\u00f6rper anpassen. Oft sind die St\u00fchle mit einem zus\u00e4tzlichen verstellbaren Nacken- und R\u00fcckenkissen ausgestattet. Diese lassen sich so einstellen, dass man immer bequem sitzt, auch wenn man lange Zeit die gleiche Position einnehmen muss. Stets bequemes Sitzen reduziert auch den Stress. Wenn du mitten in einem spannenden Spiel sitzt oder einen langen Arbeitstag zu Hause hast, k\u00f6nnen R\u00fccken- oder Nackenprobleme zu Stress f\u00fchren.<\/p>\n<p class=\"generic-typography__paragraph\">M\u00f6chtest du mehr \u00fcber Gaming-St\u00fchle als B\u00fcrostuhl erfahren? Dann wirf einen Blick auf den <a href=\"https:\/\/ranqer.com\/de\/ranqer-felix-office-gaming-stuhl\/\" target=\"_blank\" rel=\"noopener\">Ranqer Felix Office<\/a>. Dieser Stuhl ist die perfekte Kombination aus Gaming- und B\u00fcrostuhl, da er \u00fcber alle Funktionen verf\u00fcgt, die f\u00fcr dich in Frage kommen.<\/p>\n\n                                            <\/div>\n                            <\/div>\n            <\/div>\n<\/div>\n\n\n<div class=\"section--double-p wf-section\">\n    <div class=\"container w-container\">\n        <div class=\"double-p__title-wrapper\">\n                            <h2 class=\"double-p__main-title\">\n                                        Wichtige Aspekte eines Gaming-Stuhls\n                <\/h2>\n                    <\/div>\n                    <div class=\"double-p__grid\">\n                                    <div class=\"double-p__block\">\n                        <h3 class=\"generic-typography__sub-title bottom--15 top--0\"><\/h3>\n                                                    <p class=\"generic-typography__paragraph\">Neben der Ergonomie eines Gaming-Stuhls gibt es einige weitere Aspekte, die f\u00fcr einen guten Gaming-Stuhl wichtig sind: Sitzh\u00f6he, Sitztiefe und Sitzbreite.<\/p>\n<ul>\n<li><strong>Sitzh\u00f6he<\/strong>: Die richtige Sitzh\u00f6he h\u00e4ngt nat\u00fcrlich von der Gr\u00f6\u00dfe der Person ab, die auf dem Stuhl sitzt. Dar\u00fcber hinaus gibt es eine Reihe von Aspekten, die daf\u00fcr sorgen, dass du die richtige Sitzh\u00f6he einh\u00e4ltst. Du solltest in der Lage sein, mit dem R\u00fccken fest an der R\u00fcckenlehne zu sitzen und gleichzeitig beide F\u00fc\u00dfe flach auf den Boden zu stellen. Ist dies nicht der Fall? Dann passe die H\u00f6he deines Stuhls an. Achte auch darauf, dass zwischen der Sitzfl\u00e4che und deinen Oberschenkeln noch Platz ist. Du solltest deine H\u00e4nde unter die Oberschenkel legen und mit den F\u00fc\u00dfen flach auf dem Boden stehen k\u00f6nnen. Wenn dies nicht m\u00f6glich ist, kann es langfristig zu Verletzungen kommen. Bist du sehr gro\u00df und suchst einen Gaming-Stuhl? Dann schau dir den <a href=\"https:\/\/ranqer.com\/de\/ranqer-felix-gaming-stuhl\/\" target=\"_blank\" rel=\"noopener\">Ranqer Felix<\/a>, <a href=\"https:\/\/ranqer.com\/de\/ranqer-felix-office-gaming-stuhl\/\" target=\"_blank\" rel=\"noopener\">Ranqer Felix Office<\/a>, <a href=\"https:\/\/ranqer.com\/de\/ranqer-performance-gaming-stuhl\/\" target=\"_blank\" rel=\"noopener\">Ranqer Performance<\/a> oder <a href=\"https:\/\/ranqer.com\/de\/ranqer-halo-rgb-gaming-stuhl\/\" target=\"_blank\" rel=\"noopener\">Ranqer Halo RGB<\/a> an.<\/li>\n<li><strong>Sitztiefe<\/strong>: Die Sitztiefe hat mit der Art und Weise zu tun, wie deine Oberschenkel auf dem Stuhl platziert sind. Eine gute Sitztiefe erreichst du, indem du deinen R\u00fccken an die R\u00fcckenlehne legst und dich ganz zur\u00fccklehnst. Die Kniekehlen sollten die Vorderseite des Stuhls nicht ber\u00fchren. Es sollte auch ein kleiner Freiraum vorhanden sein. Bist du klein und hast keinen Platz zwischen deinen Kniekehlen und der Vorderseite des Stuhls? Dann schaue dir St\u00fchle f\u00fcr kleinere Menschen an.<\/li>\n<li><strong>Sitzbreite<\/strong>: Deine H\u00fcftbreite ist wichtig f\u00fcr die Sitzbreite. Wenn du bequem auf dem Sitz des Gaming-Stuhls sitzen kannst, ohne dass die Seiten deiner Beine die Armlehnen ber\u00fchren, hast du die perfekte Sitzbreite. Wenn das nicht der Fall ist, kannst du dir den <a href=\"https:\/\/ranqer.com\/de\/ranqer-performance-gaming-stuhl\/\" target=\"_blank\" rel=\"noopener\">Ranqer Performance<\/a> ansehen. Dieses Modell ist noch breiter und hat eine maximale Belastbarkeit von 200 kg.<\/li>\n<\/ul>\n<p class=\"generic-typography__paragraph\">Wenn diese drei Aspekte nicht gut sind, kann es zu Verletzungen kommen. Schau dir also die Spezifikationen des Stuhls genau an, wenn du einen Stuhl kaufen willst. Und stelle sicher, dass du den Stuhl so einstellst, dass er perfekt zu dir passt.<\/p>\n\n                                            <\/div>\n                            <\/div>\n            <\/div>\n<\/div>\n\n\n<div class=\"section--double-p wf-section\">\n    <div class=\"container w-container\">\n        <div class=\"double-p__title-wrapper\">\n                            <h2 class=\"double-p__main-title\">\n                                        Wichtige Bestandteile eines Gaming-Stuhls\n                <\/h2>\n                    <\/div>\n                    <div class=\"double-p__grid\">\n                                    <div class=\"double-p__block\">\n                        <h3 class=\"generic-typography__sub-title bottom--15 top--0\"><\/h3>\n                                                    <p class=\"generic-typography__paragraph\">Ein Gaming-Stuhl besteht aus vielen Komponenten. Aber es gibt drei Teile, die dar\u00fcber entscheiden, ob du eine gute Haltung einnimmst oder nicht: die Sitzfl\u00e4che, die R\u00fcckenlehne und die Armlehnen.<\/p>\n<ul>\n<li><strong>Die Sitzfl\u00e4che<\/strong>: Wie unter Sitztiefe erw\u00e4hnt, ist es wichtig, dass die Kniekehlen die Vorderseite des Stuhls nicht ber\u00fchren. Es sollte ein kleiner Freiraum vorhanden sein. Au\u00dferdem solltest du deine Knie immer in einer 90\u00b0-Kurve halten; das ist besser f\u00fcr deinen R\u00fccken und deine Beine. Wenn der Stuhl zu lang ist, kannst du deine F\u00fc\u00dfe nicht mehr auf den Boden stellen. Und das wiederum ist wichtig f\u00fcr die Sitzh\u00f6he.<\/li>\n<li><strong>Die R\u00fcckenlehne<\/strong>: Sie sollte perfekt an deine Wirbels\u00e4ule angepasst sein. In den meisten F\u00e4llen bietet eine leicht gebogene R\u00fcckenlehne die optimale Sitzposition. Es ist wichtig, dass dein ganzer R\u00fccken die R\u00fcckenlehne ber\u00fchrt. Bei einem ergonomischen Gaming-Stuhl kannst du dies ganz allein einstellen. W\u00e4hle in diesem Fall einen Gaming-Stuhl mit einer verstellbaren R\u00fcckenlehne oder mit integrierten R\u00fccken- und Nackenkissen.<\/li>\n<li><strong>Die Armlehnen<\/strong>: Der letzte wichtige Teil des Gaming-Stuhls sind die Armlehnen. Diese sollten in der Lage sein, sich w\u00e4hrend der Hausaufgaben oder des Spiels mitzubewegen. Sie sollten sich nach oben und unten bewegen lassen und einziehbar sein. Du solltest auch auf die L\u00e4nge der Armlehnen achten. Sie sollten lang und breit genug sein, damit deine Ellbogen und Unterarme problemlos darauf ruhen k\u00f6nnen. Vorzugsweise in einem 90\u00b0-Winkel. Die ideale H\u00f6he f\u00fcr Ihre Armlehnen ist die gleiche H\u00f6he wie der Schreibtisch, an dem du sitzt. Wenn dies alles stimmt, vermeidest du das Risiko von Nacken-, Schulter- und R\u00fcckenbeschwerden.<\/li>\n<\/ul>\n<p class=\"generic-typography__paragraph\">Es wird zwischen verschiedenen Armlehnen unterschieden. Hier sind sie alle aufgef\u00fchrt:<\/p>\n<ul>\n<li style=\"list-style-type: none;\">\n<ul>\n<li><strong>1D-Armlehne<\/strong>: Die 1D-Armlehne ist nur in der H\u00f6he verstellbar. Mit dieser Armlehne kannst du deine Arme in der richtigen H\u00f6he, in einem 90\u00b0-Winkel, abst\u00fctzen.<\/li>\n<li><strong>2D-Armlehne<\/strong>: Die 2D-Armlehne ist sowohl in der H\u00f6he als auch in der Breite verstellbar. Hast du einen breiten oder schmalen Oberk\u00f6rper? Mit der Breitenverstellung kannst du die Armlehnen n\u00e4her oder weiter von Ihrem K\u00f6rper weg positionieren.<\/li>\n<li><strong>3D-Armlehne<\/strong>: Die 3D-Armlehne ist in der H\u00f6he, Breite und Tiefe verstellbar. Die Oberseite der Armlehne l\u00e4sst sich nach vorne oder hinten schieben. So kannst du den Abstand der Armlehne zum Schreibtisch f\u00fcr eine ergonomische Sitzposition bestimmen.<\/li>\n<li><strong>4D-Armlehne<\/strong>: Die 4D-Armlehne ist in H\u00f6he, Breite und Tiefe verstellbar und verf\u00fcgt \u00fcber ein schwenkbares Armkissen. Du kannst sie nach innen drehen, wenn du tippst, oder nach au\u00dfen, wenn du eine Maus verwendest. Auf diese Weise erh\u00e4lt dein Arm immer die volle Unterst\u00fctzung.<\/li>\n<\/ul>\n<\/li>\n<\/ul>\n\n                                            <\/div>\n                            <\/div>\n            <\/div>\n<\/div>\n\n\n\n<div class=\"wp-block-columns is-layout-flex wp-container-core-columns-is-layout-9d6595d7 wp-block-columns-is-layout-flex\">\n<div class=\"wp-block-column is-layout-flow wp-block-column-is-layout-flow\" style=\"flex-basis:100%\"><div class=\"section--double-p wf-section\">\n    <div class=\"container w-container\">\n        <div class=\"double-p__title-wrapper\">\n                            <h2 class=\"double-p__main-title\">\n                                        Wie sitzt man am besten auf einem Gaming-Stuhl?\n                <\/h2>\n                    <\/div>\n                    <div class=\"double-p__grid\">\n                                    <div class=\"double-p__block\">\n                        <h3 class=\"generic-typography__sub-title bottom--15 top--0\"><\/h3>\n                                                    <p class=\"generic-typography__paragraph\">Kurz gesagt: Achte darauf, dass deine F\u00fc\u00dfe flach auf dem Boden stehen. Die Kniekehlen sollten die Vorderseite des Stuhls nicht ber\u00fchren. Achte darauf, dass du zwischen den R\u00fcckenlehnen gen\u00fcgend Bewegungsfreiheit hast. Deine gesamte Wirbels\u00e4ule sollte die R\u00fcckenlehne ber\u00fchren und die Armlehnen sollten auf die richtige H\u00f6he eingestellt sein. Wenn dies alles stimmt, stellst du sicher, dass die Gefahr von Nacken-, Schulter- und R\u00fcckenbeschwerden auf ein Minimum reduziert wird.<\/p>\n<p class=\"generic-typography__paragraph\">Suchst du einen Gaming-Stuhl, der zu dir passt? Schau dir die gesamte Palette der Gaming-St\u00fchle von Ranqer an!<\/p>\n\n                                            <\/div>\n                            <\/div>\n            <\/div>\n<\/div>\n<\/div>\n<\/div>\n\n\n<div class=\"section--dealers wf-section\" id=\"dealers\">\n    <div class=\"container w-container\">\n        <div class=\"dealers__description-grid\">\n            <div class=\"dealers__desc-column\">\n                <h2 class=\"generic-typography__section-title\">\n                                                                                JETZT <span class=\"collection__title__orange\">BESTELLEN<\/span>\n                <\/h2>\n                <h3 class=\"generic-typography__sub-title bottom--15\">\n                    \n                <\/h3>\n                <p class=\"generic-typography__paragraph\">\n                    Alle Ranqer-St\u00fchle sind aus strapazierf\u00e4higem, hochwertigem PU-Leder gefertigt, um Langlebigkeit zu garantieren. Sie haben alle einen Kippmechanismus f\u00fcr die aufrechte bis abw\u00e4rts gerichtete Positionierung und sind h\u00f6henverstellbar. Die Ranqer Gaming-St\u00fchle haben au\u00dferdem ein Fu\u00dfkreuz aus Nylon, so dass du nicht durch die knarrenden Ger\u00e4usche gest\u00f6rt wirst, die ein Metallfu\u00dfkreuz normalerweise verursacht. Au\u00dferdem ist das Gestell mit (farbigen) Akzenten versehen, die auch ein rutschfestes Material haben, auf dem du deine F\u00fc\u00dfe abstellen kannst.\n                <\/p>\n            <\/div>\n        <\/div>\n                    <div class=\"dealers__grid\">\n                                    <div class=\"dealers__single-dealer\">\n                        <a href=\"https:\/\/www.sbsupply.de\/ranqer\" class=\"dealers__single__a w-inline-block\" target=\"_blank\" rel=\"noopener\">\n                            <img decoding=\"async\" src=\"https:\/\/www.ranqer.com\/wp-content\/uploads\/2021\/09\/sbsupply-logo-500x1000-1.png\" loading=\"lazy\" alt=\"\" class=\"dealers__single__logo-img\">\n                            <div class=\"dealers__single__details\">\n                                                            <div class=\"dealers__single__countries\">\n                                                                                                          <div class=\"dealers__single__countries__single\">Deutschland<\/div>\n                                                                <\/div>\n                              <img decoding=\"async\" src=\"https:\/\/www.ranqer.com\/wp-content\/themes\/vallonic-ranqer\/dist\/images\/vallonic__ranqer-com__icons__arrow-right__orange_143c2b49.svg\" loading=\"lazy\" alt=\"\" class=\"dealers__single__arrow-right\">\n                            <\/div>\n                        <\/a>\n                    <\/div>\n                                    <div class=\"dealers__single-dealer\">\n                        <a href=\"https:\/\/www.amazon.de\/ranqer\" class=\"dealers__single__a w-inline-block\" target=\"_blank\" rel=\"noopener\">\n                            <img decoding=\"async\" src=\"https:\/\/www.ranqer.com\/wp-content\/uploads\/2021\/09\/vallonic__ranqer-com__dealers__amazon2x.png\" loading=\"lazy\" alt=\"\" class=\"dealers__single__logo-img\">\n                            <div class=\"dealers__single__details\">\n                                                            <div class=\"dealers__single__countries\">\n                                                                                                          <div class=\"dealers__single__countries__single\">Deutschland<\/div>\n                                                                <\/div>\n                              <img decoding=\"async\" src=\"https:\/\/www.ranqer.com\/wp-content\/themes\/vallonic-ranqer\/dist\/images\/vallonic__ranqer-com__icons__arrow-right__orange_143c2b49.svg\" loading=\"lazy\" alt=\"\" class=\"dealers__single__arrow-right\">\n                            <\/div>\n                        <\/a>\n                    <\/div>\n                                    <div class=\"dealers__single-dealer\">\n                        <a href=\"https:\/\/www.kaufland.de\/manufacturer\/5472481\/\" class=\"dealers__single__a w-inline-block\" target=\"_blank\" rel=\"noopener\">\n                            <img decoding=\"async\" src=\"https:\/\/www.ranqer.com\/wp-content\/uploads\/2021\/11\/kaufland-1.png\" loading=\"lazy\" alt=\"\" class=\"dealers__single__logo-img\">\n                            <div class=\"dealers__single__details\">\n                                                            <div class=\"dealers__single__countries\">\n                                                                                                          <div class=\"dealers__single__countries__single\">Deutschland<\/div>\n                                                                <\/div>\n                              <img decoding=\"async\" src=\"https:\/\/www.ranqer.com\/wp-content\/themes\/vallonic-ranqer\/dist\/images\/vallonic__ranqer-com__icons__arrow-right__orange_143c2b49.svg\" loading=\"lazy\" alt=\"\" class=\"dealers__single__arrow-right\">\n                            <\/div>\n                        <\/a>\n                    <\/div>\n                                    <div class=\"dealers__single-dealer\">\n                        <a href=\"https:\/\/www.mediamarkt.de\/de\/search.html?query=Ranqer&amp;t=1711549893399&amp;queryMeta%5Bga_query%5D=Ranqer&amp;queryMeta%5BqueryHash%5D=cedf8d702928b991ac13e1d3825e11affbb45254075406790b3d9c6c9c5c6693&amp;queryMeta%5BqueryRequestId%5D=cedf8d702928b991ac13e1d3825e11affbb45254075406790b3d9c6c9c5c6693\" class=\"dealers__single__a w-inline-block\" target=\"_blank\" rel=\"noopener\">\n                            <img decoding=\"async\" src=\"https:\/\/www.ranqer.com\/wp-content\/uploads\/2024\/03\/kisspng-logo-media-markt-ignite-uk-5b185d77154382.8184630015283234470871.png\" loading=\"lazy\" alt=\"\" class=\"dealers__single__logo-img\">\n                            <div class=\"dealers__single__details\">\n                                                            <div class=\"dealers__single__countries\">\n                                                                                                          <div class=\"dealers__single__countries__single\">Deutschland<\/div>\n                                                                <\/div>\n                              <img decoding=\"async\" src=\"https:\/\/www.ranqer.com\/wp-content\/themes\/vallonic-ranqer\/dist\/images\/vallonic__ranqer-com__icons__arrow-right__orange_143c2b49.svg\" loading=\"lazy\" alt=\"\" class=\"dealers__single__arrow-right\">\n                            <\/div>\n                        <\/a>\n                    <\/div>\n                            <\/div>\n                            <\/div>\n<\/div>\n","protected":false},"excerpt":{"rendered":"","protected":false},"author":5,"featured_media":0,"parent":0,"menu_order":0,"comment_status":"closed","ping_status":"closed","template":"","meta":{"footnotes":""},"categories":[],"tags":[],"class_list":["post-4772","page","type-page","status-publish","hentry"],"_links":{"self":[{"href":"https:\/\/www.ranqer.com\/de\/wp-json\/wp\/v2\/pages\/4772","targetHints":{"allow":["GET"]}}],"collection":[{"href":"https:\/\/www.ranqer.com\/de\/wp-json\/wp\/v2\/pages"}],"about":[{"href":"https:\/\/www.ranqer.com\/de\/wp-json\/wp\/v2\/types\/page"}],"author":[{"embeddable":true,"href":"https:\/\/www.ranqer.com\/de\/wp-json\/wp\/v2\/users\/5"}],"replies":[{"embeddable":true,"href":"https:\/\/www.ranqer.com\/de\/wp-json\/wp\/v2\/comments?post=4772"}],"version-history":[{"count":15,"href":"https:\/\/www.ranqer.com\/de\/wp-json\/wp\/v2\/pages\/4772\/revisions"}],"predecessor-version":[{"id":14454,"href":"https:\/\/www.ranqer.com\/de\/wp-json\/wp\/v2\/pages\/4772\/revisions\/14454"}],"wp:attachment":[{"href":"https:\/\/www.ranqer.com\/de\/wp-json\/wp\/v2\/media?parent=4772"}],"wp:term":[{"taxonomy":"category","embeddable":true,"href":"https:\/\/www.ranqer.com\/de\/wp-json\/wp\/v2\/categories?post=4772"},{"taxonomy":"post_tag","embeddable":true,"href":"https:\/\/www.ranqer.com\/de\/wp-json\/wp\/v2\/tags?post=4772"}],"curies":[{"name":"wp","href":"https:\/\/api.w.org\/{rel}","templated":true}]}}