{"id":15957,"date":"2024-04-24T12:59:52","date_gmt":"2024-04-24T10:59:52","guid":{"rendered":"https:\/\/www.ranqer.com\/?page_id=15957"},"modified":"2024-08-06T15:51:48","modified_gmt":"2024-08-06T13:51:48","slug":"ranqer-racing-lenkrad-stander","status":"publish","type":"page","link":"https:\/\/www.ranqer.com\/de\/ranqer-racing-lenkrad-stander\/","title":{"rendered":"Ranqer Racing Steering Wheel Stand"},"content":{"rendered":"<div class=\"section--product-highlight wf-section\">\n    <div class=\"container w-container\">\n      <div class=\"product-highlight__grid\">\n        <div class=\"product-highlight__column\">\n          <div class=\"product-highlight__image-wrapper\">\n              <img decoding=\"async\" src=\"https:\/\/www.ranqer.com\/wp-content\/uploads\/2024\/08\/ranqer_racing_wheel_stand.png\" loading=\"lazy\" sizes=\"100vw\" alt=\"RANQER Racing Lenkradst\u00e4nder\" class=\"product-highlight__img\">\n                                <img decoding=\"async\" src=\"https:\/\/www.ranqer.com\/wp-content\/themes\/vallonic-ranqer\/dist\/images\/vallonic__ranqer-com__product-highlight__backdrop-multicolor_30a08ed0.png\" loading=\"lazy\" sizes=\"100vw\" alt=\"\" class=\"product-highlight__background\">\n                        <\/div>\n        <\/div>\n        <div class=\"product-highlight__column\">\n          <div class=\"product-highlight__details\">\n            <h2 class=\"product-highlight__h2\">\n                                                                <span class=\"product-highlight__h2__orange\">ERGONOMISCHER<\/span> LENKRADST\u00c4NDER\n            <\/h2>\n            <h1 class=\"product-highlight__h1\">\n                RANQER Racing Lenkradst\u00e4nder\n            <\/h1>\n            <p class=\"product-highlight__desc\">\n                Bringen Sie Ihr Rennerlebnis mit dem Ranqer Racing Wheel Stand in elegantem Schwarz auf Touren. Entwickelt f\u00fcr Stabilit\u00e4t und optimiert f\u00fcr Komfort, bringt dieser St\u00e4nder Ihre Rennsimulation auf die n\u00e4chste Stufe. Der St\u00e4nder besteht aus robustem Stahl, ist h\u00f6hen- und winkelverstellbar und mit einer Vielzahl von Rennr\u00e4dern, Pedalen und Schalthebeln kompatibel &#8211; der perfekte Begleiter f\u00fcr virtuelle Rennsport-Enthusiasten.\r\n\r\nHinweis: Die Schalthebelhalterung ist kostenlos im Lieferumfang enthalten und kann abgenommen werden.\r\n\r\n\n            <\/p>\n            <a href=\"#\" data-scroll=\"section--dealers\" class=\"product-highlight__button\">\n                Shop Online\n            <\/a>\n            <div class=\"product-highlight__actions\">\n                                <a\n                      class=\"product-highlight__single-action\"\n                      href=\"#\"\n                      data-scroll=\"section--detail-shots\"\n                  >\n                      Mehr entdecken \u2192\n                  <\/a>\n                            \n            <\/div>\n          <\/div>\n        <\/div>\n      <\/div>\n    <\/div>\n            <div class=\"product-highlight__bottom-border\"><\/div>\n        \n    <img decoding=\"async\" src=\"https:\/\/www.ranqer.com\/wp-content\/themes\/vallonic-ranqer\/dist\/images\/vallonic__ranqer-com__product-highlight__decorative-elements_7b623bd8.svg\" loading=\"lazy\" alt=\"\" class=\"product-highlight__decoration\">\n<\/div>\n\n\n<div class=\"section--detail-shots wf-section\">\n    <div class=\"container w-container\">\n        <h2 class=\"generic-typography__section-title\">\n                                                DIE QUALIT\u00c4TSVERSPRECHEN<span class=\"collection__title__orange\"> VON RANQER<\/span>\n        <\/h2>\n    <\/div>\n                                    \n\n              <div class=\"detail-shots__section is--first\">\n                  <div class=\"detail-shots__image-column\">\n                      <img decoding=\"async\" src=\"https:\/\/www.ranqer.com\/wp-content\/uploads\/2024\/08\/Ranqer-racing-steering-wheel-gearshift-mount.jpg\" loading=\"lazy\" alt=\"\" class=\"detail-shots__single-image\">\n                  <\/div>\n                  <div class=\"detail-shots__desc-column is--right\">\n                      <div class=\"detail-shots__desc-column__inner is--right\">\n                          <h3 class=\"detail-shots__desc-title\">\n                              KOSTENLOSE UND ABNEHMBARE SCHALTHEBELHALTERUNG\n                          <\/h3>\n                          <h4 class=\"generic-typography__sub-title bottom--15 top--0\">\n                              Im Lieferumfang enthalten\n                          <\/h4>\n                          <p class=\"generic-typography__paragraph\">\n                              Der Ranqer Racing Lenkradst\u00e4nder wird mit einer kostenlosen Schalthebelhalterung geliefert. Auf diese Weise wird Ihr Rennerlebnis noch intensiver. Wenn Sie keine Gangschaltung verwenden, k\u00f6nnen Sie die Halterung einfach weglassen und sie nicht verwenden. Der Gearshift Mount wird mit 2 Schrauben befestigt.\n                          <\/p>\n                      <\/div>\n                  <\/div>\n              <\/div>\n                                                            <div class=\"detail-shots__section \">\n                    <div class=\"detail-shots__desc-column is--left\">\n                        <div class=\"detail-shots__desc-column__inner is--left\">\n                            <h3 class=\"detail-shots__desc-title\">\n                                PREMIUM QUALIT\u00c4T\n                            <\/h3>\n                            <h4 class=\"generic-typography__sub-title bottom--15 top--0\">\n                                Pr\u00e4zise Technik\n                            <\/h4>\n                            <p class=\"generic-typography__paragraph\">\n                                Der Ranqer Racing Lenkradst\u00e4nder wurde mit Pr\u00e4zision entwickelt und bietet eine solide und zuverl\u00e4ssige Grundlage f\u00fcr Ihre Gaming-Ausr\u00fcstung. Der aus robustem Stahl gefertigte St\u00e4nder ist f\u00fcr intensive Gaming-Sessions ausgelegt und minimiert gleichzeitig Wackeln und Vibrationen, um ein reibungsloses und realistisches Rennerlebnis zu gew\u00e4hrleisten. Durch die einstellbaren H\u00f6hen- und Winkeleinstellungen k\u00f6nnen Sie Ihr Setup f\u00fcr optimalen Komfort und Kontrolle anpassen, so dass Sie sich mit einem guten Gef\u00fchl in die Action st\u00fcrzen k\u00f6nnen und bereit sind, Ihr Bestes zu geben.\n                            <\/p>\n                        <\/div>\n                    <\/div>\n                    <div class=\"detail-shots__image-column\">\n                        <img decoding=\"async\" src=\"https:\/\/www.ranqer.com\/wp-content\/uploads\/2024\/04\/ranqer_racing_wheel_stand_8-1.png\" loading=\"lazy\" alt=\"\" class=\"detail-shots__single-image\">\n                    <\/div>\n                <\/div>\n                                            \n\n              <div class=\"detail-shots__section \">\n                  <div class=\"detail-shots__image-column\">\n                      <img decoding=\"async\" src=\"https:\/\/www.ranqer.com\/wp-content\/uploads\/2024\/04\/ranqer_racing_wheel_stand_12.png\" loading=\"lazy\" alt=\"\" class=\"detail-shots__single-image\">\n                  <\/div>\n                  <div class=\"detail-shots__desc-column is--right\">\n                      <div class=\"detail-shots__desc-column__inner is--right\">\n                          <h3 class=\"detail-shots__desc-title\">\n                              EINSTELLBAR\n                          <\/h3>\n                          <h4 class=\"generic-typography__sub-title bottom--15 top--0\">\n                              Un\u00fcbertroffene Anpassung\n                          <\/h4>\n                          <p class=\"generic-typography__paragraph\">\n                              Erleben Sie unvergleichliche Anpassungsm\u00f6glichkeiten mit dem Ranqer Racing Wheel Stand, der beeindruckende H\u00f6hen- und Neigungseinstellungen f\u00fcr ultimative Kontrolle und Komfort bietet. Die Lenkrads\u00e4ule ist bis zu 81,5 cm ausziehbar und erm\u00f6glicht eine umfangreiche Neigungsanpassung von +30 bis -30 Grad, wodurch optimale Blickwinkel f\u00fcr alle Rennfahrer gew\u00e4hrleistet werden. Dar\u00fcber hinaus bietet die Lenkrads\u00e4ule weitere Anpassungsm\u00f6glichkeiten mit einstellbaren Winkeln von 0 bis +20 Grad, um individuellen Vorlieben gerecht zu werden.\r\n\r\nDie Pedalplatte bietet mit einer maximalen L\u00e4nge von 77,1 cm und verstellbaren Winkeln von 0 bis +27 Grad mehrere Positionierungsoptionen und erm\u00f6glicht es Ihnen, ein ergonomisches Setup zu erstellen, das auf Ihren individuellen Spielstil zugeschnitten ist. Mit dem vielseitigen Ranqer Racing Lenkradst\u00e4nder haben Sie die Freiheit, jeden Aspekt Ihres Rennerlebnisses zu optimieren.\n                          <\/p>\n                      <\/div>\n                  <\/div>\n              <\/div>\n                                                            <div class=\"detail-shots__section \">\n                    <div class=\"detail-shots__desc-column is--left\">\n                        <div class=\"detail-shots__desc-column__inner is--left\">\n                            <h3 class=\"detail-shots__desc-title\">\n                                EINKLAPPBAR\n                            <\/h3>\n                            <h4 class=\"generic-typography__sub-title bottom--15 top--0\">\n                                Kompaktes Design f\u00fcr hohe Flexibilit\u00e4t\n                            <\/h4>\n                            <p class=\"generic-typography__paragraph\">\n                                Entdecken Sie unvergleichlichen Komfort mit dem innovativen faltbaren Design des Ranqer Racing Lenkradst\u00e4nder. Mit seiner kompakten Standfl\u00e4che verwandelt er Ihren Gaming-Bereich m\u00fchelos und nimmt wertvollen Platz ein, wenn er nicht benutzt wird. Ganz gleich, ob Sie ein festes Gaming-Setup haben oder lieber unterwegs spielen, dieser St\u00e4nder bietet au\u00dfergew\u00f6hnliche Mobilit\u00e4t, ohne dabei an Stabilit\u00e4t oder Leistung einzub\u00fc\u00dfen. Falten Sie ihn einfach zusammen, um ihn zu verstauen oder zu transportieren, und nehmen Sie Ihre Rennabenteuer mit, wohin Sie auch gehen. Mit dem Ranqer Racing Lenkradst\u00e4nder haben Sie die Freiheit, jederzeit und \u00fcberall Rennen zu fahren &#8211; Ihr Tor zu endlosem Spielvergn\u00fcgen.\n                            <\/p>\n                        <\/div>\n                    <\/div>\n                    <div class=\"detail-shots__image-column\">\n                        <img decoding=\"async\" src=\"https:\/\/www.ranqer.com\/wp-content\/uploads\/2024\/04\/ranqer_racing_wheel_stand_11.png\" loading=\"lazy\" alt=\"\" class=\"detail-shots__single-image\">\n                    <\/div>\n                <\/div>\n                                            \n\n              <div class=\"detail-shots__section \">\n                  <div class=\"detail-shots__image-column\">\n                      <img decoding=\"async\" src=\"https:\/\/www.ranqer.com\/wp-content\/uploads\/2024\/04\/ranqer_racing_wheel_stand_2.png\" loading=\"lazy\" alt=\"\" class=\"detail-shots__single-image\">\n                  <\/div>\n                  <div class=\"detail-shots__desc-column is--right\">\n                      <div class=\"detail-shots__desc-column__inner is--right\">\n                          <h3 class=\"detail-shots__desc-title\">\n                              SEHR VIELSEITIG\n                          <\/h3>\n                          <h4 class=\"generic-typography__sub-title bottom--15 top--0\">\n                              Verbinden Sie, wie Sie wollen\n                          <\/h4>\n                          <p class=\"generic-typography__paragraph\">\n                              Tauchen Sie ein in die unvergleichliche Vielseitigkeit des Ranqer Racing Lenkradst\u00e4nders, der f\u00fcr eine breite Palette von Lenkr\u00e4dern, Pedalen und Schalthebeln ausgelegt ist. Egal, ob Sie beliebte Marken oder Nischenmodelle bevorzugen, dieser St\u00e4nder eignet sich f\u00fcr die meisten Setups und bietet Ihnen ein individuelles, auf Ihre Vorlieben zugeschnittenes Erlebnis. Die verstellbare Montageplatte sorgt f\u00fcr einen sicheren Sitz der verschiedenen Peripherieger\u00e4te und erm\u00f6glicht eine nahtlose Integration, die das Spielerlebnis verbessert. Verabschieden Sie sich von Kompatibilit\u00e4tsproblemen und begr\u00fc\u00dfen Sie die endlosen Rennm\u00f6glichkeiten mit dem Ranqer Racing Wheel Stand.\n                          <\/p>\n                      <\/div>\n                  <\/div>\n              <\/div>\n                        <\/div>\n\n\n<div class=\"section--double-p wf-section\">\n    <div class=\"container w-container\">\n        <div class=\"double-p__title-wrapper\">\n                            <h2 class=\"double-p__main-title is--large\">\n                                        UNSERE HALTERUNG <strong class=\"double-p__main-title__orange\">DEIN SIEG<\/strong>\n                <\/h2>\n\n                <h3 class=\"double-p__main-title is--sub\">\n                                        RANQER RACING <strong class=\"double-p__main-title__orange\">LENKRADST\u00c4NDER<\/strong>\n                <\/h3>\n                    <\/div>\n                    <div class=\"double-p__grid\">\n                                    <div class=\"double-p__block\">\n                        <h3 class=\"generic-typography__sub-title bottom--15 top--0\">F\u00fcr den ausdauernden, selbstbewussten Gamer<\/h3>\n                                                    <p class=\"generic-typography__paragraph\">Entdecken Sie den ultimativen Komfort mit dem innovativen faltbaren Design des Ranqer Racing Wheel Stand. Mit seiner kompakten Standfl\u00e4che verwandelt er m\u00fchelos Ihren Gaming-Bereich und nimmt wertvollen Platz ein, wenn er nicht benutzt wird. Ganz gleich, ob Sie ein festes Gaming-Setup haben oder lieber unterwegs spielen, der St\u00e4nder von Ranqer bietet au\u00dfergew\u00f6hnliche Mobilit\u00e4t, ohne dabei an Stabilit\u00e4t oder Leistung einzub\u00fc\u00dfen.<\/p>\n\n                                            <\/div>\n                                    <div class=\"double-p__block\">\n                        <h3 class=\"generic-typography__sub-title bottom--15 top--0\"><\/h3>\n                                                    <p class=\"generic-typography__paragraph\">Wo auch immer Sie Rennen fahren, die Produkte von Ranqer sind so konzipiert, dass sie professionell aussehen und Komfort bieten. Modern, schlank und erschwinglich &#8211; drei Worte, die den Ranqer perfekt beschreiben. Egal, ob Sie ein Pro Gamer oder neu in der Welt des Gaming sind, Sie werden ein passendes Produkt f\u00fcr Sie finden. Neben der unglaublichen Unterst\u00fctzung, die sie bieten, sehen die Ranqer Produkte modern und zeitlos aus.<\/p>\n<p class=\"generic-typography__paragraph\">&nbsp;<\/p>\n<p class=\"p2\">\n\n                                            <\/div>\n                            <\/div>\n            <\/div>\n<\/div>\n\n\n<div class=\"section--selling-points  wf-section\">\n    <div class=\"container w-container\">\n                                <div class=\"selling-points__title\">\n                            <h2 class=\"generic-typography__section-title\">\n                    Unsere <span class=\"collection__title__orange\">St\u00e4rken<\/span>\n                <\/h2>\n                    <\/div>\n        <div class=\"selling-points__grid\">\n                                                <div class=\"selling-points__single\">\n                        <div class=\"selling-points__single__inner\">\n                            <div class=\"selling-points__single__text\">\n                                Sehr ergonomisch\n                            <\/div>\n                            <div class=\"selling-points__single__icon-wrapper\">\n                                <img decoding=\"async\" src=\"https:\/\/www.ranqer.com\/wp-content\/themes\/vallonic-ranqer\/dist\/images\/vallonic__ranqer-com__icons__ergonomic__orange_46a0c9d8.svg\" loading=\"lazy\" width=\"21\" alt=\"\" class=\"selling-points__single__icon\">\n                            <\/div>\n                        <\/div>\n                    <\/div>\n                                    <div class=\"selling-points__single\">\n                        <div class=\"selling-points__single__inner\">\n                            <div class=\"selling-points__single__text\">\n                                Inspiriert durch den Rennsport\n                            <\/div>\n                            <div class=\"selling-points__single__icon-wrapper\">\n                                <img decoding=\"async\" src=\"https:\/\/www.ranqer.com\/wp-content\/themes\/vallonic-ranqer\/dist\/images\/vallonic__ranqer-com__icons__racing__orange_7c54f02f.svg\" loading=\"lazy\" width=\"21\" alt=\"\" class=\"selling-points__single__icon\">\n                            <\/div>\n                        <\/div>\n                    <\/div>\n                                    <div class=\"selling-points__single\">\n                        <div class=\"selling-points__single__inner\">\n                            <div class=\"selling-points__single__text\">\n                                Niederl\u00e4ndisches Design\n                            <\/div>\n                            <div class=\"selling-points__single__icon-wrapper\">\n                                <img decoding=\"async\" src=\"https:\/\/www.ranqer.com\/wp-content\/themes\/vallonic-ranqer\/dist\/images\/vallonic__ranqer-com__icons__design__orange_5cb9e4bc.svg\" loading=\"lazy\" width=\"21\" alt=\"\" class=\"selling-points__single__icon\">\n                            <\/div>\n                        <\/div>\n                    <\/div>\n                                    <\/div>\n                            <div class=\"selling-points__cta-wrapper\">\n                <a\n                    href=\"#\"\n                    data-scroll=\"section--dealers\"\n                    class=\"selling-points__cta\"\n                >\n                    Jetzt bestellen\n                <\/a>\n            <\/div>\n            <\/div>\n<\/div>\n\n\n<div class=\"section--dealers wf-section\" id=\"dealers\">\n    <div class=\"container w-container\">\n        <div class=\"dealers__description-grid\">\n            <div class=\"dealers__desc-column\">\n                <h2 class=\"generic-typography__section-title\">\n                                                                                UNSERE <span class=\"collection__title__orange\">PARTNER<\/span>\n                <\/h2>\n                <h3 class=\"generic-typography__sub-title bottom--15\">\n                    Jetzt bestellen\n                <\/h3>\n                <p class=\"generic-typography__paragraph\">\n                    Hohe Bequemlichkeit und tolles Design. Ranqer Produkte jetzt erh\u00e4ltlich. Erh\u00f6hen Sie Ihr Gaming-Setup, indem Sie unseren Racing Lenkradst\u00e4mder unten kaufen.\n                <\/p>\n            <\/div>\n        <\/div>\n                    <div class=\"dealers__grid\">\n                                    <div class=\"dealers__single-dealer\">\n                        <a href=\"https:\/\/www.sbsupply.de\/ranqer-racing-wheel-stand-black\" class=\"dealers__single__a w-inline-block\" target=\"_blank\" rel=\"noopener\">\n                            <img decoding=\"async\" src=\"https:\/\/www.ranqer.com\/wp-content\/uploads\/2021\/09\/sbsupply-logo-500x1000-1.png\" loading=\"lazy\" alt=\"\" class=\"dealers__single__logo-img\">\n                            <div class=\"dealers__single__details\">\n                                                            <div class=\"dealers__single__countries\">\n                                                                                                          <div class=\"dealers__single__countries__single\">NL<\/div>\n                                                                        <div class=\"dealers__single__countries__single\">BE<\/div>\n                                                                        <div class=\"dealers__single__countries__single\">DE<\/div>\n                                                                        <div class=\"dealers__single__countries__single\">FR<\/div>\n                                                                        <div class=\"dealers__single__countries__single\">IT<\/div>\n                                                                <\/div>\n                              <img decoding=\"async\" src=\"https:\/\/www.ranqer.com\/wp-content\/themes\/vallonic-ranqer\/dist\/images\/vallonic__ranqer-com__icons__arrow-right__orange_143c2b49.svg\" loading=\"lazy\" alt=\"\" class=\"dealers__single__arrow-right\">\n                            <\/div>\n                        <\/a>\n                    <\/div>\n                            <\/div>\n                            <\/div>\n<\/div>\n\n\n<div class=\"section--collection wf-section\">\n    <div class=\"container w-container\">\n        <h2 class=\"generic-typography__section-title\">\n                                                ZUBEH\u00d6R\n        <\/h2>\n        <h3 class=\"generic-typography__sub-title\">\n            F\u00fcr den Racing Lenkradst\u00e4nder\n        <\/h3>\n        <div class=\"collection__grid\">\n                                                <div class=\"collection__single\">\n                      <a href=\"https:\/\/www.ranqer.com\/de\/ranqer-racing-stuhl-schalthebel-halterung\/\" class=\"collection__single__top-part w-inline-block\">\n                          <img decoding=\"async\" src=\"https:\/\/www.ranqer.com\/wp-content\/uploads\/2024\/02\/Ranqer-Racing-chair-Gearshift-mount.png\" loading=\"lazy\" alt=\"\" class=\"collection__image\">\n                          <div class=\"collection__collection-name\">\n                              Racing Stuhl Schalthebel Halterung\n                          <\/div>\n                          <div class=\"collection__action-wrapper\">\n                            <div class=\"collection__action\">\n                                Eckdaten und Farben\n                            <\/div>\n                            <img decoding=\"async\" src=\"https:\/\/www.ranqer.com\/wp-content\/themes\/vallonic-ranqer\/dist\/images\/vallonic__ranqer-com__icons__arrow-right__d8dbe2_e85d2551.svg\" loading=\"lazy\" alt=\"\" class=\"collection__arrow\">\n                          <\/div>\n                                                <\/a>\n                      <a href=\"https:\/\/www.ranqer.com\/de\/ranqer-racing-stuhl-schalthebel-halterung\/#dealers\" class=\"collection__single__bottom-part w-inline-block\">\n                        <div class=\"collection__action-wrapper\">\n                            <div class=\"collection__action\">\n                                H\u00e4ndler finden\n                            <\/div>\n                            <img decoding=\"async\" src=\"https:\/\/www.ranqer.com\/wp-content\/themes\/vallonic-ranqer\/dist\/images\/vallonic__ranqer-com__icons__arrow-right__d8dbe2_e85d2551.svg\" loading=\"lazy\" alt=\"\" class=\"collection__arrow\">\n                        <\/div>\n                      <\/a>\n                    <\/div>\n                                    <\/div>\n    <\/div>\n<\/div>\n\n\n<div class=\"section--product-downloads bottom--0 wf-section\">\n    <div class=\"container w-container\">\n        <div class=\"product-downloads__grid\">\n            <div class=\"product-downloads__column\">\n                <h2 class=\"generic-typography__section-title\">\n                                        PRODUKT\u00dcBERSICHT\n                <\/h2>\n                <h3 class=\"generic-typography__sub-title bottom--15\">\n                    Spezifikationen\n                <\/h3>\n                <p class=\"generic-typography__paragraph\">\n                    <div class=\"short-description\">\n<p>&#8211; Stabile Stahlkonstruktion<br \/>\n&#8211; H\u00f6he und Winkel einstellbar<br \/>\n&#8211; Kompatibel mit den meisten Rennr\u00e4dern, Pedalen und Schaltkn\u00fcppeln<br \/>\n&#8211; Elegantes schwarzes Finish<\/p>\n<p>Produktgr\u00f6\u00dfe: 45 x 77 x 81 cm<\/p>\n<\/div>\n\n                <\/p>\n                <div class=\"product-downloads__actions-grid\">\n                                    <\/div>\n            <\/div>\n            <div class=\"product-downloads__column\">\n                <div class=\"product-downloads__decoration-wrapper\">\n                    <img decoding=\"async\" src=\"https:\/\/www.ranqer.com\/wp-content\/uploads\/2024\/04\/ranqer_racing_wheel_stand_7-copy.png\" loading=\"lazy\" alt=\"\" class=\"product-downloads__decoration-img\">\n                <\/div>\n            <\/div>\n        <\/div>\n    <\/div>\n<\/div>\n","protected":false},"excerpt":{"rendered":"","protected":false},"author":27,"featured_media":0,"parent":0,"menu_order":0,"comment_status":"closed","ping_status":"closed","template":"","meta":{"footnotes":""},"categories":[],"tags":[],"class_list":["post-15957","page","type-page","status-publish","hentry"],"_links":{"self":[{"href":"https:\/\/www.ranqer.com\/de\/wp-json\/wp\/v2\/pages\/15957","targetHints":{"allow":["GET"]}}],"collection":[{"href":"https:\/\/www.ranqer.com\/de\/wp-json\/wp\/v2\/pages"}],"about":[{"href":"https:\/\/www.ranqer.com\/de\/wp-json\/wp\/v2\/types\/page"}],"author":[{"embeddable":true,"href":"https:\/\/www.ranqer.com\/de\/wp-json\/wp\/v2\/users\/27"}],"replies":[{"embeddable":true,"href":"https:\/\/www.ranqer.com\/de\/wp-json\/wp\/v2\/comments?post=15957"}],"version-history":[{"count":25,"href":"https:\/\/www.ranqer.com\/de\/wp-json\/wp\/v2\/pages\/15957\/revisions"}],"predecessor-version":[{"id":18208,"href":"https:\/\/www.ranqer.com\/de\/wp-json\/wp\/v2\/pages\/15957\/revisions\/18208"}],"wp:attachment":[{"href":"https:\/\/www.ranqer.com\/de\/wp-json\/wp\/v2\/media?parent=15957"}],"wp:term":[{"taxonomy":"category","embeddable":true,"href":"https:\/\/www.ranqer.com\/de\/wp-json\/wp\/v2\/categories?post=15957"},{"taxonomy":"post_tag","embeddable":true,"href":"https:\/\/www.ranqer.com\/de\/wp-json\/wp\/v2\/tags?post=15957"}],"curies":[{"name":"wp","href":"https:\/\/api.w.org\/{rel}","templated":true}]}}