{"id":15785,"date":"2024-04-24T10:14:04","date_gmt":"2024-04-24T08:14:04","guid":{"rendered":"https:\/\/www.ranqer.com\/?page_id=15785"},"modified":"2025-10-28T12:34:31","modified_gmt":"2025-10-28T11:34:31","slug":"join-ranqer-influencer-programme","status":"publish","type":"page","link":"https:\/\/www.ranqer.com\/de\/join-ranqer-influencer-programme\/","title":{"rendered":"Join Our Influencer Programme"},"content":{"rendered":"<div class=\"section--full-width-image wf-section\">\n    \n    <div class=\"full-width-image__image-wrapper\">\n        <img decoding=\"async\" src=\"\" loading=\"lazy\" sizes=\"100vw\" alt=\"\" class=\"full-width-image__img\">\n    <\/div>\n\n            <img decoding=\"async\" src=\"https:\/\/www.ranqer.com\/wp-content\/themes\/vallonic-ranqer\/dist\/images\/vallonic__ranqer-com__decoration__divider-02_2f72479f.png\" loading=\"lazy\" alt=\"\" class=\"full-width-image__bottom-divider\">\n    <\/div>\n\n\n<div class=\"section--double-p wf-section\">\n    <div class=\"container w-container\">\n        <div class=\"double-p__title-wrapper\">\n                            <h2 class=\"double-p__main-title is--large\">\n                                        NIMM AN UNSEREM<strong class=\"double-p__main-title__orange\"> INFLUENCER PROGRAMM<\/strong> TEIL\n                <\/h2>\n\n                <h3 class=\"double-p__main-title is--sub\">\n                                        ENTDECKE UND BEWERBE<strong class=\"double-p__main-title__orange\"> RANQER<\/strong>\n                <\/h3>\n                    <\/div>\n                    <div class=\"double-p__grid\">\n                                    <div class=\"double-p__block\">\n                        <h3 class=\"generic-typography__sub-title bottom--15 top--0\"><\/h3>\n                                                    <p class=\"generic-typography__paragraph\">Wir sind auf der Suche nach engagierten und kreativen Influencern in den sozialen Medien, wie Instagram, Youtube, TikTok und Blogs. Unser Influencer-Programm richtet sich an Menschen, die die gleiche Vision und Leidenschaft f\u00fcr Spiele teilen wie wir. Kein Mensch ist wie der andere und so ist auch jeder Influencer anders. Wir werden daher eine passende Vereinbarung ausarbeiten, die sowohl f\u00fcr Sie als auch f\u00fcr uns funktioniert. Als echter Botschafter von Ranqer werden Sie unsere Sitze \u00fcber Ihre Social-Media-Kan\u00e4le bewerben. Es ist uns wichtig, dass Sie Ihre Erfahrungen mit Ranqer-Produkten teilen und die Vorteile hervorheben.<\/p>\n<p class=\"generic-typography__paragraph\">&nbsp;<\/p>\n<p class=\"generic-typography__paragraph\">&nbsp;<\/p>\n<div class=\"selling-points__cta-wrapper\">\n  <a class=\"selling-points__cta\" href=\"mailto:info@ranqer.com?subject=Kontakt%20Ranqer\"><br \/>\n    Schreib uns eine E-Mail<br \/>\n  <\/a>\n<\/div>\n\n                                            <\/div>\n                            <\/div>\n            <\/div>\n<\/div>\n\n\n<div class=\"section--full-width-gallery wf-section\">\n    <div class=\"container w-container\">\n        <div class=\"full-width-gallery__description-grid\">\n            <div class=\"full-width-gallery__desc-column\">\n                <h2 class=\"generic-typography__section-title\">\n                                                                                \n                <\/h2>\n                <h3 class=\"generic-typography__sub-title bottom--15\">\n                    \n                <\/h3>\n                <p class=\"generic-typography__paragraph\">\n                    \n                <\/p>\n            <\/div>\n        <\/div>\n    <\/div>\n                                <div class=\"fw-gallery__image-row has--3-cols\">\n                                    <img decoding=\"async\" src=\"https:\/\/www.ranqer.com\/wp-content\/uploads\/2022\/03\/275041516_337374521656571_2160765135886444438_n.jpg\" loading=\"lazy\" alt=\"\" class=\"fw-gallery__image\">\n                                    <img decoding=\"async\" src=\"https:\/\/www.ranqer.com\/wp-content\/uploads\/2022\/03\/274536583_300623398726198_2170755618897338834_n.jpg\" loading=\"lazy\" alt=\"\" class=\"fw-gallery__image\">\n                                    <img decoding=\"async\" src=\"https:\/\/www.ranqer.com\/wp-content\/uploads\/2024\/04\/image-3.png\" loading=\"lazy\" alt=\"\" class=\"fw-gallery__image\">\n                            <\/div>\n                                        <div class=\"fw-gallery__image-row has--3-cols\">\n                                    <img decoding=\"async\" src=\"https:\/\/www.ranqer.com\/wp-content\/uploads\/2024\/04\/Ranqer-Felix-Black-_-White-Rushhour.2.jpeg\" loading=\"lazy\" alt=\"\" class=\"fw-gallery__image\">\n                                    <img decoding=\"async\" src=\"https:\/\/www.ranqer.com\/wp-content\/uploads\/2024\/04\/20211116_170239-scaled.jpg\" loading=\"lazy\" alt=\"\" class=\"fw-gallery__image\">\n                                    <img decoding=\"async\" src=\"https:\/\/www.ranqer.com\/wp-content\/uploads\/2022\/03\/259285728_943901949809571_6655396106240308924_n.jpg\" loading=\"lazy\" alt=\"\" class=\"fw-gallery__image\">\n                            <\/div>\n            <\/div>\n","protected":false},"excerpt":{"rendered":"","protected":false},"author":5,"featured_media":0,"parent":0,"menu_order":0,"comment_status":"closed","ping_status":"closed","template":"","meta":{"footnotes":""},"categories":[],"tags":[],"class_list":["post-15785","page","type-page","status-publish","hentry"],"_links":{"self":[{"href":"https:\/\/www.ranqer.com\/de\/wp-json\/wp\/v2\/pages\/15785","targetHints":{"allow":["GET"]}}],"collection":[{"href":"https:\/\/www.ranqer.com\/de\/wp-json\/wp\/v2\/pages"}],"about":[{"href":"https:\/\/www.ranqer.com\/de\/wp-json\/wp\/v2\/types\/page"}],"author":[{"embeddable":true,"href":"https:\/\/www.ranqer.com\/de\/wp-json\/wp\/v2\/users\/5"}],"replies":[{"embeddable":true,"href":"https:\/\/www.ranqer.com\/de\/wp-json\/wp\/v2\/comments?post=15785"}],"version-history":[{"count":13,"href":"https:\/\/www.ranqer.com\/de\/wp-json\/wp\/v2\/pages\/15785\/revisions"}],"predecessor-version":[{"id":18814,"href":"https:\/\/www.ranqer.com\/de\/wp-json\/wp\/v2\/pages\/15785\/revisions\/18814"}],"wp:attachment":[{"href":"https:\/\/www.ranqer.com\/de\/wp-json\/wp\/v2\/media?parent=15785"}],"wp:term":[{"taxonomy":"category","embeddable":true,"href":"https:\/\/www.ranqer.com\/de\/wp-json\/wp\/v2\/categories?post=15785"},{"taxonomy":"post_tag","embeddable":true,"href":"https:\/\/www.ranqer.com\/de\/wp-json\/wp\/v2\/tags?post=15785"}],"curies":[{"name":"wp","href":"https:\/\/api.w.org\/{rel}","templated":true}]}}