{"id":1321,"date":"2021-10-11T16:34:57","date_gmt":"2021-10-11T14:34:57","guid":{"rendered":"https:\/\/ranqer.com\/?page_id=1321"},"modified":"2024-04-09T10:04:44","modified_gmt":"2024-04-09T08:04:44","slug":"garantie","status":"publish","type":"page","link":"https:\/\/www.ranqer.com\/de\/garantie\/","title":{"rendered":"Warranty"},"content":{"rendered":"\n<div class=\"wp-block-columns is-layout-flex wp-container-core-columns-is-layout-9d6595d7 wp-block-columns-is-layout-flex\">\n<div class=\"wp-block-column is-layout-flow wp-block-column-is-layout-flow\" style=\"flex-basis:100%\"><\/div>\n<\/div>\n\n\n<div class=\"section--full-width-image wf-section\">\n    \n    <div class=\"full-width-image__image-wrapper\">\n        <img decoding=\"async\" src=\"https:\/\/www.ranqer.com\/wp-content\/uploads\/2021\/10\/Ranqer-header-2.png\" loading=\"lazy\" sizes=\"100vw\" alt=\"\" class=\"full-width-image__img\">\n    <\/div>\n\n            <img decoding=\"async\" src=\"https:\/\/www.ranqer.com\/wp-content\/themes\/vallonic-ranqer\/dist\/images\/vallonic__ranqer-com__decoration__divider-02_2f72479f.png\" loading=\"lazy\" alt=\"\" class=\"full-width-image__bottom-divider\">\n    <\/div>\n\n\n<div class=\"section--double-p wf-section\">\n    <div class=\"container w-container\">\n        <div class=\"double-p__title-wrapper\">\n                            <h2 class=\"double-p__main-title is--large\">\n                                        GARANTIE\n                <\/h2>\n\n                <h3 class=\"double-p__main-title is--sub\">\n                                        \n                <\/h3>\n                    <\/div>\n                    <div class=\"double-p__grid\">\n                                    <div class=\"double-p__block\">\n                        <h3 class=\"generic-typography__sub-title bottom--15 top--0\"><\/h3>\n                                                    <p class=\"p1\">Trotz der hohen Qualit\u00e4t der Ranqer Gaming St\u00fchle, kann es vorkommen, dass du einen defekten Artikel oder einen Artikel mit einem defekten Teil erhalten hast. Ranqer bietet eine 2-Jahres-Garantie f\u00fcr alle K\u00e4ufer.<\/p>\n<p class=\"p1\"><b>Garantiebedingungen\u00a0<\/b><\/p>\n<ul class=\"ul1\">\n<li class=\"li1\">Die Garantie gilt nur f\u00fcr neue Produkte, die bei einem autorisierten H\u00e4ndler gekauft wurden.<\/li>\n<li class=\"li1\">Die Garantie gilt nur f\u00fcr Produkte, die ordnungsgem\u00e4\u00df gem\u00e4\u00df der Anleitung montiert wurden.<\/li>\n<li class=\"li1\">Die Garantiezeit beginnt an dem Tag, an dem die Ware zugestellt wurde.<\/li>\n<li class=\"li1\">Eine Reklamation kann \u00fcber den autorisierten H\u00e4ndler, bei dem der Artikel gekauft wurde, eingereicht werden. Nach Eingang der Reklamation wird Ranqer den Kunden informieren, ob die Reklamation von der Garantie abgedeckt ist.<\/li>\n<li class=\"li1\">Reparaturen sind kostenlos<\/li>\n<li class=\"li1\">Wenn eine Reparatur nicht m\u00f6glich ist, wird das defekte Teil ersetzt.<\/li>\n<li class=\"li1\">Je nach Situation k\u00f6nnen dem Kunden die Kosten f\u00fcr den Versand in Rechnung gestellt werden.<\/li>\n<\/ul>\n<p class=\"generic-typography__paragraph\">&nbsp;<\/p>\n<p class=\"p1\"><b>Was ist von der Garantie gedeckt?\u00a0<\/b><\/p>\n<ul class=\"ul1\">\n<li class=\"li1\">Jeder Defekt an einem neu gekauften Gaming Stuhl<\/li>\n<\/ul>\n<p class=\"generic-typography__paragraph\">&nbsp;<\/p>\n<p class=\"p1\"><b>Was ist nicht von der Garantie gedeckt?\u00a0<\/b><\/p>\n<ul class=\"ul1\">\n<li class=\"li1\">Verschlei\u00df aufgrund der Abnutzung der Materialien<\/li>\n<li class=\"li1\">Abnutzung von Teilen wie R\u00e4dern und Mechanismen<\/li>\n<li class=\"li1\">Sch\u00e4den durch unsachgem\u00e4\u00dfe Montage des Stuhls<\/li>\n<li class=\"li1\">Sch\u00e4den, die durch Tiere verursacht werden<\/li>\n<li class=\"li1\">Sch\u00e4den, die durch hohe Temperaturen und hohe Feuchtigkeit verursacht werden<\/li>\n<li class=\"li1\">Sch\u00e4den, die durch Feuer- und Wassersch\u00e4den oder andere nicht von uns zu beeinflussende Situationen verursacht werden<\/li>\n<li class=\"li1\">St\u00fchle, die au\u00dferhalb der 2-j\u00e4hrigen Garantiezeit liegen<\/li>\n<\/ul>\n\n                                            <\/div>\n                                    <div class=\"double-p__block\">\n                        <h3 class=\"generic-typography__sub-title bottom--15 top--0\"><\/h3>\n                                                    <p class=\"generic-typography__paragraph\">\n                                \n                            <\/p>\n                                            <\/div>\n                            <\/div>\n            <\/div>\n<\/div>\n\n\n<div class=\"section--dealers wf-section\" id=\"dealers\">\n    <div class=\"container w-container\">\n        <div class=\"dealers__description-grid\">\n            <div class=\"dealers__desc-column\">\n                <h2 class=\"generic-typography__section-title\">\n                                                                                JETZT <span class=\"collection__title__orange\">BESTELLEN<\/span>\n                <\/h2>\n                <h3 class=\"generic-typography__sub-title bottom--15\">\n                    \n                <\/h3>\n                <p class=\"generic-typography__paragraph\">\n                    Gro\u00dfer Komfort und tolles Design. Ranqer Gaming St\u00fchle jetzt erh\u00e4ltlich. Verbessere dein Gaming-Setup mit einem luxuri\u00f6sen Ranqer Gaming Chair!\n                <\/p>\n            <\/div>\n        <\/div>\n                    <div class=\"dealers__grid\">\n                                    <div class=\"dealers__single-dealer\">\n                        <a href=\"https:\/\/www.sbsupply.eu\/ranqer\" class=\"dealers__single__a w-inline-block\" target=\"_blank\" rel=\"noopener\">\n                            <img decoding=\"async\" src=\"https:\/\/www.ranqer.com\/wp-content\/uploads\/2021\/09\/sbsupply-logo-500x1000-1.png\" loading=\"lazy\" alt=\"\" class=\"dealers__single__logo-img\">\n                            <div class=\"dealers__single__details\">\n                                                            <div class=\"dealers__single__countries\">\n                                                                                                          <div class=\"dealers__single__countries__single\">DACH<\/div>\n                                                                <\/div>\n                              <img decoding=\"async\" src=\"https:\/\/www.ranqer.com\/wp-content\/themes\/vallonic-ranqer\/dist\/images\/vallonic__ranqer-com__icons__arrow-right__orange_143c2b49.svg\" loading=\"lazy\" alt=\"\" class=\"dealers__single__arrow-right\">\n                            <\/div>\n                        <\/a>\n                    <\/div>\n                                    <div class=\"dealers__single-dealer\">\n                        <a href=\"https:\/\/www.kaufland.de\/manufacturer\/5472481\/\" class=\"dealers__single__a w-inline-block\" target=\"_blank\" rel=\"noopener\">\n                            <img decoding=\"async\" src=\"https:\/\/www.ranqer.com\/wp-content\/uploads\/2021\/11\/kaufland-1.png\" loading=\"lazy\" alt=\"\" class=\"dealers__single__logo-img\">\n                            <div class=\"dealers__single__details\">\n                                                            <div class=\"dealers__single__countries\">\n                                                                                                          <div class=\"dealers__single__countries__single\">DACH<\/div>\n                                                                <\/div>\n                              <img decoding=\"async\" src=\"https:\/\/www.ranqer.com\/wp-content\/themes\/vallonic-ranqer\/dist\/images\/vallonic__ranqer-com__icons__arrow-right__orange_143c2b49.svg\" loading=\"lazy\" alt=\"\" class=\"dealers__single__arrow-right\">\n                            <\/div>\n                        <\/a>\n                    <\/div>\n                                    <div class=\"dealers__single-dealer\">\n                        <a href=\"https:\/\/www.amazon.de\/s?i=merchant-items&amp;me=A7YGZXB4Y2C7Y&amp;rh=p_4%3ARanqer\" class=\"dealers__single__a w-inline-block\" target=\"_blank\" rel=\"noopener\">\n                            <img decoding=\"async\" src=\"https:\/\/www.ranqer.com\/wp-content\/uploads\/2021\/09\/vallonic__ranqer-com__dealers__amazon2x.png\" loading=\"lazy\" alt=\"\" class=\"dealers__single__logo-img\">\n                            <div class=\"dealers__single__details\">\n                                                            <div class=\"dealers__single__countries\">\n                                                                                                          <div class=\"dealers__single__countries__single\">DACH<\/div>\n                                                                <\/div>\n                              <img decoding=\"async\" src=\"https:\/\/www.ranqer.com\/wp-content\/themes\/vallonic-ranqer\/dist\/images\/vallonic__ranqer-com__icons__arrow-right__orange_143c2b49.svg\" loading=\"lazy\" alt=\"\" class=\"dealers__single__arrow-right\">\n                            <\/div>\n                        <\/a>\n                    <\/div>\n                                    <div class=\"dealers__single-dealer\">\n                        <a href=\"https:\/\/www.mediamarkt.de\/de\/search.html?query=ranqer&amp;t=1712649866093&amp;queryMeta%5Bga_query%5D=ranqer&amp;queryMeta%5BqueryHash%5D=cedf8d702928b991ac13e1d3825e11affbb45254075406790b3d9c6c9c5c6693&amp;queryMeta%5BqueryRequestId%5D=cedf8d702928b991ac13e1d3825e11affbb45254075406790b3d9c6c9c5c6693\" class=\"dealers__single__a w-inline-block\" target=\"_blank\" rel=\"noopener\">\n                            <img decoding=\"async\" src=\"https:\/\/www.ranqer.com\/wp-content\/uploads\/2024\/03\/kisspng-logo-media-markt-ignite-uk-5b185d77154382.8184630015283234470871.png\" loading=\"lazy\" alt=\"\" class=\"dealers__single__logo-img\">\n                            <div class=\"dealers__single__details\">\n                                                            <div class=\"dealers__single__countries\">\n                                                                                                          <div class=\"dealers__single__countries__single\">DACH<\/div>\n                                                                <\/div>\n                              <img decoding=\"async\" src=\"https:\/\/www.ranqer.com\/wp-content\/themes\/vallonic-ranqer\/dist\/images\/vallonic__ranqer-com__icons__arrow-right__orange_143c2b49.svg\" loading=\"lazy\" alt=\"\" class=\"dealers__single__arrow-right\">\n                            <\/div>\n                        <\/a>\n                    <\/div>\n                            <\/div>\n                            <\/div>\n<\/div>\n","protected":false},"excerpt":{"rendered":"","protected":false},"author":4,"featured_media":0,"parent":0,"menu_order":0,"comment_status":"closed","ping_status":"closed","template":"","meta":{"footnotes":""},"categories":[],"tags":[],"class_list":["post-1321","page","type-page","status-publish","hentry"],"_links":{"self":[{"href":"https:\/\/www.ranqer.com\/de\/wp-json\/wp\/v2\/pages\/1321","targetHints":{"allow":["GET"]}}],"collection":[{"href":"https:\/\/www.ranqer.com\/de\/wp-json\/wp\/v2\/pages"}],"about":[{"href":"https:\/\/www.ranqer.com\/de\/wp-json\/wp\/v2\/types\/page"}],"author":[{"embeddable":true,"href":"https:\/\/www.ranqer.com\/de\/wp-json\/wp\/v2\/users\/4"}],"replies":[{"embeddable":true,"href":"https:\/\/www.ranqer.com\/de\/wp-json\/wp\/v2\/comments?post=1321"}],"version-history":[{"count":21,"href":"https:\/\/www.ranqer.com\/de\/wp-json\/wp\/v2\/pages\/1321\/revisions"}],"predecessor-version":[{"id":12401,"href":"https:\/\/www.ranqer.com\/de\/wp-json\/wp\/v2\/pages\/1321\/revisions\/12401"}],"wp:attachment":[{"href":"https:\/\/www.ranqer.com\/de\/wp-json\/wp\/v2\/media?parent=1321"}],"wp:term":[{"taxonomy":"category","embeddable":true,"href":"https:\/\/www.ranqer.com\/de\/wp-json\/wp\/v2\/categories?post=1321"},{"taxonomy":"post_tag","embeddable":true,"href":"https:\/\/www.ranqer.com\/de\/wp-json\/wp\/v2\/tags?post=1321"}],"curies":[{"name":"wp","href":"https:\/\/api.w.org\/{rel}","templated":true}]}}