{"id":1291,"date":"2021-10-11T16:19:44","date_gmt":"2021-10-11T14:19:44","guid":{"rendered":"https:\/\/ranqer.com\/?page_id=1291"},"modified":"2025-10-28T12:46:01","modified_gmt":"2025-10-28T11:46:01","slug":"vertriebspartner-werden","status":"publish","type":"page","link":"https:\/\/www.ranqer.com\/de\/vertriebspartner-werden\/","title":{"rendered":"Take part in our dealer network"},"content":{"rendered":"<div class=\"section--full-width-image wf-section\">\n    \n    <div class=\"full-width-image__image-wrapper\">\n        <img decoding=\"async\" src=\"https:\/\/www.ranqer.com\/wp-content\/uploads\/2021\/10\/Ranqer-header-2.png\" loading=\"lazy\" sizes=\"100vw\" alt=\"\" class=\"full-width-image__img\">\n    <\/div>\n\n            <img decoding=\"async\" src=\"https:\/\/www.ranqer.com\/wp-content\/themes\/vallonic-ranqer\/dist\/images\/vallonic__ranqer-com__decoration__divider-02_2f72479f.png\" loading=\"lazy\" alt=\"\" class=\"full-width-image__bottom-divider\">\n    <\/div>\n\n\n<div class=\"section--double-p wf-section\">\n    <div class=\"container w-container\">\n        <div class=\"double-p__title-wrapper\">\n                            <h2 class=\"double-p__main-title is--large\">\n                                        <strong class=\"double-p__main-title__orange\">VERTRIEBSPARTNER<\/strong> WERDEN\n                <\/h2>\n\n                <h3 class=\"double-p__main-title is--sub\">\n                                        WERDEN SIE EINER UNSERER <strong class=\"double-p__main-title__orange\">VERTRIEBSPARTNER<\/strong> \n                <\/h3>\n                    <\/div>\n                    <div class=\"double-p__grid\">\n                                    <div class=\"double-p__block\">\n                        <h3 class=\"generic-typography__sub-title bottom--15 top--0\"><\/h3>\n                                                    <p class=\"generic-typography__paragraph\">\n                                <p class=\"p1\">Die Zusammenarbeit mit Ranqer hat zwei gro\u00dfe Vorteile: unsere schnelle Lieferung und unsere g\u00fcnstigen Preise. Wir versichern Ihnen die beste Qualit\u00e4t von Gaming- oder B\u00fcrost\u00fchlen zum besten und fairen Preis. Indem Sie unserem Netzwerk beitreten, werden Sie Teil unserer Gemeinschaft, in der wir uns bem\u00fchen, gemeinsam mehr zu erreichen. Wenn Sie ein H\u00e4ndler von Ranqer werden m\u00f6chten, kontaktieren Sie uns.<\/p>\n\n                            <\/p>\n                                            <\/div>\n                            <\/div>\n            <\/div>\n<\/div>\n\n\n<div class=\"section--contact wf-section\">\n    <div class=\"contact__top-divider\"><\/div>\n    <div class=\"contact__columns\">\n        <div class=\"contact__left-column\">\n            <div class=\"contact__left-inner\">\n                <h2 class=\"generic-typography__section-title\">\n                                                                                 \n                <\/h2>\n                <h3 class=\"generic-typography__sub-title bottom--15\">\n                     \n                <\/h3>\n                <div class=\"contact__form-shortcode\">\n                     \n                <\/div>\n            <\/div>\n        <\/div>\n        <div class=\"contact__right-column\">\n            <div class=\"contact__right-inner\">\n                <h2 class=\"generic-typography__section-title\">\n                    COMPANY\n                <\/h2>\n                <h3 class=\"generic-typography__sub-title bottom--15\">\n                    Company details\n                <\/h3>\n                <p class=\"generic-typography__paragraph\">Ranqer International B.V.<\/p>\n                <p class=\"generic-typography__paragraph top--8\">\n                    Monumentstraat 1 B\n                    <br \/>\n                    5038 AR TILBURG\n                <\/p>\n                <p class=\"generic-typography__paragraph top--8\">\n                    The Netherlands\n                <\/p>\n                <h3 class=\"generic-typography__sub-title bottom--0 top--30\">\n                    Dutch Chamber of Commerce (KVK)\n                <\/h3>\n                <p class=\"generic-typography__paragraph top--0\">\n                    82319154\n                <\/p>\n                <h3 class=\"generic-typography__sub-title bottom--0 top--30\">\n                    E-mail\n                <\/h3>\n                <p class=\"generic-typography__paragraph top--0\">\n                    <a href=\"mailto:info@ranqer.com\">\n                        info@ranqer.com\n                    <\/a>\n                <\/p>\n                <h3 class=\"generic-typography__sub-title bottom--0 top--30\">\n                    Phone\n                <\/h3>\n                <p class=\"generic-typography__paragraph top--0\">\n                    <a href=\"tel:+31 (0)13 7009794\">+31 (0)13 7009794<\/a>\n                <\/p>\n            <\/div>\n        <\/div>\n    <\/div>\n<\/div>\n","protected":false},"excerpt":{"rendered":"","protected":false},"author":4,"featured_media":0,"parent":0,"menu_order":0,"comment_status":"closed","ping_status":"closed","template":"","meta":{"footnotes":""},"categories":[],"tags":[],"class_list":["post-1291","page","type-page","status-publish","hentry"],"_links":{"self":[{"href":"https:\/\/www.ranqer.com\/de\/wp-json\/wp\/v2\/pages\/1291","targetHints":{"allow":["GET"]}}],"collection":[{"href":"https:\/\/www.ranqer.com\/de\/wp-json\/wp\/v2\/pages"}],"about":[{"href":"https:\/\/www.ranqer.com\/de\/wp-json\/wp\/v2\/types\/page"}],"author":[{"embeddable":true,"href":"https:\/\/www.ranqer.com\/de\/wp-json\/wp\/v2\/users\/4"}],"replies":[{"embeddable":true,"href":"https:\/\/www.ranqer.com\/de\/wp-json\/wp\/v2\/comments?post=1291"}],"version-history":[{"count":14,"href":"https:\/\/www.ranqer.com\/de\/wp-json\/wp\/v2\/pages\/1291\/revisions"}],"predecessor-version":[{"id":18825,"href":"https:\/\/www.ranqer.com\/de\/wp-json\/wp\/v2\/pages\/1291\/revisions\/18825"}],"wp:attachment":[{"href":"https:\/\/www.ranqer.com\/de\/wp-json\/wp\/v2\/media?parent=1291"}],"wp:term":[{"taxonomy":"category","embeddable":true,"href":"https:\/\/www.ranqer.com\/de\/wp-json\/wp\/v2\/categories?post=1291"},{"taxonomy":"post_tag","embeddable":true,"href":"https:\/\/www.ranqer.com\/de\/wp-json\/wp\/v2\/tags?post=1291"}],"curies":[{"name":"wp","href":"https:\/\/api.w.org\/{rel}","templated":true}]}}