{"id":1270,"date":"2021-10-11T16:06:15","date_gmt":"2021-10-11T14:06:15","guid":{"rendered":"https:\/\/ranqer.com\/?page_id=1270"},"modified":"2024-04-09T10:08:31","modified_gmt":"2024-04-09T08:08:31","slug":"ranqer-carbon-gaming-stuhl","status":"publish","type":"page","link":"https:\/\/www.ranqer.com\/de\/ranqer-carbon-gaming-stuhl\/","title":{"rendered":"Ranqer Carbon gaming chair"},"content":{"rendered":"<div class=\"section--product-highlight wf-section\">\n    <div class=\"container w-container\">\n      <div class=\"product-highlight__grid\">\n        <div class=\"product-highlight__column\">\n          <div class=\"product-highlight__image-wrapper\">\n              <img decoding=\"async\" src=\"https:\/\/www.ranqer.com\/wp-content\/uploads\/2021\/09\/Ranqer-Felix-Carbon-gaming-chair.png\" loading=\"lazy\" sizes=\"100vw\" alt=\"RANQER Carbon\" class=\"product-highlight__img\">\n                                <img decoding=\"async\" src=\"https:\/\/www.ranqer.com\/wp-content\/themes\/vallonic-ranqer\/dist\/images\/vallonic__ranqer-com__product-highlight__backdrop-single-color2x_fceffc2a.png\" loading=\"lazy\" sizes=\"100vw\" alt=\"\" class=\"product-highlight__background\">\n                        <\/div>\n        <\/div>\n        <div class=\"product-highlight__column\">\n          <div class=\"product-highlight__details\">\n            <h2 class=\"product-highlight__h2\">\n                                                                <span class=\"product-highlight__h2__orange\">ERGONOMISCHER<\/span> GAMING STUHL\n            <\/h2>\n            <h1 class=\"product-highlight__h1\">\n                RANQER Carbon\n            <\/h1>\n            <p class=\"product-highlight__desc\">\n                Ein guter Gaming Stuhl ist sehr wichtig, um stundenlang hinter dem Bildschirm sitzen zu k\u00f6nnen. Dieser kann nicht nur R\u00fcckenschmerzen vorbeugen, sondern erm\u00f6glicht es dir auch, dich voll und ganz auf dein Spiel zu konzentrieren. Mit dem revolution\u00e4ren Ranqer Carbon Gaming Chair lieferst du noch mehr Leistung und dominierst jede Spielsession!\r\n\n            <\/p>\n            <a href=\"#\" data-scroll=\"section--dealers\" class=\"product-highlight__button\">\n                Shop Online\n            <\/a>\n            <div class=\"product-highlight__actions\">\n                                <a\n                      class=\"product-highlight__single-action\"\n                      href=\"#\"\n                      data-scroll=\"section--detail-shots\"\n                  >\n                      Mehr entdecken \u2192\n                  <\/a>\n                            \n            <\/div>\n          <\/div>\n        <\/div>\n      <\/div>\n    <\/div>\n            <div class=\"product-highlight__bottom-border\"><\/div>\n        \n    <img decoding=\"async\" src=\"https:\/\/www.ranqer.com\/wp-content\/themes\/vallonic-ranqer\/dist\/images\/vallonic__ranqer-com__product-highlight__decorative-elements_7b623bd8.svg\" loading=\"lazy\" alt=\"\" class=\"product-highlight__decoration\">\n<\/div>\n\n\n<div class=\"section--detail-shots wf-section\">\n    <div class=\"container w-container\">\n        <h2 class=\"generic-typography__section-title\">\n                                                Ranqers <span class=\"collection__title__orange\">Qualit\u00e4tsversprechen<\/span>\n        <\/h2>\n    <\/div>\n                                    \n\n              <div class=\"detail-shots__section is--first\">\n                  <div class=\"detail-shots__image-column\">\n                      <img decoding=\"async\" src=\"https:\/\/www.ranqer.com\/wp-content\/uploads\/2021\/09\/Ranqer-Carbon-details-4.png\" loading=\"lazy\" alt=\"\" class=\"detail-shots__single-image\">\n                  <\/div>\n                  <div class=\"detail-shots__desc-column is--right\">\n                      <div class=\"detail-shots__desc-column__inner is--right\">\n                          <h3 class=\"detail-shots__desc-title\">\n                              KISSEN\n                          <\/h3>\n                          <h4 class=\"generic-typography__sub-title bottom--15 top--0\">\n                              Ergonomisch\n                          <\/h4>\n                          <p class=\"generic-typography__paragraph\">\n                              Die ergonomischen Eigenschaften und die Verstellbarkeit der St\u00fchle helfen R\u00fcckenschmerzen vorzubeugen, da du das Nacken- und Lendenkissen individuell einstellen kannst. Mit den Ranqer St\u00fchlen musst du dir keine Sorgen mehr \u00fcber R\u00fcckenschmerzen nach langem Sitzen machen.\n                          <\/p>\n                      <\/div>\n                  <\/div>\n              <\/div>\n                                                            <div class=\"detail-shots__section \">\n                    <div class=\"detail-shots__desc-column is--left\">\n                        <div class=\"detail-shots__desc-column__inner is--left\">\n                            <h3 class=\"detail-shots__desc-title\">\n                                N\u00c4HTE\n                            <\/h3>\n                            <h4 class=\"generic-typography__sub-title bottom--15 top--0\">\n                                Vom Rennsport inspiriert\n                            <\/h4>\n                            <p class=\"generic-typography__paragraph\">\n                                Der Ranqer Carbon Gaming Stuhl hat wundersch\u00f6ne rote N\u00e4hte, die dem Stuhl ein luxuri\u00f6ses und professionelles Aussehen verleihen. Ranqer hat sich zum Ziel gesetzt, dir den bestaussehenden und -f\u00fchlenden Gaming-Stuhl zu liefern.\n                            <\/p>\n                        <\/div>\n                    <\/div>\n                    <div class=\"detail-shots__image-column\">\n                        <img decoding=\"async\" src=\"https:\/\/www.ranqer.com\/wp-content\/uploads\/2021\/09\/Ranqer-Carbon-gaming-chair-detail.png\" loading=\"lazy\" alt=\"\" class=\"detail-shots__single-image\">\n                    <\/div>\n                <\/div>\n                                            \n\n              <div class=\"detail-shots__section \">\n                  <div class=\"detail-shots__image-column\">\n                      <img decoding=\"async\" src=\"https:\/\/www.ranqer.com\/wp-content\/uploads\/2021\/09\/Ranqer-Carbon-gaming-chair-detail-1.png\" loading=\"lazy\" alt=\"\" class=\"detail-shots__single-image\">\n                  <\/div>\n                  <div class=\"detail-shots__desc-column is--right\">\n                      <div class=\"detail-shots__desc-column__inner is--right\">\n                          <h3 class=\"detail-shots__desc-title\">\n                              VERSTELLBARE ARMLEHNEN\n                          <\/h3>\n                          <h4 class=\"generic-typography__sub-title bottom--15 top--0\">\n                              Ranqer Kollektion\n                          <\/h4>\n                          <p class=\"generic-typography__paragraph\">\n                              Die Armlehnen sind horizontal und vertikal beweglich, so dass du deine Arme w\u00e4hrend des Gamings entspannen kannst. Die Armlehnen sind gebogen, um maximalen Komfort zu gew\u00e4hrleisten, wenn deine Arme auf den Armlehnen ruhen. \n                          <\/p>\n                      <\/div>\n                  <\/div>\n              <\/div>\n                                                            <div class=\"detail-shots__section \">\n                    <div class=\"detail-shots__desc-column is--left\">\n                        <div class=\"detail-shots__desc-column__inner is--left\">\n                            <h3 class=\"detail-shots__desc-title\">\n                                VERSTELLBARE SITZH\u00d6HE UND R\u00dcCKENLEHNE \n                            <\/h3>\n                            <h4 class=\"generic-typography__sub-title bottom--15 top--0\">\n                                Perfekt f\u00fcr jede K\u00f6rpergr\u00f6\u00dfe\n                            <\/h4>\n                            <p class=\"generic-typography__paragraph\">\n                                Das Carbon Modell verf\u00fcgt \u00fcber einen Kippmechanismus f\u00fcr die aufrechte bis abw\u00e4rts gerichtete Positionierung und eine h\u00f6henverstellbare Sitzh\u00f6he. \r\n\r\nDurch die verl\u00e4ngerte R\u00fcckenlehne und die verstellbaren Kissen k\u00f6nnen auch Personen mit einer K\u00f6rpergr\u00f6\u00dfe von \u00fcber 1,70m bequem sitzen. Die empfohlene Sitzh\u00f6he f\u00fcr die Ranqer-St\u00fchle liegt zwischen 1,65m und 1,85m (5,4 ft &#8211; 6,1 ft). Der hochwertige Stuhlfu\u00df ist f\u00fcr ein Gewicht von bis zu 150 kg ausgelegt. \n                            <\/p>\n                        <\/div>\n                    <\/div>\n                    <div class=\"detail-shots__image-column\">\n                        <img decoding=\"async\" src=\"https:\/\/www.ranqer.com\/wp-content\/uploads\/2021\/09\/Ranqer-carbon-detail-gaming-chair-3-1.png\" loading=\"lazy\" alt=\"\" class=\"detail-shots__single-image\">\n                    <\/div>\n                <\/div>\n                                            \n\n              <div class=\"detail-shots__section \">\n                  <div class=\"detail-shots__image-column\">\n                      <img decoding=\"async\" src=\"https:\/\/www.ranqer.com\/wp-content\/uploads\/2021\/09\/Ranqer-Carbon-detail-2.png\" loading=\"lazy\" alt=\"\" class=\"detail-shots__single-image\">\n                  <\/div>\n                  <div class=\"detail-shots__desc-column is--right\">\n                      <div class=\"detail-shots__desc-column__inner is--right\">\n                          <h3 class=\"detail-shots__desc-title\">\n                              POLSTERUNG F\u00dcR ZUS\u00c4TZLICHEN KOMFORT\n                          <\/h3>\n                          <h4 class=\"generic-typography__sub-title bottom--15 top--0\">\n                              Ranqers Versprechen\n                          <\/h4>\n                          <p class=\"generic-typography__paragraph\">\n                              Die ger\u00e4umige Sitzfl\u00e4che des Ranqer Felix in Kombination mit der Fertigung aus robusten Materialien sorgen f\u00fcr einen ausgezeichneten Komfort. Die R\u00fcckenlehne des Ranqer Gaming Stuhls ist an die Form des R\u00fcckens angepasst. Deine Schulterbl\u00e4tter werden dadurch besser gest\u00fctzt.\n                          <\/p>\n                      <\/div>\n                  <\/div>\n              <\/div>\n                                                            <div class=\"detail-shots__section \">\n                    <div class=\"detail-shots__desc-column is--left\">\n                        <div class=\"detail-shots__desc-column__inner is--left\">\n                            <h3 class=\"detail-shots__desc-title\">\n                                NYLON BASIS\n                            <\/h3>\n                            <h4 class=\"generic-typography__sub-title bottom--15 top--0\">\n                                Stabilit\u00e4t\n                            <\/h4>\n                            <p class=\"generic-typography__paragraph\">\n                                Die Gaming St\u00fchle von Ranqer sind bekannt f\u00fcr ihre Ganzk\u00f6rperunterst\u00fctzung und die Herstellung aus luxuri\u00f6sen Materialien. Im Gegensatz zu normalen Gaming St\u00fchlen ist der Ranqer Felix mit einem Nylonfu\u00df ausgestattet. Diese besondere Eigenschaft sorgt f\u00fcr mehr Stabilit\u00e4t und verhindert, dass der Stuhl knarrt, wenn du dich viel bewegst. Schlie\u00dflich kannst du dir w\u00e4hrend des Spiels deines Lebens keine Ablenkungen leisten.\n                            <\/p>\n                        <\/div>\n                    <\/div>\n                    <div class=\"detail-shots__image-column\">\n                        <img decoding=\"async\" src=\"https:\/\/www.ranqer.com\/wp-content\/uploads\/2021\/09\/Ranqer-base-detail_.png\" loading=\"lazy\" alt=\"\" class=\"detail-shots__single-image\">\n                    <\/div>\n                <\/div>\n                        <\/div>\n\n\n<div class=\"section--full-width-image wf-section\">\n            <img decoding=\"async\" src=\"https:\/\/www.ranqer.com\/wp-content\/themes\/vallonic-ranqer\/dist\/images\/vallonic__ranqer-com__decoration__divider-01_7e1152f2.svg\" loading=\"lazy\" alt=\"\" class=\"full-width-image__top-divider\">\n    \n    <div class=\"full-width-image__image-wrapper\">\n        <img decoding=\"async\" src=\"https:\/\/www.ranqer.com\/wp-content\/uploads\/2022\/02\/Ranqer-Carbon-Banner-1920x450px.jpg\" loading=\"lazy\" sizes=\"100vw\" alt=\"\" class=\"full-width-image__img\">\n    <\/div>\n\n    <\/div>\n\n\n<div class=\"section--double-p wf-section\">\n    <div class=\"container w-container\">\n        <div class=\"double-p__title-wrapper\">\n                            <h2 class=\"double-p__main-title is--large\">\n                                        UNSER THRON, <strong class=\"double-p__main-title__orange\">DEIN SIEG<\/strong>\n                <\/h2>\n\n                <h3 class=\"double-p__main-title is--sub\">\n                                        RANQER <strong class=\"double-p__main-title__orange\">CARBON GAMING CHAIR<\/strong>\n                <\/h3>\n                    <\/div>\n                    <div class=\"double-p__grid\">\n                                    <div class=\"double-p__block\">\n                        <h3 class=\"generic-typography__sub-title bottom--15 top--0\">F\u00fcr den ausdauernden, selbstbewussten Gamer<\/h3>\n                                                    <p class=\"generic-typography__paragraph\">\n                                <div class=\"double-p__block\">\n<div class=\"double-p__block\">\n<div class=\"double-p__block\">\n<p class=\"generic-typography__paragraph\">Egal, ob du in einem Gro\u00dfraumb\u00fcro, von zu Hause aus oder in einem privaten B\u00fcro arbeitest, die Ranqer St\u00fchle sind so konzipiert, dass sie professionell aussehen und Komfort bieten. Modern, stilvoll und erschwinglich \u2013 drei Worte, die die Ranqer Gaming St\u00fchle perfekt beschreiben. Wenn du wie ein Profi-Gamer aussehen oder dein B\u00fcro aufpeppen willst, findest du hier den passenden (Gaming-)Stuhl f\u00fcr dich. Neben der unglaublichen R\u00fcckenunterst\u00fctzung, die sie bieten, sehen die Gamer St\u00fchle auch modern und zeitlos aus.<\/p>\n<\/div>\n<\/div>\n<\/div>\n\n                            <\/p>\n                                            <\/div>\n                                    <div class=\"double-p__block\">\n                        <h3 class=\"generic-typography__sub-title bottom--15 top--0\"><\/h3>\n                                                    <p class=\"generic-typography__paragraph\">Ob schwarz oder bunt, leuchtend oder schlicht \u2013 die Entscheidung liegt ganz allein bei dir. Entscheide dich f\u00fcr den Felix oder Carbon f\u00fcr einen schlichten und eleganten Look. Wer gerne etwas Farbe im B\u00fcro oder besondere Effekte mag, kann sich f\u00fcr einen der St\u00fchle mit RGB-\/LED-Beleuchtung wie den Aura und Halo entscheiden. Das PU-Leder verleiht dem Stuhl ein elegantes und luxuri\u00f6ses Aussehen und ist sehr pflegeleicht. Wir raten jedoch, den Stuhl gut zu pflegen, um eine lange Lebensdauer zu gew\u00e4hrleisten.<\/p>\n\n                                            <\/div>\n                            <\/div>\n            <\/div>\n<\/div>\n\n\n<div class=\"section--product-downloads bottom--0 wf-section\">\n    <div class=\"container w-container\">\n        <div class=\"product-downloads__grid\">\n            <div class=\"product-downloads__column\">\n                <h2 class=\"generic-typography__section-title\">\n                                        ECKDATEN\n                <\/h2>\n                <h3 class=\"generic-typography__sub-title bottom--15\">\n                    Ma\u00dfe\n                <\/h3>\n                <p class=\"generic-typography__paragraph\">\n                    <p>Nackenkissen: (B) 32 x (H) 20 x (T) 9 cm<br \/>\nLendenkissen: (B) 34 x (H) 20 x (T) 9 cm<\/p>\n<p>Verstellbare R\u00fcckenlehne: 90-180 cm<br \/>\nR\u00fcckenlehne Breite: 54 cm<br \/>\nR\u00fcckenlehne H\u00f6he: 82 cm<\/p>\n<p>Verstellbare Armlehnen 2D: 8 cm<br \/>\nArmlehne zu Armlehne: 68 cm<br \/>\nArmlehne H\u00f6hen (verstellbar): 60 &#8211; 78 cm<\/p>\n<p>Min. Sitzh\u00f6he: 45 cm<br \/>\nMax. Sitzh\u00f6he: 55 cm<\/p>\n<p>Sitzfl\u00e4chenbreite mit Seitenteil: 54 cm<br \/>\nSitzfl\u00e4chenbreite ohne Seitenteil: 38 cm<br \/>\nSitzfl\u00e4chentiefe: 50 cm<\/p>\n<p>Radstand Durchmesser: 73 cm<\/p>\n<p>Max. K\u00f6rpergewicht: 150 kg<br \/>\nGaming Stuhl Gewicht: 20 kg<\/p>\n<p>Ma\u00dfe des Gaming Stuhls: (B) 68 x (H) 128-138 x (T) 72 cm<br \/>\nMa\u00dfe der Umverpackung: (B) 85 x (H) 28 x (T) 65 cm<\/p>\n\n                <\/p>\n                <div class=\"product-downloads__actions-grid\">\n                                                                                                        <a href=\"https:\/\/www.ranqer.com\/wp-content\/uploads\/2021\/09\/Specification-Ranqer-Carbon.pdf\" download=\"Specification Ranqer Carbon\" class=\"product-highlight__single-action\">\n                                    Eigenschaften Ranqer Carbon \u2192\n                                <\/a>\n                                                                                                                <a href=\"https:\/\/www.ranqer.com\/wp-content\/uploads\/2022\/08\/ranqer-carbon-chair-instructions.pdf\" download=\"ranqer-carbon-chair-instructions\" class=\"product-highlight__single-action\">\n                                    Handbuch Ranqer Carbon \u2192\n                                <\/a>\n                                                                                        <\/div>\n            <\/div>\n            <div class=\"product-downloads__column\">\n                <div class=\"product-downloads__decoration-wrapper\">\n                    <img decoding=\"async\" src=\"https:\/\/www.ranqer.com\/wp-content\/uploads\/2021\/09\/Ranqer-gaming-chair-footer.png\" loading=\"lazy\" alt=\"\" class=\"product-downloads__decoration-img\">\n                <\/div>\n            <\/div>\n        <\/div>\n    <\/div>\n<\/div>\n\n\n<div class=\"section--selling-points  wf-section\">\n    <div class=\"container w-container\">\n                                <div class=\"selling-points__title\">\n                            <h2 class=\"generic-typography__section-title\">\n                    Unsere <span class=\"collection__title__orange\">St\u00e4rken<\/span>\n                <\/h2>\n                    <\/div>\n        <div class=\"selling-points__grid\">\n                                                <div class=\"selling-points__single\">\n                        <div class=\"selling-points__single__inner\">\n                            <div class=\"selling-points__single__text\">\n                                Sehr ergonomisch\n                            <\/div>\n                            <div class=\"selling-points__single__icon-wrapper\">\n                                <img decoding=\"async\" src=\"https:\/\/www.ranqer.com\/wp-content\/themes\/vallonic-ranqer\/dist\/images\/vallonic__ranqer-com__icons__ergonomic__orange_46a0c9d8.svg\" loading=\"lazy\" width=\"21\" alt=\"\" class=\"selling-points__single__icon\">\n                            <\/div>\n                        <\/div>\n                    <\/div>\n                                    <div class=\"selling-points__single\">\n                        <div class=\"selling-points__single__inner\">\n                            <div class=\"selling-points__single__text\">\n                                Inspiriert durch den Rennsport\n                            <\/div>\n                            <div class=\"selling-points__single__icon-wrapper\">\n                                <img decoding=\"async\" src=\"https:\/\/www.ranqer.com\/wp-content\/themes\/vallonic-ranqer\/dist\/images\/vallonic__ranqer-com__icons__racing__orange_7c54f02f.svg\" loading=\"lazy\" width=\"21\" alt=\"\" class=\"selling-points__single__icon\">\n                            <\/div>\n                        <\/div>\n                    <\/div>\n                                    <div class=\"selling-points__single\">\n                        <div class=\"selling-points__single__inner\">\n                            <div class=\"selling-points__single__text\">\n                                Niederl\u00e4ndisches Design\n                            <\/div>\n                            <div class=\"selling-points__single__icon-wrapper\">\n                                <img decoding=\"async\" src=\"https:\/\/www.ranqer.com\/wp-content\/themes\/vallonic-ranqer\/dist\/images\/vallonic__ranqer-com__icons__design__orange_5cb9e4bc.svg\" loading=\"lazy\" width=\"21\" alt=\"\" class=\"selling-points__single__icon\">\n                            <\/div>\n                        <\/div>\n                    <\/div>\n                                    <\/div>\n                            <div class=\"selling-points__cta-wrapper\">\n                <a\n                    href=\"#\"\n                    data-scroll=\"section--dealers\"\n                    class=\"selling-points__cta\"\n                >\n                    Entdecken\n                <\/a>\n            <\/div>\n            <\/div>\n<\/div>\n\n\n<div class=\"section--dealers wf-section\" id=\"dealers\">\n    <div class=\"container w-container\">\n        <div class=\"dealers__description-grid\">\n            <div class=\"dealers__desc-column\">\n                <h2 class=\"generic-typography__section-title\">\n                                                                                LIEBE ZUM <span class=\"collection__title__orange\">DETAIL<\/span>\n                <\/h2>\n                <h3 class=\"generic-typography__sub-title bottom--15\">\n                    Jetzt bestellen\n                <\/h3>\n                <p class=\"generic-typography__paragraph\">\n                    Das moderne und zeitlose Design ist perfekt mit den ergonomischen Funktionen der Ranqer Gaming Chairs integriert. Dadurch passen sie perfekt in jede Umgebung, sei es in einem B\u00fcro, im Home Office oder in einem Gaming Zimmer.\n                <\/p>\n            <\/div>\n        <\/div>\n                    <div class=\"dealers__grid\">\n                                    <div class=\"dealers__single-dealer\">\n                        <a href=\"https:\/\/www.sbsupply.de\/ranqer-carbon-gaming-chair-black\" class=\"dealers__single__a w-inline-block\" target=\"_blank\" rel=\"noopener\">\n                            <img decoding=\"async\" src=\"https:\/\/www.ranqer.com\/wp-content\/uploads\/2021\/09\/sbsupply-logo-500x1000-1.png\" loading=\"lazy\" alt=\"\" class=\"dealers__single__logo-img\">\n                            <div class=\"dealers__single__details\">\n                                                            <div class=\"dealers__single__countries\">\n                                                                                                          <div class=\"dealers__single__countries__single\">Deutschland<\/div>\n                                                                <\/div>\n                              <img decoding=\"async\" src=\"https:\/\/www.ranqer.com\/wp-content\/themes\/vallonic-ranqer\/dist\/images\/vallonic__ranqer-com__icons__arrow-right__orange_143c2b49.svg\" loading=\"lazy\" alt=\"\" class=\"dealers__single__arrow-right\">\n                            <\/div>\n                        <\/a>\n                    <\/div>\n                                    <div class=\"dealers__single-dealer\">\n                        <a href=\"https:\/\/www.amazon.de\/s?i=merchant-items&amp;me=A7YGZXB4Y2C7Y&amp;rh=p_4%3ARanqer\" class=\"dealers__single__a w-inline-block\" target=\"_blank\" rel=\"noopener\">\n                            <img decoding=\"async\" src=\"https:\/\/www.ranqer.com\/wp-content\/uploads\/2021\/09\/vallonic__ranqer-com__dealers__amazon2x.png\" loading=\"lazy\" alt=\"\" class=\"dealers__single__logo-img\">\n                            <div class=\"dealers__single__details\">\n                                                            <div class=\"dealers__single__countries\">\n                                                                                                          <div class=\"dealers__single__countries__single\">Deutschland<\/div>\n                                                                <\/div>\n                              <img decoding=\"async\" src=\"https:\/\/www.ranqer.com\/wp-content\/themes\/vallonic-ranqer\/dist\/images\/vallonic__ranqer-com__icons__arrow-right__orange_143c2b49.svg\" loading=\"lazy\" alt=\"\" class=\"dealers__single__arrow-right\">\n                            <\/div>\n                        <\/a>\n                    <\/div>\n                                    <div class=\"dealers__single-dealer\">\n                        <a href=\"https:\/\/www.kaufland.de\/manufacturer\/5472481\/\" class=\"dealers__single__a w-inline-block\" target=\"_blank\" rel=\"noopener\">\n                            <img decoding=\"async\" src=\"https:\/\/www.ranqer.com\/wp-content\/uploads\/2021\/11\/kaufland-1.png\" loading=\"lazy\" alt=\"\" class=\"dealers__single__logo-img\">\n                            <div class=\"dealers__single__details\">\n                                                            <div class=\"dealers__single__countries\">\n                                                                                                          <div class=\"dealers__single__countries__single\">Deutschland<\/div>\n                                                                <\/div>\n                              <img decoding=\"async\" src=\"https:\/\/www.ranqer.com\/wp-content\/themes\/vallonic-ranqer\/dist\/images\/vallonic__ranqer-com__icons__arrow-right__orange_143c2b49.svg\" loading=\"lazy\" alt=\"\" class=\"dealers__single__arrow-right\">\n                            <\/div>\n                        <\/a>\n                    <\/div>\n                            <\/div>\n                            <\/div>\n<\/div>\n","protected":false},"excerpt":{"rendered":"","protected":false},"author":4,"featured_media":0,"parent":0,"menu_order":0,"comment_status":"closed","ping_status":"closed","template":"","meta":{"footnotes":""},"categories":[],"tags":[],"class_list":["post-1270","page","type-page","status-publish","hentry"],"_links":{"self":[{"href":"https:\/\/www.ranqer.com\/de\/wp-json\/wp\/v2\/pages\/1270","targetHints":{"allow":["GET"]}}],"collection":[{"href":"https:\/\/www.ranqer.com\/de\/wp-json\/wp\/v2\/pages"}],"about":[{"href":"https:\/\/www.ranqer.com\/de\/wp-json\/wp\/v2\/types\/page"}],"author":[{"embeddable":true,"href":"https:\/\/www.ranqer.com\/de\/wp-json\/wp\/v2\/users\/4"}],"replies":[{"embeddable":true,"href":"https:\/\/www.ranqer.com\/de\/wp-json\/wp\/v2\/comments?post=1270"}],"version-history":[{"count":42,"href":"https:\/\/www.ranqer.com\/de\/wp-json\/wp\/v2\/pages\/1270\/revisions"}],"predecessor-version":[{"id":12406,"href":"https:\/\/www.ranqer.com\/de\/wp-json\/wp\/v2\/pages\/1270\/revisions\/12406"}],"wp:attachment":[{"href":"https:\/\/www.ranqer.com\/de\/wp-json\/wp\/v2\/media?parent=1270"}],"wp:term":[{"taxonomy":"category","embeddable":true,"href":"https:\/\/www.ranqer.com\/de\/wp-json\/wp\/v2\/categories?post=1270"},{"taxonomy":"post_tag","embeddable":true,"href":"https:\/\/www.ranqer.com\/de\/wp-json\/wp\/v2\/tags?post=1270"}],"curies":[{"name":"wp","href":"https:\/\/api.w.org\/{rel}","templated":true}]}}