{"id":10914,"date":"2024-03-20T13:59:30","date_gmt":"2024-03-20T12:59:30","guid":{"rendered":"https:\/\/ranqer.com\/?page_id=10914"},"modified":"2024-04-22T11:01:48","modified_gmt":"2024-04-22T09:01:48","slug":"ranqer-single-arm-pro-monitor-halterung","status":"publish","type":"page","link":"https:\/\/www.ranqer.com\/de\/ranqer-single-arm-pro-monitor-halterung\/","title":{"rendered":"Ranqer Single Arm Pro"},"content":{"rendered":"<div class=\"section--product-highlight wf-section\">\n    <div class=\"container w-container\">\n      <div class=\"product-highlight__grid\">\n        <div class=\"product-highlight__column\">\n          <div class=\"product-highlight__image-wrapper\">\n              <img decoding=\"async\" src=\"https:\/\/www.ranqer.com\/wp-content\/uploads\/2024\/02\/Ranqer-Monitor-Single-Arm-Pro-wit-1.png\" loading=\"lazy\" sizes=\"100vw\" alt=\"RANQER Single Arm Pro Monitor Halterung\" class=\"product-highlight__img\">\n                                <img decoding=\"async\" src=\"https:\/\/www.ranqer.com\/wp-content\/themes\/vallonic-ranqer\/dist\/images\/vallonic__ranqer-com__product-highlight__backdrop-multicolor_30a08ed0.png\" loading=\"lazy\" sizes=\"100vw\" alt=\"\" class=\"product-highlight__background\">\n                        <\/div>\n        <\/div>\n        <div class=\"product-highlight__column\">\n          <div class=\"product-highlight__details\">\n            <h2 class=\"product-highlight__h2\">\n                                                                <span class=\"product-highlight__h2__orange\">ERGONOMISCHE<\/span> MONITOHALTERUNG\n            <\/h2>\n            <h1 class=\"product-highlight__h1\">\n                RANQER Single Arm Pro Monitor Halterung\n            <\/h1>\n            <p class=\"product-highlight__desc\">\n                Verbessern Sie Ihr Spielerlebnis oder optimieren Sie Ihren B\u00fcroarbeitsplatz mit dem Ranqer Single Monitor Arm Pro. Dieser elegante Monitorarm wurde f\u00fcr nahtlose Flexibilit\u00e4t und Langlebigkeit entwickelt und bietet unvergleichliche Verstellm\u00f6glichkeiten, um ergonomischen Komfort zu gew\u00e4hrleisten, egal ob Sie in der Hitze des Gefechts oder bei der Bew\u00e4ltigung t\u00e4glicher Aufgaben sind. Verabschieden Sie sich von Nackenverspannungen und steigern Sie Ihre Produktivit\u00e4t mit dem Ranqer Single Monitor Arm Pro.\n            <\/p>\n            <a href=\"#\" data-scroll=\"section--dealers\" class=\"product-highlight__button\">\n                Shop Online\n            <\/a>\n            <div class=\"product-highlight__actions\">\n                                <a\n                      class=\"product-highlight__single-action\"\n                      href=\"#\"\n                      data-scroll=\"detail-shots__section\"\n                  >\n                      Mehr entdecken \u2192\n                  <\/a>\n                            \n            <\/div>\n          <\/div>\n        <\/div>\n      <\/div>\n    <\/div>\n                        <div class=\"product-highlight__variations-wrapper\">\n            <div class=\"product-highlight__variations-inner\">\n                <h2 class=\"product-highlight__h2\">\n                                                                                Farbvarianten\n                <\/h2>\n                                    <div class=\"product-highlight__variations\">\n                        \n                        <div class=\"product-highlight__variations__single\">\n                            <img decoding=\"async\" src=\"https:\/\/www.ranqer.com\/wp-content\/uploads\/2024\/02\/Ranqer-Monitor-Single-Arm-Pro-wit-1.png\" loading=\"lazy\" alt=\"\" class=\"product-highlight__variations__img\">\n                        <\/div>\n\n                        \n                                                  <div class=\"product-highlight__variations__single\">\n                              <img decoding=\"async\" src=\"https:\/\/www.ranqer.com\/wp-content\/uploads\/2024\/02\/ranqer_monitor_arm_pro_single_space_gray-1-1.png\" loading=\"lazy\" alt=\"\" class=\"product-highlight__variations__img\">\n                          <\/div>\n                                            <\/div>\n                                <div class=\"product-highlight__variations__hint-wrapper\">\n                    <img decoding=\"async\" src=\"https:\/\/www.ranqer.com\/wp-content\/themes\/vallonic-ranqer\/dist\/images\/vallonic__ranqer-com__icons__cursor-pointer__88bec8_d23ff121.svg\" loading=\"lazy\" alt=\"\" class=\"product-highlight__variations__hint-icon\">\n                    <div class=\"product-highlight__variations__hint\">\n                        Zum Vergr\u00f6\u00dfern anklicken\n                    <\/div>\n                <\/div>\n            <\/div>\n        <\/div>\n    \n    <img decoding=\"async\" src=\"https:\/\/www.ranqer.com\/wp-content\/themes\/vallonic-ranqer\/dist\/images\/vallonic__ranqer-com__product-highlight__decorative-elements_7b623bd8.svg\" loading=\"lazy\" alt=\"\" class=\"product-highlight__decoration\">\n<\/div>\n\n\n<div class=\"section--detail-shots wf-section\">\n    <div class=\"container w-container\">\n        <h2 class=\"generic-typography__section-title\">\n                                                DIE QUALIT\u00c4TSVERSPRECHEN <span class=\"collection__title__orange\">VON RANQER<\/span>\n        <\/h2>\n    <\/div>\n                                    \n\n              <div class=\"detail-shots__section is--first\">\n                  <div class=\"detail-shots__image-column\">\n                      <img decoding=\"async\" src=\"https:\/\/www.ranqer.com\/wp-content\/uploads\/2024\/03\/ranqer_monitor_arm_pro_single_space_gray_7.jpg\" loading=\"lazy\" alt=\"\" class=\"detail-shots__single-image\">\n                  <\/div>\n                  <div class=\"detail-shots__desc-column is--right\">\n                      <div class=\"detail-shots__desc-column__inner is--right\">\n                          <h3 class=\"detail-shots__desc-title\">\n                              \u00c4STHETISCHES DESIGN\n                          <\/h3>\n                          <h4 class=\"generic-typography__sub-title bottom--15 top--0\">\n                              Verbessern Sie Ihren Arbeitsbereich\n                          <\/h4>\n                          <p class=\"generic-typography__paragraph\">\n                              Der Ranqer Single Arm Pro verk\u00f6rpert Langlebigkeit vom Feinsten. Er verf\u00fcgt \u00fcber ein robustes Design, das sorgf\u00e4ltig gefertigt wurde, um den Strapazen des t\u00e4glichen Gebrauchs standzuhalten. Entwickelt mit hochwertigen Materialien und Pr\u00e4zisionskonstruktion.\n                          <\/p>\n                      <\/div>\n                  <\/div>\n              <\/div>\n                                                            <div class=\"detail-shots__section \">\n                    <div class=\"detail-shots__desc-column is--left\">\n                        <div class=\"detail-shots__desc-column__inner is--left\">\n                            <h3 class=\"detail-shots__desc-title\">\n                                EINSTELLBAR\n                            <\/h3>\n                            <h4 class=\"generic-typography__sub-title bottom--15 top--0\">\n                                Positionieren Sie Ihre Monitore nach Ihren Vorstellungen\n                            <\/h4>\n                            <p class=\"generic-typography__paragraph\">\n                                Entdecken Sie die unvergleichliche Vielseitigkeit des Ranqer Single Monitor Arm bei der Optimierung Ihres Arbeitsplatzes. Dieser mit Pr\u00e4zisionsmechanik gefertigte Monitorarm bietet eine anpassbare H\u00f6heneinstellung, mit der Sie Ihren Bildschirm m\u00fchelos auf die gew\u00fcnschte Augenh\u00f6he anheben oder absenken k\u00f6nnen. Die flexible Neigungsfunktion erm\u00f6glicht es Ihnen, Ihren Monitor f\u00fcr optimalen Sehkomfort nach vorne oder hinten zu neigen, was die Belastung des Nackens reduziert und die Produktivit\u00e4t steigert. Mit der 180-Grad-Schwenkfunktion k\u00f6nnen Sie Ihren Monitor ganz einfach drehen, um Inhalte mit Kollegen zu teilen oder zwischen Hoch- und Querformat zu wechseln.\n                            <\/p>\n                        <\/div>\n                    <\/div>\n                    <div class=\"detail-shots__image-column\">\n                        <img decoding=\"async\" src=\"https:\/\/www.ranqer.com\/wp-content\/uploads\/2024\/03\/ranqer_monitor_arm_pro_single_space_gray_8.jpg\" loading=\"lazy\" alt=\"\" class=\"detail-shots__single-image\">\n                    <\/div>\n                <\/div>\n                                            \n\n              <div class=\"detail-shots__section \">\n                  <div class=\"detail-shots__image-column\">\n                      <img decoding=\"async\" src=\"https:\/\/www.ranqer.com\/wp-content\/uploads\/2024\/03\/ranqer_monitor_arm_pro_single_space_gray_4.jpg\" loading=\"lazy\" alt=\"\" class=\"detail-shots__single-image\">\n                  <\/div>\n                  <div class=\"detail-shots__desc-column is--right\">\n                      <div class=\"detail-shots__desc-column__inner is--right\">\n                          <h3 class=\"detail-shots__desc-title\">\n                              KABELMANAGEMENT\n                          <\/h3>\n                          <h4 class=\"generic-typography__sub-title bottom--15 top--0\">\n                              Schaffen Sie einen aufger\u00e4umten Schreibtisch\n                          <\/h4>\n                          <p class=\"generic-typography__paragraph\">\n                              Dieser Monitorarm verf\u00fcgt \u00fcber ein integriertes Kabelmanagementsystem, das f\u00fcr Ordnung am Arbeitsplatz sorgt, indem es Kabel und Schn\u00fcre verbirgt und so die Unordnung reduziert und die \u00c4sthetik verbessert.\r\n\n                          <\/p>\n                      <\/div>\n                  <\/div>\n              <\/div>\n                        <\/div>\n\n\n<div class=\"section--double-p wf-section\">\n    <div class=\"container w-container\">\n        <div class=\"double-p__title-wrapper\">\n                            <h2 class=\"double-p__main-title is--large\">\n                                        ENTDECKEN SIE KOMFORT UND PRODUKTIVIT\u00c4T NEU\n                <\/h2>\n\n                <h3 class=\"double-p__main-title is--sub\">\n                                        EINFACHE<strong class=\"double-p__main-title__orange\"> ERGONOMISCHE<\/strong> MONITORHALTERUNG\n                <\/h3>\n                    <\/div>\n                    <div class=\"double-p__grid\">\n                                    <div class=\"double-p__block\">\n                        <h3 class=\"generic-typography__sub-title bottom--15 top--0\">F\u00fcr den ausdauernden, selbstbewussten Gamer<\/h3>\n                                                    <p class=\"generic-typography__paragraph\">Egal, ob Sie in einem Gro\u00dfraumb\u00fcro, von zu Hause aus oder in einem privaten B\u00fcro arbeiten, die Ranqer-Monitore sind so konzipiert, dass sie professionell aussehen und Komfort bieten. Modern, schlank und erschwinglich &#8211; drei Worte, die den Ranqer Single Monitor Arm perfekt beschreiben. Wenn Sie wie ein Profi-Gamer aussehen oder Ihr B\u00fcro aufpeppen wollen, finden Sie den passenden Monitorarm f\u00fcr sich. Neben der unglaublichen Unterst\u00fctzung, die sie bieten, sehen die Ranqer Monitorarme modern und zeitlos aus.<\/p>\n\n                                            <\/div>\n                                    <div class=\"double-p__block\">\n                        <h3 class=\"generic-typography__sub-title bottom--15 top--0\"><\/h3>\n                                                    <p class=\"generic-typography__paragraph\">Der Ranqer-Monitorarm ist ein wahrer Multitasker in Ihrem Arbeitsbereich. Mit seiner Vielseitigkeit passt er sich m\u00fchelos an Ihre Bed\u00fcrfnisse an. Egal, ob Sie einen einzelnen Bildschirm f\u00fcr ein schlankes Setup oder mehrere Bildschirme f\u00fcr maximale Produktivit\u00e4t bevorzugen, der Ranqer-Monitorarm bietet die Flexibilit\u00e4t, die Sie ben\u00f6tigen. Er ist h\u00f6henverstellbar, neigbar und drehbar und bietet so unendlich viele M\u00f6glichkeiten, Ihre Bildschirme genau so zu positionieren, wie Sie es w\u00fcnschen. Erleben Sie die Freiheit, Ihren Arbeitsplatz mit dem Ranqer-Monitorarm zu personalisieren.<\/p>\n\n                                            <\/div>\n                            <\/div>\n            <\/div>\n<\/div>\n\n\n<div class=\"section--selling-points  wf-section\">\n    <div class=\"container w-container\">\n                                <div class=\"selling-points__title\">\n                            <h2 class=\"generic-typography__section-title\">\n                    Unsere <span class=\"collection__title__orange\">St\u00e4rken<\/span>\n                <\/h2>\n                    <\/div>\n        <div class=\"selling-points__grid\">\n                                                <div class=\"selling-points__single\">\n                        <div class=\"selling-points__single__inner\">\n                            <div class=\"selling-points__single__text\">\n                                H\u00f6chst ergonomisch\n                            <\/div>\n                            <div class=\"selling-points__single__icon-wrapper\">\n                                <img decoding=\"async\" src=\"https:\/\/www.ranqer.com\/wp-content\/themes\/vallonic-ranqer\/dist\/images\/vallonic__ranqer-com__icons__ergonomic__orange_46a0c9d8.svg\" loading=\"lazy\" width=\"21\" alt=\"\" class=\"selling-points__single__icon\">\n                            <\/div>\n                        <\/div>\n                    <\/div>\n                                    <div class=\"selling-points__single\">\n                        <div class=\"selling-points__single__inner\">\n                            <div class=\"selling-points__single__text\">\n                                Vom Racing inspiriert\n                            <\/div>\n                            <div class=\"selling-points__single__icon-wrapper\">\n                                <img decoding=\"async\" src=\"https:\/\/www.ranqer.com\/wp-content\/themes\/vallonic-ranqer\/dist\/images\/vallonic__ranqer-com__icons__racing__orange_7c54f02f.svg\" loading=\"lazy\" width=\"21\" alt=\"\" class=\"selling-points__single__icon\">\n                            <\/div>\n                        <\/div>\n                    <\/div>\n                                    <div class=\"selling-points__single\">\n                        <div class=\"selling-points__single__inner\">\n                            <div class=\"selling-points__single__text\">\n                                Niederl\u00e4ndisches Design\n                            <\/div>\n                            <div class=\"selling-points__single__icon-wrapper\">\n                                <img decoding=\"async\" src=\"https:\/\/www.ranqer.com\/wp-content\/themes\/vallonic-ranqer\/dist\/images\/vallonic__ranqer-com__icons__design__orange_5cb9e4bc.svg\" loading=\"lazy\" width=\"21\" alt=\"\" class=\"selling-points__single__icon\">\n                            <\/div>\n                        <\/div>\n                    <\/div>\n                                    <\/div>\n                            <div class=\"selling-points__cta-wrapper\">\n                <a\n                    href=\"#\"\n                    data-scroll=\"section--dealers\"\n                    class=\"selling-points__cta\"\n                >\n                    Jetzt bestellen\n                <\/a>\n            <\/div>\n            <\/div>\n<\/div>\n\n\n<div class=\"section--dealers wf-section\" id=\"dealers\">\n    <div class=\"container w-container\">\n        <div class=\"dealers__description-grid\">\n            <div class=\"dealers__desc-column\">\n                <h2 class=\"generic-typography__section-title\">\n                                                                                UNSERE LIEBE F\u00dcRS <span class=\"collection__title__orange\">DETAIL<\/span>\n                <\/h2>\n                <h3 class=\"generic-typography__sub-title bottom--15\">\n                    Jetzt Bestellen\n                <\/h3>\n                <p class=\"generic-typography__paragraph\">\n                    Gro\u00dfer Komfort und tolles Design. Ranqer Monitorarme jetzt erh\u00e4ltlich. Erh\u00f6hen Sie Ihr Gaming-Setup durch die Wahl eines der luxuri\u00f6sen Monitorarme.\n                <\/p>\n            <\/div>\n        <\/div>\n                    <div class=\"dealers__grid\">\n                                    <div class=\"dealers__single-dealer\">\n                        <a href=\"https:\/\/www.sbsupply.de\/ranqer--1-screen?_gl=1*axw41f*_up*MQ..*_ga*OTMxMTY3MjQ4LjE3MTA5MzkxNTI.*_ga_5NFFFVXQE1*MTcxMDkzOTE1MS4xLjEuMTcxMDkzOTQyNi4wLjAuMA..\" class=\"dealers__single__a w-inline-block\" target=\"_blank\" rel=\"noopener\">\n                            <img decoding=\"async\" src=\"https:\/\/www.ranqer.com\/wp-content\/uploads\/2021\/09\/sbsupply-logo-500x1000-1.png\" loading=\"lazy\" alt=\"\" class=\"dealers__single__logo-img\">\n                            <div class=\"dealers__single__details\">\n                                                            <div class=\"dealers__single__countries\">\n                                                                                                          <div class=\"dealers__single__countries__single\">Deutschland<\/div>\n                                                                <\/div>\n                              <img decoding=\"async\" src=\"https:\/\/www.ranqer.com\/wp-content\/themes\/vallonic-ranqer\/dist\/images\/vallonic__ranqer-com__icons__arrow-right__orange_143c2b49.svg\" loading=\"lazy\" alt=\"\" class=\"dealers__single__arrow-right\">\n                            <\/div>\n                        <\/a>\n                    <\/div>\n                                    <div class=\"dealers__single-dealer\">\n                        <a href=\"https:\/\/www.amazon.de\/Ranqer-Monitorhalterung-Bildschirme-H%C3%B6henverstellbar-Kabelmanagement-Wei%C3%9F\/dp\/B0CRF71PLZ?th=1&amp;psc=1&amp;linkCode=ll1&amp;tag=ranqer-21&amp;linkId=dba103a7609b683bc2b1aa9626ca3916&amp;language=de_DE&amp;ref_=as_li_ss_tl\" class=\"dealers__single__a w-inline-block\" target=\"_blank\" rel=\"noopener\">\n                            <img decoding=\"async\" src=\"https:\/\/www.ranqer.com\/wp-content\/uploads\/2021\/09\/vallonic__ranqer-com__dealers__amazon2x.png\" loading=\"lazy\" alt=\"\" class=\"dealers__single__logo-img\">\n                            <div class=\"dealers__single__details\">\n                                                            <div class=\"dealers__single__countries\">\n                                                                                                          <div class=\"dealers__single__countries__single\">Deutschland<\/div>\n                                                                <\/div>\n                              <img decoding=\"async\" src=\"https:\/\/www.ranqer.com\/wp-content\/themes\/vallonic-ranqer\/dist\/images\/vallonic__ranqer-com__icons__arrow-right__orange_143c2b49.svg\" loading=\"lazy\" alt=\"\" class=\"dealers__single__arrow-right\">\n                            <\/div>\n                        <\/a>\n                    <\/div>\n                                    <div class=\"dealers__single-dealer\">\n                        <a href=\"https:\/\/www.kaufland.de\/s\/?search_value=Ranqer%20Single%20Monitorhalterung\" class=\"dealers__single__a w-inline-block\" target=\"_blank\" rel=\"noopener\">\n                            <img decoding=\"async\" src=\"https:\/\/www.ranqer.com\/wp-content\/uploads\/2021\/11\/kaufland-1.png\" loading=\"lazy\" alt=\"\" class=\"dealers__single__logo-img\">\n                            <div class=\"dealers__single__details\">\n                                                            <div class=\"dealers__single__countries\">\n                                                                                                          <div class=\"dealers__single__countries__single\">Deutschland<\/div>\n                                                                <\/div>\n                              <img decoding=\"async\" src=\"https:\/\/www.ranqer.com\/wp-content\/themes\/vallonic-ranqer\/dist\/images\/vallonic__ranqer-com__icons__arrow-right__orange_143c2b49.svg\" loading=\"lazy\" alt=\"\" class=\"dealers__single__arrow-right\">\n                            <\/div>\n                        <\/a>\n                    <\/div>\n                                    <div class=\"dealers__single-dealer\">\n                        <a href=\"https:\/\/www.mediamarkt.de\/de\/search.html?query=Ranqer%20Monitorhalterung&amp;t=1712760650972&amp;queryMeta%5Bga_query%5D=Ranqer%20Monitorhalterung&amp;queryMeta%5BqueryHash%5D=a50ae11a57a109fad3c37e98dee415fd755acd62454bee96a64c952f8dbcee25&amp;queryMeta%5BqueryRequestId%5D=a50ae11a57a109fad3c37e98dee415fd755acd62454bee96a64c952f8dbcee25\" class=\"dealers__single__a w-inline-block\" target=\"_blank\" rel=\"noopener\">\n                            <img decoding=\"async\" src=\"https:\/\/www.ranqer.com\/wp-content\/uploads\/2024\/03\/kisspng-logo-media-markt-ignite-uk-5b185d77154382.8184630015283234470871.png\" loading=\"lazy\" alt=\"\" class=\"dealers__single__logo-img\">\n                            <div class=\"dealers__single__details\">\n                                                            <div class=\"dealers__single__countries\">\n                                                                                                          <div class=\"dealers__single__countries__single\">Deutschland<\/div>\n                                                                <\/div>\n                              <img decoding=\"async\" src=\"https:\/\/www.ranqer.com\/wp-content\/themes\/vallonic-ranqer\/dist\/images\/vallonic__ranqer-com__icons__arrow-right__orange_143c2b49.svg\" loading=\"lazy\" alt=\"\" class=\"dealers__single__arrow-right\">\n                            <\/div>\n                        <\/a>\n                    <\/div>\n                            <\/div>\n                            <\/div>\n<\/div>\n\n\n<div class=\"section--product-downloads bottom--0 wf-section\">\n    <div class=\"container w-container\">\n        <div class=\"product-downloads__grid\">\n            <div class=\"product-downloads__column\">\n                <h2 class=\"generic-typography__section-title\">\n                                        PRODUKT\u00dcBERSICHT\n                <\/h2>\n                <h3 class=\"generic-typography__sub-title bottom--15\">\n                    Spezifikationen\n                <\/h3>\n                <p class=\"generic-typography__paragraph\">\n                    <p>Geeignet f\u00fcr Bildschirmgr\u00f6\u00dfe: 17\u2033-32\u2033<\/p>\n<p>Geeignet f\u00fcr gebogene Bildschirme: Ja<\/p>\n<p>Maximales Gewicht (pro Bildschirm): 2~9 kg<\/p>\n<p>VESA-kompatibel: 75\u00d775, 100\u00d7100<\/p>\n<p>Neigungsbereich: +80\u00b0~-45\u00b0<\/p>\n<p>Rotationsbereich: +90\u00b0~-90\u00b0<\/p>\n<p>Bildschirm-Drehung: +180\u00b0~-180\u00b0<\/p>\n<p>Arm voll ausgefahren: 475 mm<\/p>\n\n                <\/p>\n                <div class=\"product-downloads__actions-grid\">\n                                                                                                                                    <\/div>\n            <\/div>\n            <div class=\"product-downloads__column\">\n                <div class=\"product-downloads__decoration-wrapper\">\n                    <img decoding=\"async\" src=\"https:\/\/www.ranqer.com\/wp-content\/uploads\/2024\/04\/vallonic__ranqer-com__logo__full-orange_b536aaf5-1.png\" loading=\"lazy\" alt=\"\" class=\"product-downloads__decoration-img\">\n                <\/div>\n            <\/div>\n        <\/div>\n    <\/div>\n<\/div>\n","protected":false},"excerpt":{"rendered":"","protected":false},"author":27,"featured_media":0,"parent":0,"menu_order":0,"comment_status":"closed","ping_status":"closed","template":"","meta":{"footnotes":""},"categories":[],"tags":[],"class_list":["post-10914","page","type-page","status-publish","hentry"],"_links":{"self":[{"href":"https:\/\/www.ranqer.com\/de\/wp-json\/wp\/v2\/pages\/10914","targetHints":{"allow":["GET"]}}],"collection":[{"href":"https:\/\/www.ranqer.com\/de\/wp-json\/wp\/v2\/pages"}],"about":[{"href":"https:\/\/www.ranqer.com\/de\/wp-json\/wp\/v2\/types\/page"}],"author":[{"embeddable":true,"href":"https:\/\/www.ranqer.com\/de\/wp-json\/wp\/v2\/users\/27"}],"replies":[{"embeddable":true,"href":"https:\/\/www.ranqer.com\/de\/wp-json\/wp\/v2\/comments?post=10914"}],"version-history":[{"count":28,"href":"https:\/\/www.ranqer.com\/de\/wp-json\/wp\/v2\/pages\/10914\/revisions"}],"predecessor-version":[{"id":15277,"href":"https:\/\/www.ranqer.com\/de\/wp-json\/wp\/v2\/pages\/10914\/revisions\/15277"}],"wp:attachment":[{"href":"https:\/\/www.ranqer.com\/de\/wp-json\/wp\/v2\/media?parent=10914"}],"wp:term":[{"taxonomy":"category","embeddable":true,"href":"https:\/\/www.ranqer.com\/de\/wp-json\/wp\/v2\/categories?post=10914"},{"taxonomy":"post_tag","embeddable":true,"href":"https:\/\/www.ranqer.com\/de\/wp-json\/wp\/v2\/tags?post=10914"}],"curies":[{"name":"wp","href":"https:\/\/api.w.org\/{rel}","templated":true}]}}