{"id":10906,"date":"2024-03-20T12:59:20","date_gmt":"2024-03-20T11:59:20","guid":{"rendered":"https:\/\/ranqer.com\/?page_id=10906"},"modified":"2024-04-22T11:00:00","modified_gmt":"2024-04-22T09:00:00","slug":"ranqer-single-arm-monitor-halterung","status":"publish","type":"page","link":"https:\/\/www.ranqer.com\/de\/ranqer-single-arm-monitor-halterung\/","title":{"rendered":"Ranqer Monitor Arm Single"},"content":{"rendered":"<div class=\"section--product-highlight wf-section\">\n    <div class=\"container w-container\">\n      <div class=\"product-highlight__grid\">\n        <div class=\"product-highlight__column\">\n          <div class=\"product-highlight__image-wrapper\">\n              <img decoding=\"async\" src=\"https:\/\/www.ranqer.com\/wp-content\/uploads\/2024\/02\/Ranqer-Monitor-Single-Arm-zwart_.png\" loading=\"lazy\" sizes=\"100vw\" alt=\"Ranqer Single Arm Monitor Halterung\" class=\"product-highlight__img\">\n                                <img decoding=\"async\" src=\"https:\/\/www.ranqer.com\/wp-content\/themes\/vallonic-ranqer\/dist\/images\/vallonic__ranqer-com__product-highlight__backdrop-single-color2x_fceffc2a.png\" loading=\"lazy\" sizes=\"100vw\" alt=\"\" class=\"product-highlight__background\">\n                        <\/div>\n        <\/div>\n        <div class=\"product-highlight__column\">\n          <div class=\"product-highlight__details\">\n            <h2 class=\"product-highlight__h2\">\n                                                                EINFACHER<span class=\"product-highlight__h2__orange\"> ERGONOMISCHER<\/span> MONITOR ARM\n            <\/h2>\n            <h1 class=\"product-highlight__h1\">\n                Ranqer Single Arm Monitor Halterung\n            <\/h1>\n            <p class=\"product-highlight__desc\">\n                Der Ranqer Single Monitor Arm besticht durch sein schlichtes und dennoch robustes Design, das sich nahtlos in jede Einrichtung einf\u00fcgt. Sein schlankes Profil und die minimalistische Konstruktion f\u00fcgen sich m\u00fchelos in Ihr bestehendes Dekor ein und bieten unvergleichliche Verstellm\u00f6glichkeiten, ohne Kompromisse beim Stil einzugehen. \r\n\r\nDas intuitive Design und die leicht verst\u00e4ndlichen Anweisungen machen die Einrichtung zu einem Kinderspiel, so dass Sie Ihre Monitorposition m\u00fchelos an Ihre bevorzugte ergonomische Position anpassen k\u00f6nnen. \r\n\r\nErleben Sie ergonomischen Komfort wie nie zuvor, ganz gleich, ob Sie inmitten intensiver Gaming-Schlachten stecken oder allt\u00e4gliche Aufgaben bew\u00e4ltigen. Verabschieden Sie sich von Nackenverspannungen und begr\u00fc\u00dfen Sie die gesteigerte Produktivit\u00e4t mit dem Ranqer Single Monitor Arm. \r\n\n            <\/p>\n            <a href=\"#\" data-scroll=\"section--dealers\" class=\"product-highlight__button\">\n                Shop Online\n            <\/a>\n            <div class=\"product-highlight__actions\">\n                                <a\n                      class=\"product-highlight__single-action\"\n                      href=\"#\"\n                      data-scroll=\"detail-shots__section\"\n                  >\n                      Mehr entdecken \u2192\n                  <\/a>\n                            \n            <\/div>\n          <\/div>\n        <\/div>\n      <\/div>\n    <\/div>\n            <div class=\"product-highlight__bottom-border\"><\/div>\n        \n    <img decoding=\"async\" src=\"https:\/\/www.ranqer.com\/wp-content\/themes\/vallonic-ranqer\/dist\/images\/vallonic__ranqer-com__product-highlight__decorative-elements_7b623bd8.svg\" loading=\"lazy\" alt=\"\" class=\"product-highlight__decoration\">\n<\/div>\n\n\n<div class=\"section--detail-shots wf-section\">\n    <div class=\"container w-container\">\n        <h2 class=\"generic-typography__section-title\">\n                                                DAS QUALIT\u00c4TSVERSPRECHEN <span class=\"collection__title__orange\">VON RANQER<\/span>\n        <\/h2>\n    <\/div>\n                                    \n\n              <div class=\"detail-shots__section is--first\">\n                  <div class=\"detail-shots__image-column\">\n                      <img decoding=\"async\" src=\"https:\/\/www.ranqer.com\/wp-content\/uploads\/2024\/02\/Ranqer-monitor-mount-with-screen-detail-shot.png\" loading=\"lazy\" alt=\"\" class=\"detail-shots__single-image\">\n                  <\/div>\n                  <div class=\"detail-shots__desc-column is--right\">\n                      <div class=\"detail-shots__desc-column__inner is--right\">\n                          <h3 class=\"detail-shots__desc-title\">\n                              EINSTELLBAR\n                          <\/h3>\n                          <h4 class=\"generic-typography__sub-title bottom--15 top--0\">\n                              Positionieren Sie Ihre Monitore nach Ihren Vorstellungen\n                          <\/h4>\n                          <p class=\"generic-typography__paragraph\">\n                              Entdecken Sie die unvergleichliche Vielseitigkeit des Ranqer Single Monitor Arm bei der Optimierung Ihres Arbeitsplatzes. Dieser mit Pr\u00e4zisionsmechanik gefertigte Monitorarm bietet eine anpassbare H\u00f6heneinstellung, mit der Sie Ihren Bildschirm m\u00fchelos auf die gew\u00fcnschte Augenh\u00f6he anheben oder absenken k\u00f6nnen. Die flexible Neigungsfunktion erm\u00f6glicht es Ihnen, Ihren Monitor f\u00fcr optimalen Sehkomfort nach vorne oder hinten zu neigen, was die Belastung des Nackens reduziert und die Produktivit\u00e4t steigert. Mit der 180-Grad-Schwenkfunktion k\u00f6nnen Sie Ihren Monitor ganz einfach drehen, um Inhalte mit Kollegen zu teilen oder zwischen Hoch- und Querformat zu wechseln. \n                          <\/p>\n                      <\/div>\n                  <\/div>\n              <\/div>\n                                                            <div class=\"detail-shots__section \">\n                    <div class=\"detail-shots__desc-column is--left\">\n                        <div class=\"detail-shots__desc-column__inner is--left\">\n                            <h3 class=\"detail-shots__desc-title\">\n                                PLATZSPARENDES DESIGN\n                            <\/h3>\n                            <h4 class=\"generic-typography__sub-title bottom--15 top--0\">\n                                Mehr Platz f\u00fcr die wichtigen Dinge\n                            <\/h4>\n                            <p class=\"generic-typography__paragraph\">\n                                Mit seinem platzsparenden Design tr\u00e4gt der Ranqer Single Monitor Arm dazu bei, den Platz auf dem Schreibtisch zu optimieren, indem er den Monitor sicher \u00fcber der Oberfl\u00e4che befestigt und so wertvollen Platz f\u00fcr andere wichtige Gegenst\u00e4nde freimacht und einen sauberen und effizienten Arbeitsplatz f\u00f6rdert.\n                            <\/p>\n                        <\/div>\n                    <\/div>\n                    <div class=\"detail-shots__image-column\">\n                        <img decoding=\"async\" src=\"https:\/\/www.ranqer.com\/wp-content\/uploads\/2024\/02\/ranqer_monitor_arm_single_black_13.png\" loading=\"lazy\" alt=\"\" class=\"detail-shots__single-image\">\n                    <\/div>\n                <\/div>\n                                            \n\n              <div class=\"detail-shots__section \">\n                  <div class=\"detail-shots__image-column\">\n                      <img decoding=\"async\" src=\"https:\/\/www.ranqer.com\/wp-content\/uploads\/2024\/02\/ranqer_monitor_arm_single_black_12.webp\" loading=\"lazy\" alt=\"\" class=\"detail-shots__single-image\">\n                  <\/div>\n                  <div class=\"detail-shots__desc-column is--right\">\n                      <div class=\"detail-shots__desc-column__inner is--right\">\n                          <h3 class=\"detail-shots__desc-title\">\n                              KABELMANAGEMENT\n                          <\/h3>\n                          <h4 class=\"generic-typography__sub-title bottom--15 top--0\">\n                              Schaffen Sie einen aufger\u00e4umten Schreibtisch\n                          <\/h4>\n                          <p class=\"generic-typography__paragraph\">\n                              Dieser Monitorarm verf\u00fcgt \u00fcber ein integriertes Kabelmanagementsystem, das f\u00fcr Ordnung am Arbeitsplatz sorgt, indem es Kabel und Schn\u00fcre verbirgt und so die Unordnung reduziert und die \u00c4sthetik verbessert.\n                          <\/p>\n                      <\/div>\n                  <\/div>\n              <\/div>\n                        <\/div>\n\n\n<div class=\"section--double-p wf-section\">\n    <div class=\"container w-container\">\n        <div class=\"double-p__title-wrapper\">\n                            <h2 class=\"double-p__main-title is--large\">\n                                        DEFINIEREN SIE KOMFORT UND PRODUKTIVIT\u00c4T NEU\n                <\/h2>\n\n                <h3 class=\"double-p__main-title is--sub\">\n                                        SINGLE<strong class=\"double-p__main-title__orange\"> ERGONOMISCHE<\/strong> MONITOR HALTERUNG\n                <\/h3>\n                    <\/div>\n                    <div class=\"double-p__grid\">\n                                    <div class=\"double-p__block\">\n                        <h3 class=\"generic-typography__sub-title bottom--15 top--0\">F\u00fcr den ausdauernden, selbstbewussten Gamer<\/h3>\n                                                    <p class=\"generic-typography__paragraph\">Egal, ob Sie in einem Gro\u00dfraumb\u00fcro, von zu Hause aus oder in einem privaten B\u00fcro arbeiten, die Ranqer-Monitorarme sind so konzipiert, dass sie professionell aussehen und Komfort bieten. Modern, schlank und erschwinglich &#8211; drei Worte, die den Ranqer Einzelmonitorarm perfekt beschreiben. Wenn Sie wie ein Profi-Gamer aussehen oder Ihr B\u00fcro aufpeppen wollen, finden Sie den passenden Monitorarm f\u00fcr sich. Neben der unglaublichen Unterst\u00fctzung, die sie bieten, sehen die Ranqer-Monitorarme modern und zeitlos aus.<\/p>\n\n                                            <\/div>\n                                    <div class=\"double-p__block\">\n                        <h3 class=\"generic-typography__sub-title bottom--15 top--0\"><\/h3>\n                                                    <p class=\"generic-typography__paragraph\">Der Ranqer-Monitorarm ist ein wahrer Multitasker in Ihrem Arbeitsbereich. Mit seiner Vielseitigkeit passt er sich m\u00fchelos an Ihre Bed\u00fcrfnisse an. Egal, ob Sie einen einzelnen Bildschirm f\u00fcr ein schlankes Setup oder mehrere Bildschirme f\u00fcr maximale Produktivit\u00e4t bevorzugen, der Ranqer-Monitorarm bietet die Flexibilit\u00e4t, die Sie ben\u00f6tigen. Er ist h\u00f6henverstellbar, neigbar und drehbar und bietet so unendlich viele M\u00f6glichkeiten, Ihre Bildschirme genau so zu positionieren, wie Sie es w\u00fcnschen. Erleben Sie die Freiheit, Ihren Arbeitsplatz mit dem Ranqer-Monitorarm zu personalisieren.<\/p>\n\n                                            <\/div>\n                            <\/div>\n            <\/div>\n<\/div>\n\n\n<div class=\"section--selling-points  wf-section\">\n    <div class=\"container w-container\">\n                                <div class=\"selling-points__title\">\n                            <h2 class=\"generic-typography__section-title\">\n                    Unsere <span class=\"collection__title__orange\">St\u00e4rken<\/span>\n                <\/h2>\n                    <\/div>\n        <div class=\"selling-points__grid\">\n                                                <div class=\"selling-points__single\">\n                        <div class=\"selling-points__single__inner\">\n                            <div class=\"selling-points__single__text\">\n                                H\u00f6chst ergonomisch\n                            <\/div>\n                            <div class=\"selling-points__single__icon-wrapper\">\n                                <img decoding=\"async\" src=\"https:\/\/www.ranqer.com\/wp-content\/themes\/vallonic-ranqer\/dist\/images\/vallonic__ranqer-com__icons__ergonomic__orange_46a0c9d8.svg\" loading=\"lazy\" width=\"21\" alt=\"\" class=\"selling-points__single__icon\">\n                            <\/div>\n                        <\/div>\n                    <\/div>\n                                    <div class=\"selling-points__single\">\n                        <div class=\"selling-points__single__inner\">\n                            <div class=\"selling-points__single__text\">\n                                Vom Racing inspiriert\n                            <\/div>\n                            <div class=\"selling-points__single__icon-wrapper\">\n                                <img decoding=\"async\" src=\"https:\/\/www.ranqer.com\/wp-content\/themes\/vallonic-ranqer\/dist\/images\/vallonic__ranqer-com__icons__racing__orange_7c54f02f.svg\" loading=\"lazy\" width=\"21\" alt=\"\" class=\"selling-points__single__icon\">\n                            <\/div>\n                        <\/div>\n                    <\/div>\n                                    <div class=\"selling-points__single\">\n                        <div class=\"selling-points__single__inner\">\n                            <div class=\"selling-points__single__text\">\n                                Niederl\u00e4ndisches Design\n                            <\/div>\n                            <div class=\"selling-points__single__icon-wrapper\">\n                                <img decoding=\"async\" src=\"https:\/\/www.ranqer.com\/wp-content\/themes\/vallonic-ranqer\/dist\/images\/vallonic__ranqer-com__icons__design__orange_5cb9e4bc.svg\" loading=\"lazy\" width=\"21\" alt=\"\" class=\"selling-points__single__icon\">\n                            <\/div>\n                        <\/div>\n                    <\/div>\n                                    <\/div>\n                            <div class=\"selling-points__cta-wrapper\">\n                <a\n                    href=\"#\"\n                    data-scroll=\"section--dealers\"\n                    class=\"selling-points__cta\"\n                >\n                    Jetzt bestellen\n                <\/a>\n            <\/div>\n            <\/div>\n<\/div>\n\n\n<div class=\"section--dealers wf-section\" id=\"dealers\">\n    <div class=\"container w-container\">\n        <div class=\"dealers__description-grid\">\n            <div class=\"dealers__desc-column\">\n                <h2 class=\"generic-typography__section-title\">\n                                                                                Unsere <span class=\"collection__title__orange\">Vertriebspartner<\/span>\n                <\/h2>\n                <h3 class=\"generic-typography__sub-title bottom--15\">\n                    Jetzt Bestellen\n                <\/h3>\n                <p class=\"generic-typography__paragraph\">\n                    Hoher Komfort und tolles Design. Entdecken Sie nun online die Welt von RANQER.\n                <\/p>\n            <\/div>\n        <\/div>\n                    <div class=\"dealers__grid\">\n                                    <div class=\"dealers__single-dealer\">\n                        <a href=\"https:\/\/www.sbsupply.de\/ranqer\" class=\"dealers__single__a w-inline-block\" target=\"_blank\" rel=\"noopener\">\n                            <img decoding=\"async\" src=\"https:\/\/www.ranqer.com\/wp-content\/uploads\/2021\/09\/sbsupply-logo-500x1000-1.png\" loading=\"lazy\" alt=\"\" class=\"dealers__single__logo-img\">\n                            <div class=\"dealers__single__details\">\n                                                            <div class=\"dealers__single__countries\">\n                                                                                                          <div class=\"dealers__single__countries__single\">Deutschland<\/div>\n                                                                <\/div>\n                              <img decoding=\"async\" src=\"https:\/\/www.ranqer.com\/wp-content\/themes\/vallonic-ranqer\/dist\/images\/vallonic__ranqer-com__icons__arrow-right__orange_143c2b49.svg\" loading=\"lazy\" alt=\"\" class=\"dealers__single__arrow-right\">\n                            <\/div>\n                        <\/a>\n                    <\/div>\n                                    <div class=\"dealers__single-dealer\">\n                        <a href=\"https:\/\/www.kaufland.de\/manufacturer\/5472481\/\" class=\"dealers__single__a w-inline-block\" target=\"_blank\" rel=\"noopener\">\n                            <img decoding=\"async\" src=\"https:\/\/www.ranqer.com\/wp-content\/uploads\/2021\/11\/kaufland-1.png\" loading=\"lazy\" alt=\"\" class=\"dealers__single__logo-img\">\n                            <div class=\"dealers__single__details\">\n                                                            <div class=\"dealers__single__countries\">\n                                                                                                          <div class=\"dealers__single__countries__single\">Deutschland<\/div>\n                                                                <\/div>\n                              <img decoding=\"async\" src=\"https:\/\/www.ranqer.com\/wp-content\/themes\/vallonic-ranqer\/dist\/images\/vallonic__ranqer-com__icons__arrow-right__orange_143c2b49.svg\" loading=\"lazy\" alt=\"\" class=\"dealers__single__arrow-right\">\n                            <\/div>\n                        <\/a>\n                    <\/div>\n                                    <div class=\"dealers__single-dealer\">\n                        <a href=\"https:\/\/www.amazon.de\/Ranqer-Monitorhalterung-Bildschirme-H%C3%B6henverstellbar-Kabelmanagement-Schwarz\/dp\/B0CRHXK6FC?th=1&amp;psc=1&amp;linkCode=ll1&amp;tag=ranqer-21&amp;linkId=369f59c1b821d61dc2a8a6bf187ddafe&amp;language=de_DE&amp;ref_=as_li_ss_tl\" class=\"dealers__single__a w-inline-block\" target=\"_blank\" rel=\"noopener\">\n                            <img decoding=\"async\" src=\"https:\/\/www.ranqer.com\/wp-content\/uploads\/2021\/09\/vallonic__ranqer-com__dealers__amazon2x.png\" loading=\"lazy\" alt=\"\" class=\"dealers__single__logo-img\">\n                            <div class=\"dealers__single__details\">\n                                                            <div class=\"dealers__single__countries\">\n                                                                                                          <div class=\"dealers__single__countries__single\">Deutschland<\/div>\n                                                                <\/div>\n                              <img decoding=\"async\" src=\"https:\/\/www.ranqer.com\/wp-content\/themes\/vallonic-ranqer\/dist\/images\/vallonic__ranqer-com__icons__arrow-right__orange_143c2b49.svg\" loading=\"lazy\" alt=\"\" class=\"dealers__single__arrow-right\">\n                            <\/div>\n                        <\/a>\n                    <\/div>\n                                    <div class=\"dealers__single-dealer\">\n                        <a href=\"https:\/\/www.mediamarkt.de\/de\/product\/_ranqer-monitor-halterung-single-monitorhalterung-schwarz-136758305.html\" class=\"dealers__single__a w-inline-block\" target=\"_blank\" rel=\"noopener\">\n                            <img decoding=\"async\" src=\"https:\/\/www.ranqer.com\/wp-content\/uploads\/2024\/03\/kisspng-logo-media-markt-ignite-uk-5b185d77154382.8184630015283234470871.png\" loading=\"lazy\" alt=\"\" class=\"dealers__single__logo-img\">\n                            <div class=\"dealers__single__details\">\n                                                            <div class=\"dealers__single__countries\">\n                                                                                                          <div class=\"dealers__single__countries__single\">Deutschland<\/div>\n                                                                <\/div>\n                              <img decoding=\"async\" src=\"https:\/\/www.ranqer.com\/wp-content\/themes\/vallonic-ranqer\/dist\/images\/vallonic__ranqer-com__icons__arrow-right__orange_143c2b49.svg\" loading=\"lazy\" alt=\"\" class=\"dealers__single__arrow-right\">\n                            <\/div>\n                        <\/a>\n                    <\/div>\n                            <\/div>\n                            <\/div>\n<\/div>\n\n\n<div class=\"section--product-downloads bottom--0 wf-section\">\n    <div class=\"container w-container\">\n        <div class=\"product-downloads__grid\">\n            <div class=\"product-downloads__column\">\n                <h2 class=\"generic-typography__section-title\">\n                                        PRODUKT\u00dcBERSICHT\n                <\/h2>\n                <h3 class=\"generic-typography__sub-title bottom--15\">\n                    Spezifikationen\n                <\/h3>\n                <p class=\"generic-typography__paragraph\">\n                    <p>Geeignet f\u00fcr Bildschirmgr\u00f6\u00dfe: 17&#8243;-32&#8243;<\/p>\n<p>Geeignet f\u00fcr gebogene Bildschirme: Ja<\/p>\n<p>Maximales Gewicht (pro Bildschirm): 2~9 kg<\/p>\n<p>VESA-kompatibel: 75&#215;75, 100&#215;100<\/p>\n<p>Neigungsbereich: +45\u00b0~-45\u00b0<\/p>\n<p>Rotationsbereich: +90\u00b0~-90\u00b0<\/p>\n<p>Bildschirm-Drehung: +180\u00b0~-180\u00b0<\/p>\n<p>Arm voll ausgefahren: 376mm<\/p>\n\n                <\/p>\n                <div class=\"product-downloads__actions-grid\">\n                                                                                                        <a href=\"https:\/\/www.ranqer.com\/wp-content\/uploads\/2024\/04\/vallonic__ranqer-com__logo__full-orange_b536aaf5-1.png\" download=\"vallonic__ranqer-com__logo__full-orange_b536aaf5-1\" class=\"product-highlight__single-action\">\n                                     \u2192\n                                <\/a>\n                                                                                        <\/div>\n            <\/div>\n            <div class=\"product-downloads__column\">\n                <div class=\"product-downloads__decoration-wrapper\">\n                    <img decoding=\"async\" src=\"https:\/\/www.ranqer.com\/wp-content\/uploads\/2024\/04\/vallonic__ranqer-com__logo__full-orange_b536aaf5-1.png\" loading=\"lazy\" alt=\"\" class=\"product-downloads__decoration-img\">\n                <\/div>\n            <\/div>\n        <\/div>\n    <\/div>\n<\/div>\n","protected":false},"excerpt":{"rendered":"","protected":false},"author":27,"featured_media":0,"parent":0,"menu_order":0,"comment_status":"closed","ping_status":"closed","template":"","meta":{"footnotes":""},"categories":[],"tags":[],"class_list":["post-10906","page","type-page","status-publish","hentry"],"_links":{"self":[{"href":"https:\/\/www.ranqer.com\/de\/wp-json\/wp\/v2\/pages\/10906","targetHints":{"allow":["GET"]}}],"collection":[{"href":"https:\/\/www.ranqer.com\/de\/wp-json\/wp\/v2\/pages"}],"about":[{"href":"https:\/\/www.ranqer.com\/de\/wp-json\/wp\/v2\/types\/page"}],"author":[{"embeddable":true,"href":"https:\/\/www.ranqer.com\/de\/wp-json\/wp\/v2\/users\/27"}],"replies":[{"embeddable":true,"href":"https:\/\/www.ranqer.com\/de\/wp-json\/wp\/v2\/comments?post=10906"}],"version-history":[{"count":29,"href":"https:\/\/www.ranqer.com\/de\/wp-json\/wp\/v2\/pages\/10906\/revisions"}],"predecessor-version":[{"id":15271,"href":"https:\/\/www.ranqer.com\/de\/wp-json\/wp\/v2\/pages\/10906\/revisions\/15271"}],"wp:attachment":[{"href":"https:\/\/www.ranqer.com\/de\/wp-json\/wp\/v2\/media?parent=10906"}],"wp:term":[{"taxonomy":"category","embeddable":true,"href":"https:\/\/www.ranqer.com\/de\/wp-json\/wp\/v2\/categories?post=10906"},{"taxonomy":"post_tag","embeddable":true,"href":"https:\/\/www.ranqer.com\/de\/wp-json\/wp\/v2\/tags?post=10906"}],"curies":[{"name":"wp","href":"https:\/\/api.w.org\/{rel}","templated":true}]}}