{"id":10881,"date":"2024-03-20T12:14:46","date_gmt":"2024-03-20T11:14:46","guid":{"rendered":"https:\/\/ranqer.com\/?page_id=10881"},"modified":"2024-04-22T11:03:57","modified_gmt":"2024-04-22T09:03:57","slug":"ranqer-dual-arm-pro-rgb-monitor-halterung","status":"publish","type":"page","link":"https:\/\/www.ranqer.com\/de\/ranqer-dual-arm-pro-rgb-monitor-halterung\/","title":{"rendered":"Ranqer Dual Monitor Arm Pro RGB"},"content":{"rendered":"<div class=\"section--product-highlight wf-section\">\n    <div class=\"container w-container\">\n      <div class=\"product-highlight__grid\">\n        <div class=\"product-highlight__column\">\n          <div class=\"product-highlight__image-wrapper\">\n              <img decoding=\"async\" src=\"https:\/\/www.ranqer.com\/wp-content\/uploads\/2024\/02\/Ranqer-Monitor-Dual-Arm-RGB-wit-1-e1707398338855.png\" loading=\"lazy\" sizes=\"100vw\" alt=\"RANQER Dual arm Pro RGB Monitor Halterung\" class=\"product-highlight__img\">\n                                <img decoding=\"async\" src=\"https:\/\/www.ranqer.com\/wp-content\/themes\/vallonic-ranqer\/dist\/images\/vallonic__ranqer-com__product-highlight__backdrop-multicolor_30a08ed0.png\" loading=\"lazy\" sizes=\"100vw\" alt=\"\" class=\"product-highlight__background\">\n                        <\/div>\n        <\/div>\n        <div class=\"product-highlight__column\">\n          <div class=\"product-highlight__details\">\n            <h2 class=\"product-highlight__h2\">\n                                                                Doppelter Monitor, Doppelter Glanz: RANQER <span class=\"product-highlight__h2__orange\"> Dual <\/span> Arm Pro <span class=\"product-highlight__h2__orange\"> RGB <\/span>\n            <\/h2>\n            <h1 class=\"product-highlight__h1\">\n                RANQER Dual arm Pro RGB Monitor Halterung\n            <\/h1>\n            <p class=\"product-highlight__desc\">\n                Der Ranqer Dual Arm Pro RGB ist eine hochmoderne Erg\u00e4nzung f\u00fcr Ihr Setup, die speziell f\u00fcr zwei Monitore entwickelt wurde, von denen jeder mit anpassbaren RGB-Lichtern ausgestattet ist, die Sie steuern k\u00f6nnen. Dieser innovative Monitorarm bietet nicht nur unvergleichliche Verstellm\u00f6glichkeiten, sondern verleiht Ihrem Arbeitsplatz auch einen futuristischen Touch. Mit seinem schlanken Design und seinen fortschrittlichen Funktionen hebt der Ranqer Dual Arm Pro RGB Ihren Arbeitsplatz in neue Dimensionen. Dank des intuitiven Designs und der einfachen Installation k\u00f6nnen Sie die Position jedes Monitors m\u00fchelos an Ihre bevorzugte ergonomische Position anpassen. Ganz gleich, ob Sie sich in intensive Gaming-Schlachten st\u00fcrzen oder sich auf Ihre t\u00e4glichen Aufgaben konzentrieren &#8211; erleben Sie doppelten ergonomischen Komfort wie nie zuvor. Verabschieden Sie sich von Nackenverspannungen und freuen Sie sich auf eine verbesserte Produktivit\u00e4t mit dem Ranqer Dual Arm Pro RGB.\n            <\/p>\n            <a href=\"#\" data-scroll=\"section--dealers\" class=\"product-highlight__button\">\n                Shop Online\n            <\/a>\n            <div class=\"product-highlight__actions\">\n                                <a\n                      class=\"product-highlight__single-action\"\n                      href=\"#\"\n                      data-scroll=\"detail-shots__section\"\n                  >\n                      Discover more \u2192\n                  <\/a>\n                            \n            <\/div>\n          <\/div>\n        <\/div>\n      <\/div>\n    <\/div>\n                        <div class=\"product-highlight__variations-wrapper\">\n            <div class=\"product-highlight__variations-inner\">\n                <h2 class=\"product-highlight__h2\">\n                                                                                Farbvariationen\n                <\/h2>\n                                    <div class=\"product-highlight__variations\">\n                        \n                        <div class=\"product-highlight__variations__single\">\n                            <img decoding=\"async\" src=\"https:\/\/www.ranqer.com\/wp-content\/uploads\/2024\/02\/Ranqer-Monitor-Dual-Arm-RGB-wit-1-e1707398338855.png\" loading=\"lazy\" alt=\"\" class=\"product-highlight__variations__img\">\n                        <\/div>\n\n                        \n                                                  <div class=\"product-highlight__variations__single\">\n                              <img decoding=\"async\" src=\"https:\/\/www.ranqer.com\/wp-content\/uploads\/2024\/02\/Ranqer-Monitor-Arm-Dual-RGB-space-gray-.png\" loading=\"lazy\" alt=\"\" class=\"product-highlight__variations__img\">\n                          <\/div>\n                                            <\/div>\n                                <div class=\"product-highlight__variations__hint-wrapper\">\n                    <img decoding=\"async\" src=\"https:\/\/www.ranqer.com\/wp-content\/themes\/vallonic-ranqer\/dist\/images\/vallonic__ranqer-com__icons__cursor-pointer__88bec8_d23ff121.svg\" loading=\"lazy\" alt=\"\" class=\"product-highlight__variations__hint-icon\">\n                    <div class=\"product-highlight__variations__hint\">\n                        Zum Vergr\u00f6\u00dfern anklicken\n                    <\/div>\n                <\/div>\n            <\/div>\n        <\/div>\n    \n    <img decoding=\"async\" src=\"https:\/\/www.ranqer.com\/wp-content\/themes\/vallonic-ranqer\/dist\/images\/vallonic__ranqer-com__product-highlight__decorative-elements_7b623bd8.svg\" loading=\"lazy\" alt=\"\" class=\"product-highlight__decoration\">\n<\/div>\n\n\n<div class=\"section--detail-shots wf-section\">\n    <div class=\"container w-container\">\n        <h2 class=\"generic-typography__section-title\">\n                                                DAS QUALIT\u00c4TSVERSPRECHEN <span class=\"collection__title__orange\">VON RANQER<\/span> \n        <\/h2>\n    <\/div>\n                                    \n\n              <div class=\"detail-shots__section is--first\">\n                  <div class=\"detail-shots__image-column\">\n                      <img decoding=\"async\" src=\"https:\/\/www.ranqer.com\/wp-content\/uploads\/2024\/04\/ranqer_monitor_arm_pro_rgb_single_white_6.jpg\" loading=\"lazy\" alt=\"\" class=\"detail-shots__single-image\">\n                  <\/div>\n                  <div class=\"detail-shots__desc-column is--right\">\n                      <div class=\"detail-shots__desc-column__inner is--right\">\n                          <h3 class=\"detail-shots__desc-title\">\n                              \u00c4STHETISCHES DESIGN\n                          <\/h3>\n                          <h4 class=\"generic-typography__sub-title bottom--15 top--0\">\n                              Verbessern Sie Ihren Arbeitsbereich\n                          <\/h4>\n                          <p class=\"generic-typography__paragraph\">\n                              Der Ranqer Dual Arm Pro RGB verk\u00f6rpert Langlebigkeit vom Feinsten. Er verf\u00fcgt \u00fcber ein robustes Design, das sorgf\u00e4ltig gefertigt wurde, um den Strapazen des t\u00e4glichen Gebrauchs standzuhalten. Entwickelt mit hochwertigen Materialien und Pr\u00e4zisionskonstruktion.\n                          <\/p>\n                      <\/div>\n                  <\/div>\n              <\/div>\n                                                            <div class=\"detail-shots__section \">\n                    <div class=\"detail-shots__desc-column is--left\">\n                        <div class=\"detail-shots__desc-column__inner is--left\">\n                            <h3 class=\"detail-shots__desc-title\">\n                                EINSTELLBAR\n                            <\/h3>\n                            <h4 class=\"generic-typography__sub-title bottom--15 top--0\">\n                                Positionieren Sie Ihren Monitor in verschiedenen Blickwinkeln\n                            <\/h4>\n                            <p class=\"generic-typography__paragraph\">\n                                Entdecken Sie die un\u00fcbertroffene Anpassungsf\u00e4higkeit des Ranqer Pro Dual RGB Monitorarms, der Ihren Arbeitsbereich revolutioniert. Dieser sorgf\u00e4ltig konstruierte Monitorarm bietet ma\u00dfgeschneiderte H\u00f6heneinstellungsoptionen, mit denen Sie Ihren Bildschirm m\u00fchelos anheben oder absenken k\u00f6nnen, um ihn genau an Ihre Augenh\u00f6he anzupassen. Seine fortschrittliche Neigungsfunktion bietet eine unvergleichliche Kontrolle, mit der Sie Ihren Monitor mit Finesse neigen k\u00f6nnen, um h\u00f6chsten Sehkomfort zu erreichen, Nackenverspannungen zu lindern und die Produktivit\u00e4t zu steigern.\n                            <\/p>\n                        <\/div>\n                    <\/div>\n                    <div class=\"detail-shots__image-column\">\n                        <img decoding=\"async\" src=\"https:\/\/www.ranqer.com\/wp-content\/uploads\/2024\/04\/ranqer_monitor_arm_pro_rgb_single_white_7.jpg\" loading=\"lazy\" alt=\"\" class=\"detail-shots__single-image\">\n                    <\/div>\n                <\/div>\n                                            \n\n              <div class=\"detail-shots__section \">\n                  <div class=\"detail-shots__image-column\">\n                      <img decoding=\"async\" src=\"https:\/\/www.ranqer.com\/wp-content\/uploads\/2024\/04\/blanco_pagina_kopie_243_copy_262_2.jpg\" loading=\"lazy\" alt=\"\" class=\"detail-shots__single-image\">\n                  <\/div>\n                  <div class=\"detail-shots__desc-column is--right\">\n                      <div class=\"detail-shots__desc-column__inner is--right\">\n                          <h3 class=\"detail-shots__desc-title\">\n                              EINGEBAUTE RGB-BELEUCHTUNG\n                          <\/h3>\n                          <h4 class=\"generic-typography__sub-title bottom--15 top--0\">\n                              Beleuchten Sie Ihren Schreibtisch\n                          <\/h4>\n                          <p class=\"generic-typography__paragraph\">\n                              Mit den anpassbaren RGB-Beleuchtungsoptionen k\u00f6nnen Sie die Atmosph\u00e4re an Ihre Stimmung oder \u00e4sthetischen Vorlieben anpassen. Egal, ob Sie bis sp\u00e4t in die Nacht arbeiten, spielen oder einfach nur die Atmosph\u00e4re Ihres Arbeitsplatzes verbessern m\u00f6chten, die RGB-Beleuchtung des Ranqer Monitorarms ist die perfekte L\u00f6sung.\n                          <\/p>\n                      <\/div>\n                  <\/div>\n              <\/div>\n                        <\/div>\n\n\n<div class=\"section--double-p wf-section\">\n    <div class=\"container w-container\">\n        <div class=\"double-p__title-wrapper\">\n                            <h2 class=\"double-p__main-title is--large\">\n                                        DEFINIERE<strong class=\"double-p__main-title__orange\"> KOMFORT UND PRODUKTIVIT\u00c4T<\/strong> NEU\n                <\/h2>\n\n                <h3 class=\"double-p__main-title is--sub\">\n                                        DOPPELTE<strong class=\"double-p__main-title__orange\"> ERGONOMISCHE<\/strong> MONITORHALTERUNG\n                <\/h3>\n                    <\/div>\n                    <div class=\"double-p__grid\">\n                                    <div class=\"double-p__block\">\n                        <h3 class=\"generic-typography__sub-title bottom--15 top--0\">F\u00fcr den ausdauernden, selbstbewussten Gamer<\/h3>\n                                                    <p class=\"generic-typography__paragraph\">Egal, ob Sie in einem Gro\u00dfraumb\u00fcro, von zu Hause aus oder in einem privaten B\u00fcro arbeiten, die Ranqer-Monitorhalterungen sind so konzipiert, dass sie professionell aussehen und Komfort bieten. Modern, schlank und erschwinglich &#8211; drei Worte, die die Ranqer Doppelarm-Monitore perfekt beschreiben. Wenn Sie wie ein professioneller Gamer aussehen oder Ihr B\u00fcro aufpeppen wollen, werden Sie den passenden Monitorarm f\u00fcr sich finden. Neben der unglaublichen Unterst\u00fctzung, die sie bieten, sehen die Ranqer-Monitorarme modern und zeitlos aus.<\/p>\n\n                                            <\/div>\n                                    <div class=\"double-p__block\">\n                        <h3 class=\"generic-typography__sub-title bottom--15 top--0\"><\/h3>\n                                                    <p class=\"generic-typography__paragraph\">Der Ranqer-Monitorarm ist ein wahrer Multitasker in Ihrem Arbeitsbereich. Mit seiner Vielseitigkeit passt er sich m\u00fchelos an Ihre Bed\u00fcrfnisse an. Egal, ob Sie einen einzelnen Bildschirm f\u00fcr ein schlankes Setup oder mehrere Bildschirme f\u00fcr maximale Produktivit\u00e4t bevorzugen, der Ranqer-Monitorarm bietet die Flexibilit\u00e4t, die Sie ben\u00f6tigen. Er ist h\u00f6henverstellbar, neigbar und drehbar und bietet so unendlich viele M\u00f6glichkeiten, Ihre Bildschirme genau so zu positionieren, wie Sie es w\u00fcnschen. Erleben Sie die Freiheit, Ihren Arbeitsplatz mit dem Ranqer-Monitorarm zu personalisieren.<\/p>\n\n                                            <\/div>\n                            <\/div>\n            <\/div>\n<\/div>\n\n\n<div class=\"section--selling-points  wf-section\">\n    <div class=\"container w-container\">\n                                <div class=\"selling-points__title\">\n                            <h2 class=\"generic-typography__section-title\">\n                    Unsere <span class=\"collection__title__orange\">St\u00e4rken<\/span>\n                <\/h2>\n                    <\/div>\n        <div class=\"selling-points__grid\">\n                                                <div class=\"selling-points__single\">\n                        <div class=\"selling-points__single__inner\">\n                            <div class=\"selling-points__single__text\">\n                                H\u00f6chst ergonomisch\n                            <\/div>\n                            <div class=\"selling-points__single__icon-wrapper\">\n                                <img decoding=\"async\" src=\"https:\/\/www.ranqer.com\/wp-content\/themes\/vallonic-ranqer\/dist\/images\/vallonic__ranqer-com__icons__ergonomic__orange_46a0c9d8.svg\" loading=\"lazy\" width=\"21\" alt=\"\" class=\"selling-points__single__icon\">\n                            <\/div>\n                        <\/div>\n                    <\/div>\n                                    <div class=\"selling-points__single\">\n                        <div class=\"selling-points__single__inner\">\n                            <div class=\"selling-points__single__text\">\n                                Vom Racing inspiriert\n                            <\/div>\n                            <div class=\"selling-points__single__icon-wrapper\">\n                                <img decoding=\"async\" src=\"https:\/\/www.ranqer.com\/wp-content\/themes\/vallonic-ranqer\/dist\/images\/vallonic__ranqer-com__icons__racing__orange_7c54f02f.svg\" loading=\"lazy\" width=\"21\" alt=\"\" class=\"selling-points__single__icon\">\n                            <\/div>\n                        <\/div>\n                    <\/div>\n                                    <div class=\"selling-points__single\">\n                        <div class=\"selling-points__single__inner\">\n                            <div class=\"selling-points__single__text\">\n                                Niederl\u00e4ndisches Design\n                            <\/div>\n                            <div class=\"selling-points__single__icon-wrapper\">\n                                <img decoding=\"async\" src=\"https:\/\/www.ranqer.com\/wp-content\/themes\/vallonic-ranqer\/dist\/images\/vallonic__ranqer-com__icons__design__orange_5cb9e4bc.svg\" loading=\"lazy\" width=\"21\" alt=\"\" class=\"selling-points__single__icon\">\n                            <\/div>\n                        <\/div>\n                    <\/div>\n                                    <\/div>\n                            <div class=\"selling-points__cta-wrapper\">\n                <a\n                    href=\"#\"\n                    data-scroll=\"section--dealers\"\n                    class=\"selling-points__cta\"\n                >\n                    Jetzt bestellen\n                <\/a>\n            <\/div>\n            <\/div>\n<\/div>\n\n\n<div class=\"section--dealers wf-section\" id=\"dealers\">\n    <div class=\"container w-container\">\n        <div class=\"dealers__description-grid\">\n            <div class=\"dealers__desc-column\">\n                <h2 class=\"generic-typography__section-title\">\n                                                                                UNSER AUGE F\u00dcR <span class=\"collection__title__orange\">DETAILS<\/span>\n                <\/h2>\n                <h3 class=\"generic-typography__sub-title bottom--15\">\n                    Jetzt kaufen\n                <\/h3>\n                <p class=\"generic-typography__paragraph\">\n                    Gro\u00dfer Komfort und tolles Design. Ranqer Gaming-St\u00fchle jetzt erh\u00e4ltlich. Verbessern Sie Ihr Gaming-Setup, indem Sie einen der vier luxuri\u00f6sen Gaming-St\u00fchle w\u00e4hlen.\n                <\/p>\n            <\/div>\n        <\/div>\n                    <div class=\"dealers__grid\">\n                                    <div class=\"dealers__single-dealer\">\n                        <a href=\"https:\/\/www.sbsupply.de\/ranqer--built-in-rgb-lightning--2-screens?_gl=1*1brisva*_up*MQ..*_ga*OTY0NTE1MzQzLjE3MTI3NjExMDM.*_ga_5NFFFVXQE1*MTcxMjc2MTEwMi4xLjEuMTcxMjc2MTEwNC4wLjAuMA..\" class=\"dealers__single__a w-inline-block\" target=\"_blank\" rel=\"noopener\">\n                            <img decoding=\"async\" src=\"https:\/\/www.ranqer.com\/wp-content\/uploads\/2021\/09\/sbsupply-logo-500x1000-1.png\" loading=\"lazy\" alt=\"\" class=\"dealers__single__logo-img\">\n                            <div class=\"dealers__single__details\">\n                                                            <div class=\"dealers__single__countries\">\n                                                                                                          <div class=\"dealers__single__countries__single\">Deutschland<\/div>\n                                                                <\/div>\n                              <img decoding=\"async\" src=\"https:\/\/www.ranqer.com\/wp-content\/themes\/vallonic-ranqer\/dist\/images\/vallonic__ranqer-com__icons__arrow-right__orange_143c2b49.svg\" loading=\"lazy\" alt=\"\" class=\"dealers__single__arrow-right\">\n                            <\/div>\n                        <\/a>\n                    <\/div>\n                            <\/div>\n                            <\/div>\n<\/div>\n\n\n<div class=\"section--product-downloads bottom--0 wf-section\">\n    <div class=\"container w-container\">\n        <div class=\"product-downloads__grid\">\n            <div class=\"product-downloads__column\">\n                <h2 class=\"generic-typography__section-title\">\n                                        PRODUKT\u00dcBERSICHT\n                <\/h2>\n                <h3 class=\"generic-typography__sub-title bottom--15\">\n                    Spezifikationen\n                <\/h3>\n                <p class=\"generic-typography__paragraph\">\n                    <p>Geeignet f\u00fcr Bildschirmgr\u00f6\u00dfe: 27&#8243;-35&#8243;<br \/>\nGeeignet f\u00fcr gebogene Bildschirme: Ja<br \/>\nMaximales Gewicht (pro Bildschirm): 2~14 kg (Gebogener Bildschirm: 12 kg)<br \/>\nVESA-kompatibel: 75&#215;75, 100&#215;100<br \/>\nNeigungsbereich: +40\u00b0~-40\u00b0<br \/>\nRotationsbereich: +90\u00b0~-90\u00b0<br \/>\nBildschirm-Drehung: +180\u00b0~-180\u00b0<br \/>\nArm voll ausgefahren: 477 mm<\/p>\n\n                <\/p>\n                <div class=\"product-downloads__actions-grid\">\n                                    <\/div>\n            <\/div>\n            <div class=\"product-downloads__column\">\n                <div class=\"product-downloads__decoration-wrapper\">\n                    <img decoding=\"async\" src=\"https:\/\/www.ranqer.com\/wp-content\/uploads\/2024\/02\/Ranqer-Monitor-Dual-Arm-Pro-wit-1.png\" loading=\"lazy\" alt=\"\" class=\"product-downloads__decoration-img\">\n                <\/div>\n            <\/div>\n        <\/div>\n    <\/div>\n<\/div>\n","protected":false},"excerpt":{"rendered":"","protected":false},"author":27,"featured_media":0,"parent":0,"menu_order":0,"comment_status":"closed","ping_status":"closed","template":"","meta":{"footnotes":""},"categories":[],"tags":[],"class_list":["post-10881","page","type-page","status-publish","hentry"],"_links":{"self":[{"href":"https:\/\/www.ranqer.com\/de\/wp-json\/wp\/v2\/pages\/10881","targetHints":{"allow":["GET"]}}],"collection":[{"href":"https:\/\/www.ranqer.com\/de\/wp-json\/wp\/v2\/pages"}],"about":[{"href":"https:\/\/www.ranqer.com\/de\/wp-json\/wp\/v2\/types\/page"}],"author":[{"embeddable":true,"href":"https:\/\/www.ranqer.com\/de\/wp-json\/wp\/v2\/users\/27"}],"replies":[{"embeddable":true,"href":"https:\/\/www.ranqer.com\/de\/wp-json\/wp\/v2\/comments?post=10881"}],"version-history":[{"count":25,"href":"https:\/\/www.ranqer.com\/de\/wp-json\/wp\/v2\/pages\/10881\/revisions"}],"predecessor-version":[{"id":15283,"href":"https:\/\/www.ranqer.com\/de\/wp-json\/wp\/v2\/pages\/10881\/revisions\/15283"}],"wp:attachment":[{"href":"https:\/\/www.ranqer.com\/de\/wp-json\/wp\/v2\/media?parent=10881"}],"wp:term":[{"taxonomy":"category","embeddable":true,"href":"https:\/\/www.ranqer.com\/de\/wp-json\/wp\/v2\/categories?post=10881"},{"taxonomy":"post_tag","embeddable":true,"href":"https:\/\/www.ranqer.com\/de\/wp-json\/wp\/v2\/tags?post=10881"}],"curies":[{"name":"wp","href":"https:\/\/api.w.org\/{rel}","templated":true}]}}